{"id":100292,"date":"2024-04-06T21:39:56","date_gmt":"2024-04-06T19:39:56","guid":{"rendered":"https:\/\/thirdstage.eu\/startseite\/"},"modified":"2024-04-29T12:19:25","modified_gmt":"2024-04-29T10:19:25","slug":"startseite","status":"publish","type":"page","link":"https:\/\/thirdstage.eu\/de\/","title":{"rendered":"Startseite"},"content":{"rendered":"","protected":false},"excerpt":{"rendered":"","protected":false},"author":10171,"featured_media":88852,"parent":0,"menu_order":0,"comment_status":"closed","ping_status":"closed","template":"views\/front-page.blade.php","meta":{"_acf_changed":false,"inline_featured_image":false,"footnotes":""},"acf":[],"yoast_head":"<!-- This site is optimized with the Yoast SEO plugin v24.5 - https:\/\/yoast.com\/wordpress\/plugins\/seo\/ -->\n<title>Third Stage - Theater. Live. Irgendwo.<\/title>\n<meta name=\"description\" content=\"In einer bemerkenswerten Mischung aus Kultur und Technologie \u00fcberwindet Third Stage geografische und physische Barrieren und erm\u00f6glicht so den Zugang zu qualitativ hochwertigem Theater f\u00fcr alle\" \/>\n<meta name=\"robots\" content=\"index, follow, max-snippet:-1, max-image-preview:large, max-video-preview:-1\" \/>\n<link rel=\"canonical\" href=\"https:\/\/thirdstage.eu\/de\/\" \/>\n<meta property=\"og:locale\" content=\"de_DE\" \/>\n<meta property=\"og:type\" content=\"article\" \/>\n<meta property=\"og:title\" content=\"Third Stage - Theater. Live. Irgendwo.\" \/>\n<meta property=\"og:description\" content=\"In einer bemerkenswerten Mischung aus Kultur und Technologie \u00fcberwindet Third Stage geografische und physische Barrieren und erm\u00f6glicht so den Zugang zu qualitativ hochwertigem Theater f\u00fcr alle\" \/>\n<meta property=\"og:url\" content=\"https:\/\/thirdstage.eu\/de\/\" \/>\n<meta property=\"og:site_name\" content=\"ThirdStage.eu\" \/>\n<meta property=\"article:publisher\" content=\"https:\/\/thirdstage.eu\" \/>\n<meta property=\"article:modified_time\" content=\"2024-04-29T10:19:25+00:00\" \/>\n<meta property=\"og:image\" content=\"https:\/\/thirdstage.eu\/wp-content\/uploads\/2020\/12\/2020_3o_header_hero.jpg\" \/>\n\t<meta property=\"og:image:width\" content=\"2000\" \/>\n\t<meta property=\"og:image:height\" content=\"1250\" \/>\n\t<meta property=\"og:image:type\" content=\"image\/jpeg\" \/>\n<meta name=\"twitter:card\" content=\"summary_large_image\" \/>\n<meta name=\"twitter:label1\" content=\"Gesch\u00e4tzte Lesezeit\" \/>\n\t<meta name=\"twitter:data1\" content=\"1\u00a0Minute\" \/>\n<script type=\"application\/ld+json\" class=\"yoast-schema-graph\">{\"@context\":\"https:\/\/schema.org\",\"@graph\":[{\"@type\":\"WebPage\",\"@id\":\"https:\/\/thirdstage.eu\/de\/\",\"url\":\"https:\/\/thirdstage.eu\/de\/\",\"name\":\"Third Stage - Theater. Live. Irgendwo.\",\"isPartOf\":{\"@id\":\"https:\/\/thirdstage.eu\/de\/#website\"},\"primaryImageOfPage\":{\"@id\":\"https:\/\/thirdstage.eu\/de\/#primaryimage\"},\"image\":{\"@id\":\"https:\/\/thirdstage.eu\/de\/#primaryimage\"},\"thumbnailUrl\":\"https:\/\/thirdstage.eu\/wp-content\/uploads\/2020\/12\/2020_3o_header_hero.jpg\",\"datePublished\":\"2024-04-06T19:39:56+00:00\",\"dateModified\":\"2024-04-29T10:19:25+00:00\",\"description\":\"In einer bemerkenswerten Mischung aus Kultur und Technologie \u00fcberwindet Third Stage geografische und physische Barrieren und erm\u00f6glicht so den Zugang zu qualitativ hochwertigem Theater f\u00fcr alle\",\"inLanguage\":\"de\",\"potentialAction\":[{\"@type\":\"ReadAction\",\"target\":[\"https:\/\/thirdstage.eu\/de\/\"]}]},{\"@type\":\"ImageObject\",\"inLanguage\":\"de\",\"@id\":\"https:\/\/thirdstage.eu\/de\/#primaryimage\",\"url\":\"https:\/\/thirdstage.eu\/wp-content\/uploads\/2020\/12\/2020_3o_header_hero.jpg\",\"contentUrl\":\"https:\/\/thirdstage.eu\/wp-content\/uploads\/2020\/12\/2020_3o_header_hero.jpg\",\"width\":2000,\"height\":1250},{\"@type\":\"WebSite\",\"@id\":\"https:\/\/thirdstage.eu\/de\/#website\",\"url\":\"https:\/\/thirdstage.eu\/de\/\",\"name\":\"thirdstage.eu\",\"description\":\"Third Stage - Theatre. Online. Anywhere\",\"publisher\":{\"@id\":\"https:\/\/thirdstage.eu\/de\/#organization\"},\"alternateName\":\"ThirdStage\",\"potentialAction\":[{\"@type\":\"SearchAction\",\"target\":{\"@type\":\"EntryPoint\",\"urlTemplate\":\"https:\/\/thirdstage.eu\/de\/?s={search_term_string}\"},\"query-input\":{\"@type\":\"PropertyValueSpecification\",\"valueRequired\":true,\"valueName\":\"search_term_string\"}}],\"inLanguage\":\"de\"},{\"@type\":\"Organization\",\"@id\":\"https:\/\/thirdstage.eu\/de\/#organization\",\"name\":\"thirdstage.eu\",\"url\":\"https:\/\/thirdstage.eu\/de\/\",\"logo\":{\"@type\":\"ImageObject\",\"inLanguage\":\"de\",\"@id\":\"https:\/\/thirdstage.eu\/de\/#\/schema\/logo\/image\/\",\"url\":\"https:\/\/thirdstage.eu\/wp-content\/uploads\/2023\/11\/2020_3o_footer_logo_eng.png\",\"contentUrl\":\"https:\/\/thirdstage.eu\/wp-content\/uploads\/2023\/11\/2020_3o_footer_logo_eng.png\",\"width\":692,\"height\":148,\"caption\":\"thirdstage.eu\"},\"image\":{\"@id\":\"https:\/\/thirdstage.eu\/de\/#\/schema\/logo\/image\/\"},\"sameAs\":[\"https:\/\/thirdstage.eu\",\"https:\/\/www.instagram.com\/thirdstage.eu\/\"]}]}<\/script>\n<!-- \/ Yoast SEO plugin. -->","yoast_head_json":{"title":"Third Stage - Theater. Live. Irgendwo.","description":"In einer bemerkenswerten Mischung aus Kultur und Technologie \u00fcberwindet Third Stage geografische und physische Barrieren und erm\u00f6glicht so den Zugang zu qualitativ hochwertigem Theater f\u00fcr alle","robots":{"index":"index","follow":"follow","max-snippet":"max-snippet:-1","max-image-preview":"max-image-preview:large","max-video-preview":"max-video-preview:-1"},"canonical":"https:\/\/thirdstage.eu\/de\/","og_locale":"de_DE","og_type":"article","og_title":"Third Stage - Theater. Live. Irgendwo.","og_description":"In einer bemerkenswerten Mischung aus Kultur und Technologie \u00fcberwindet Third Stage geografische und physische Barrieren und erm\u00f6glicht so den Zugang zu qualitativ hochwertigem Theater f\u00fcr alle","og_url":"https:\/\/thirdstage.eu\/de\/","og_site_name":"ThirdStage.eu","article_publisher":"https:\/\/thirdstage.eu","article_modified_time":"2024-04-29T10:19:25+00:00","og_image":[{"width":2000,"height":1250,"url":"https:\/\/thirdstage.eu\/wp-content\/uploads\/2020\/12\/2020_3o_header_hero.jpg","type":"image\/jpeg"}],"twitter_card":"summary_large_image","twitter_misc":{"Gesch\u00e4tzte Lesezeit":"1\u00a0Minute"},"schema":{"@context":"https:\/\/schema.org","@graph":[{"@type":"WebPage","@id":"https:\/\/thirdstage.eu\/de\/","url":"https:\/\/thirdstage.eu\/de\/","name":"Third Stage - Theater. Live. Irgendwo.","isPartOf":{"@id":"https:\/\/thirdstage.eu\/de\/#website"},"primaryImageOfPage":{"@id":"https:\/\/thirdstage.eu\/de\/#primaryimage"},"image":{"@id":"https:\/\/thirdstage.eu\/de\/#primaryimage"},"thumbnailUrl":"https:\/\/thirdstage.eu\/wp-content\/uploads\/2020\/12\/2020_3o_header_hero.jpg","datePublished":"2024-04-06T19:39:56+00:00","dateModified":"2024-04-29T10:19:25+00:00","description":"In einer bemerkenswerten Mischung aus Kultur und Technologie \u00fcberwindet Third Stage geografische und physische Barrieren und erm\u00f6glicht so den Zugang zu qualitativ hochwertigem Theater f\u00fcr alle","inLanguage":"de","potentialAction":[{"@type":"ReadAction","target":["https:\/\/thirdstage.eu\/de\/"]}]},{"@type":"ImageObject","inLanguage":"de","@id":"https:\/\/thirdstage.eu\/de\/#primaryimage","url":"https:\/\/thirdstage.eu\/wp-content\/uploads\/2020\/12\/2020_3o_header_hero.jpg","contentUrl":"https:\/\/thirdstage.eu\/wp-content\/uploads\/2020\/12\/2020_3o_header_hero.jpg","width":2000,"height":1250},{"@type":"WebSite","@id":"https:\/\/thirdstage.eu\/de\/#website","url":"https:\/\/thirdstage.eu\/de\/","name":"thirdstage.eu","description":"Third Stage - Theatre. Online. Anywhere","publisher":{"@id":"https:\/\/thirdstage.eu\/de\/#organization"},"alternateName":"ThirdStage","potentialAction":[{"@type":"SearchAction","target":{"@type":"EntryPoint","urlTemplate":"https:\/\/thirdstage.eu\/de\/?s={search_term_string}"},"query-input":{"@type":"PropertyValueSpecification","valueRequired":true,"valueName":"search_term_string"}}],"inLanguage":"de"},{"@type":"Organization","@id":"https:\/\/thirdstage.eu\/de\/#organization","name":"thirdstage.eu","url":"https:\/\/thirdstage.eu\/de\/","logo":{"@type":"ImageObject","inLanguage":"de","@id":"https:\/\/thirdstage.eu\/de\/#\/schema\/logo\/image\/","url":"https:\/\/thirdstage.eu\/wp-content\/uploads\/2023\/11\/2020_3o_footer_logo_eng.png","contentUrl":"https:\/\/thirdstage.eu\/wp-content\/uploads\/2023\/11\/2020_3o_footer_logo_eng.png","width":692,"height":148,"caption":"thirdstage.eu"},"image":{"@id":"https:\/\/thirdstage.eu\/de\/#\/schema\/logo\/image\/"},"sameAs":["https:\/\/thirdstage.eu","https:\/\/www.instagram.com\/thirdstage.eu\/"]}]}},"_links":{"self":[{"href":"https:\/\/thirdstage.eu\/de\/wp-json\/wp\/v2\/pages\/100292"}],"collection":[{"href":"https:\/\/thirdstage.eu\/de\/wp-json\/wp\/v2\/pages"}],"about":[{"href":"https:\/\/thirdstage.eu\/de\/wp-json\/wp\/v2\/types\/page"}],"author":[{"embeddable":true,"href":"https:\/\/thirdstage.eu\/de\/wp-json\/wp\/v2\/users\/10171"}],"replies":[{"embeddable":true,"href":"https:\/\/thirdstage.eu\/de\/wp-json\/wp\/v2\/comments?post=100292"}],"version-history":[{"count":19,"href":"https:\/\/thirdstage.eu\/de\/wp-json\/wp\/v2\/pages\/100292\/revisions"}],"predecessor-version":[{"id":105505,"href":"https:\/\/thirdstage.eu\/de\/wp-json\/wp\/v2\/pages\/100292\/revisions\/105505"}],"wp:featuredmedia":[{"embeddable":true,"href":"https:\/\/thirdstage.eu\/de\/wp-json\/wp\/v2\/media\/88852"}],"wp:attachment":[{"href":"https:\/\/thirdstage.eu\/de\/wp-json\/wp\/v2\/media?parent=100292"}],"curies":[{"name":"wp","href":"https:\/\/api.w.org\/{rel}","templated":true}]}}