{"id":96706,"date":"2020-02-01T23:02:02","date_gmt":"2020-02-01T22:02:02","guid":{"rendered":"https:\/\/thirdstage.eu\/allgemeine-geschaeftsbedingungen\/"},"modified":"2024-04-07T10:32:14","modified_gmt":"2024-04-07T08:32:14","slug":"allgemeine-geschaeftsbedingungen","status":"publish","type":"page","link":"https:\/\/thirdstage.eu\/de\/allgemeine-geschaeftsbedingungen\/","title":{"rendered":"Allgemeine Gesch\u00e4ftsbedingungen"},"content":{"rendered":"<p>&nbsp;<\/p>\n<p>&nbsp;<\/p>\n<h1>Schutz personenbezogener Daten<\/h1>\n<p>Periskop d.o.o. (im Folgenden als &#8220;Verantwortlicher&#8221; bezeichnet) respektiert die Privatsph\u00e4re aller Besucher unserer Webseiten (im Folgenden als &#8220;Nutzer&#8221; bezeichnet). Die Erhebung, Verarbeitung und Nutzung von Daten erfolgt in \u00dcbereinstimmung mit den geltenden slowenischen (Gesetz \u00fcber den Schutz personenbezogener Daten: ZVOP-1) und der EU-Gesetzgebung im Bereich des Schutzes personenbezogener Daten (DSGVO \u2013 Datenschutz-Grundverordnung).<\/p>\n<p>Wir erheben und verarbeiten personenbezogene Daten (Vor- und Nachnamen, E-Mail-Adressen), um Sie \u00fcber das Programm und die besonderen Leistungen von Periskop d.o.o. zu informieren, um unsere Dienstleistungen zu bewerten und nur, wenn Sie sich freiwillig daf\u00fcr entscheiden. In unserer Erhebung personenbezogener Daten speichern wir die Namen und E-Mail-Adressen, die wir durch das Abonnieren von E-News auf der www.thirdstage.eu &#8211; Website und mit Einwilligungen erhalten haben, Sie beim Kauf in unserem Online-Shop zu informieren. In allen genannten F\u00e4llen erkl\u00e4ren Sie sich mit diesen Nutzungsbedingungen einverstanden. Die so gewonnenen personenbezogenen Daten speichern wir nur bis zu Ihrem Widerruf. Falls Sie unsere Inhalte nicht mehr erhalten m\u00f6chten, haben Sie jederzeit die M\u00f6glichkeit, sich abzumelden. Zum Zeitpunkt der Abmeldung werden wir Ihre Daten auch aus allen unseren personenbezogenen Datensammlungen l\u00f6schen.<\/p>\n<p>In unserer Datenbank mit personenbezogenen Daten erheben und verarbeiten wir auch personenbezogene Daten (Vor- und Nachnamen, E-Mail-Adressen) von ALLEN ONLINE-K\u00c4UFERN, nur zum Zweck der Kommunikation mit dem Kunden im Zusammenhang mit dem Kauf unserer Dienstleistungen und der \u00dcberpr\u00fcfung der Kundenzufriedenheit in Bezug auf den Kaufgegenstand. Nach Erbringung der Dienstleistung werden alle erhobenen personenbezogenen Daten aus allen Datenbanken gel\u00f6scht.<\/p>\n<p>Der Administrator gew\u00e4hrleistet ein hohes Ma\u00df an Schutz personenbezogener Daten und verpflichtet sich, alle erhaltenen personenbezogenen Daten sorgf\u00e4ltig zu speichern und nur f\u00fcr die oben beschriebenen Zwecke zu verwenden. Um die Qualit\u00e4t unserer Dienstleistungen zu verbessern und zu statistischen Zwecken, verarbeiten wir auch Daten \u00fcber die Anzeige empfangener Nachrichten und Klicks auf Links in empfangenen Nachrichten.<\/p>\n<p>Die gewonnenen Daten werden nicht genutzt, verarbeitet oder an Dritte weitergegeben, soweit dies \u00fcber die gesetzlich zul\u00e4ssigen Grenzen oder Ihre Einwilligung hinausgeht. Wir geben Daten nur weiter, wenn wir aufgrund beh\u00f6rdlicher Anfragen oder gerichtlicher Anordnungen dazu verpflichtet sind.<\/p>\n<p>Der Benutzer antwortet, dass alle \u00fcbermittelten Daten wahr und korrekt sind. Der Administrator ist nicht verantwortlich f\u00fcr die Folgen falscher Daten.<\/p>\n<p>Um eine faire und transparente Verarbeitung der erhobenen personenbezogenen Daten zu gew\u00e4hrleisten, hat der Nutzer das Recht, von dem f\u00fcr die Verarbeitung Verantwortlichen Zugang zu personenbezogenen Daten und die Berichtigung oder L\u00f6schung personenbezogener Daten oder die Einschr\u00e4nkung der Verarbeitung in Bezug auf die betroffene Person zu verlangen oder der Verarbeitung zu widersprechen und das Recht auf Daten\u00fcbertragbarkeit.<\/p>\n<p>Der Nutzer hat das Recht, beim Datenschutzbeauftragten eine Beschwerde \u00fcber die Erhebung und Verarbeitung der ihn betreffenden personenbezogenen Daten einzureichen.<\/p>\n<p>Der Benutzer ist auch selbst f\u00fcr den Schutz personenbezogener Daten verantwortlich, indem er sich um die Sicherheit seines Benutzernamens und Passworts, die Sicherheit seines E-Mail-Postfachs und den entsprechenden Softwareschutz (Antivirus) des Ger\u00e4ts k\u00fcmmert, mit dem er die Website besucht.<\/p>\n<h2><\/h2>\n<h2>Haftungsbeschr\u00e4nkung<\/h2>\n<p><span style=\"font-weight: 400;\">Der Administrator beh\u00e4lt sich das Recht vor, auf allen seinen Websites Fehler zu machen, sowohl im Bild- als auch im Textteil, und \u00fcbernimmt keine Verantwortung daf\u00fcr.<\/span><\/p>\n<p><span style=\"font-weight: 400;\">Der Administrator ist nicht verantwortlich f\u00fcr den Ausfall der Leistung im Falle von Problemen mit der Internetverbindung oder technischen Problemen auf der Seite des Betrachters\/K\u00e4ufers.<\/span><\/p>\n<p><span style=\"font-weight: 400;\">Der Administrator beh\u00e4lt sich das Recht vor, diese Website und diese Bedingungen jederzeit ohne besondere Genehmigung oder Benachrichtigung des Benutzers dar\u00fcber zu \u00e4ndern. Die ge\u00e4nderten Nutzungsbedingungen treten jedoch an dem Tag in Kraft, an dem die \u00c4nderungen auf der Website ver\u00f6ffentlicht werden.<\/span><\/p>\n<p><span style=\"font-weight: 400;\">Die vorstehend beschriebenen Nutzungsbedingungen gelten nicht f\u00fcr externe Websites, die \u00fcber auf unserer Website bereitgestellte Hyperlinks erreicht werden k\u00f6nnen.<\/span><\/p>\n<p><span style=\"font-weight: 400;\">Durch das Betrachten der Inhalte dieser Website, das Abonnieren von E-News und\/oder die Nutzung des Kontaktformulars erkl\u00e4ren Sie sich automatisch mit allen oben beschriebenen Nutzungsbedingungen einverstanden.<\/span><\/p>\n<p><strong>Kontaktangaben<\/strong><\/p>\n<p><span style=\"font-weight: 400;\">Periskop d.o.o.<\/span><\/p>\n<p><span style=\"font-weight: 400;\">Ulica bratov U\u010dakar 60<\/span><\/p>\n<p><span style=\"font-weight: 400;\">1000 Ljubljana<\/span><\/p>\n<p>Slovenia<\/p>\n<p><span style=\"font-weight: 400;\">info@thirdstage.eu<\/span><\/p>\n<h2><\/h2>\n<h2>Geschenk-Tickets<\/h2>\n<p>Durch den Kauf eines Geschenkgutscheins erh\u00e4lt der K\u00e4ufer einen eindeutigen Code an die E-Mail-Adresse, den er an jede Person weitergeben kann. L\u00f6sen Sie den Code auf <a href=\"https:\/\/thirdstage.eu\/de\/\">www.thirdstage.eu<\/a> ein und tauschen Sie ihn gegen ein Vorstellungsdatum Ihrer Wahl. <b class=\"\">Die Geschenkkarten k\u00f6nnen f\u00fcr die Vorstellung und das Datum eingel\u00f6st werden, die Sie beim Kauf der Geschenkkarte ausgew\u00e4hlt haben.<\/b><\/p>\n<h2><\/h2>\n<h2>Zahlungsmethoden<\/h2>\n<p><span style=\"font-weight: 400;\">Sie k\u00f6nnen auf www.thirdstage.eu mit den folgenden Zahlungsmitteln einkaufen:<\/span><\/p>\n<ul>\n<li style=\"font-weight: 400;\"><span style=\"font-weight: 400;\">Kreditkarten<\/span><\/li>\n<li style=\"font-weight: 400;\"><span style=\"font-weight: 400;\">Zahl-Kumpel<\/span><\/li>\n<li>GoCrypto<\/li>\n<\/ul>\n<p><span style=\"font-weight: 400;\"><br \/>\nACHTUNG: Das System zur Bezahlung mit Kreditkarte liegt nicht in der Verantwortung des Ticketanbieters (thirdstage.eu Website), die Bezahlung erfolgt \u00fcber Stripe! Alle Zahlungsbedingungen und Sicherheitsprotokolle werden von Stripe festgelegt und ausgef\u00fchrt.<\/span><\/p>\n<h2><\/h2>\n<h2>Tickets kaufen &#8211; CVC-Code eingeben<\/h2>\n<p><span style=\"font-weight: 400;\">Beim Kauf mit Kreditkarten ist es zwingend erforderlich, den CVC-Code der Zahlungskarte einzugeben. Der Code ist die letzte 3- oder 4-stellige Zahl auf der R\u00fcckseite der Bankkarte im Unterschriftseingabefeld.<\/span><\/p>\n<h2><\/h2>\n<h2>Status des Kaufs<\/h2>\n<p><span style=\"font-weight: 400;\">Unter <\/span><b>&#8220;Mein Konto&#8221;<\/b><span style=\"font-weight: 400;\"> Benutzer k\u00f6nnen (nach Vorregistrierung) den Status der Eink\u00e4ufe \u00fcberpr\u00fcfen. Die \u00dcberpr\u00fcfung umfasst alle erfolgreich abgeschlossenen Transaktionen mit Angabe von Leistungsnamen, Kaufdaten, Best\u00e4tigungsnummern und anderen Kaufinformationen. <\/span><\/p>\n<p><span style=\"font-weight: 400;\">Falls Sie mehrere Benutzernamen (unter verschiedenen E-Mail-Adressen) haben, achten Sie beim Anzeigen von Eink\u00e4ufen darauf, unter welchem Benutzernamen Sie angemeldet sind; Transaktionen sind an Ihren Benutzernamen gebunden!<\/span><\/p>\n<h2><\/h2>\n<h2>Der Online-Kauf ist endg\u00fcltig<\/h2>\n<p><span style=\"font-weight: 400;\">Bevor der K\u00e4ufer auf <strong>&#8220;Bezahlen<\/strong> &#8221; klickt, ist er verpflichtet, alle Informationen \u00fcber den Kauf (Datum und Betrag des Kaufs, Veranstalter, Name der Auff\u00fchrung, Anzahl der Sitzpl\u00e4tze usw.) sorgf\u00e4ltig zu \u00fcberpr\u00fcfen. Im letzten Feld vor der Zahlung ist es noch m\u00f6glich, jeden der Kaufartikel zu \u00e4ndern &#8211; Ereignis, Datum, Uhrzeit. Nach der Transaktion, die indirekt nach dem Anklicken der Zahlung erfolgt, sind \u00c4nderungen oder ein R\u00fccktritt vom Kauf nicht mehr m\u00f6glich.<\/span><\/p>\n<h2><\/h2>\n<h2>Fehler beim Kauf<\/h2>\n<p><span style=\"font-weight: 400;\">F\u00fcr den Fall, dass die Suchmaschine w\u00e4hrend des Kaufs eine Fehlermeldung ausgibt oder andere offensichtliche Probleme zum Zeitpunkt des Kaufs auftreten, \u00fcberpr\u00fcft der K\u00e4ufer zun\u00e4chst den Status der Eink\u00e4ufe im <\/span> <b>Abschnitt Mein Konto &#8211; Bestellungen<\/b>, bevor er es erneut versucht<span style=\"font-weight: 400;\">. Wenn keine Best\u00e4tigung f\u00fcr das gew\u00fcnschte Ereignis erfasst wird, wurde die Transaktion nicht durchgef\u00fchrt! <\/span><\/p>\n<p><span style=\"font-weight: 400;\">Der K\u00e4ufer stellt per E-Mail folgende Informationen \u00fcber den Kauf zur Verf\u00fcgung:<\/span><\/p>\n<p><span style=\"font-weight: 400;\">* Datum\/Uhrzeit des Kaufs;<\/span><\/p>\n<p><span style=\"font-weight: 400;\">* Titel der Auff\u00fchrung;<\/span><\/p>\n<p><span style=\"font-weight: 400;\">* Anzahl der Tickets;<\/span><\/p>\n<p><span style=\"font-weight: 400;\">* E-Mail-Adresse, die zum Zeitpunkt des Kaufs verwendet wurde;<\/span><\/p>\n<p><span style=\"font-weight: 400;\">* verwendete Zahlungsmethode;<\/span><\/p>\n<p><span style=\"font-weight: 400;\">* in welchem Schritt des Kaufs das Problem aufgetreten ist;<\/span><\/p>\n<p><span style=\"font-weight: 400;\">* Benachrichtigung, die angezeigt wurde.<\/span><\/p>\n<p><span style=\"font-weight: 400;\">Der Portalbetreiber tr\u00e4gt keine Verantwortung f\u00fcr die Folgen, die sich aus dem Vers\u00e4umnis des K\u00e4ufers ergeben, die erforderlichen Informationen \u00fcber den Kauf bereitzustellen.<\/span><\/p>\n<h2><\/h2>\n<h2>Datenschutzerkl\u00e4rung<\/h2>\n<p><span style=\"font-weight: 400;\">Durch den Besuch der Website erkl\u00e4ren Sie sich mit der Erfassung und Verwendung Ihrer Daten in \u00dcbereinstimmung mit den Richtlinien des Online-Shops einverstanden. Die Richtlinie des Online-Shops entspricht dem Gesetz \u00fcber den Schutz personenbezogener Daten (ZVOP-1, your.l.RS Nr. 86\/2004, 113\/2005)<\/span><\/p>\n<h2><\/h2>\n<h2>\u00c4nderungen der Datenschutzrichtlinie<\/h2>\n<p><span style=\"font-weight: 400;\">Wir behalten uns das Recht vor, diese Richtlinie jederzeit zu \u00e4ndern. Dabei werden wir Sie immer \u00fcber eine wesentliche \u00c4nderung der Richtlinie informieren, indem wir die \u00c4nderung auf der Startseite der Website ver\u00f6ffentlichen oder Ihnen eine Mitteilung \u00fcber die \u00c4nderung senden. <\/span><\/p>\n","protected":false},"excerpt":{"rendered":"<p>&nbsp; &nbsp; Schutz personenbezogener Daten Periskop d.o.o. (im Folgenden als &#8220;Verantwortlicher&#8221; bezeichnet) respektiert die Privatsph\u00e4re aller Besucher unserer Webseiten (im Folgenden als &#8220;Nutzer&#8221; bezeichnet). Die Erhebung, Verarbeitung und Nutzung von Daten erfolgt in \u00dcbereinstimmung mit den geltenden slowenischen (Gesetz \u00fcber den Schutz personenbezogener Daten: ZVOP-1) und der EU-Gesetzgebung im Bereich des Schutzes personenbezogener Daten (DSGVO &hellip; <a href=\"https:\/\/thirdstage.eu\/de\/allgemeine-geschaeftsbedingungen\/\">Continued<\/a><\/p>\n","protected":false},"author":71,"featured_media":0,"parent":0,"menu_order":0,"comment_status":"closed","ping_status":"open","template":"","meta":{"_acf_changed":false,"inline_featured_image":false,"footnotes":""},"acf":[],"yoast_head":"<!-- This site is optimized with the Yoast SEO plugin v24.5 - https:\/\/yoast.com\/wordpress\/plugins\/seo\/ -->\n<title>Allgemeine Gesch\u00e4ftsbedingungen - ThirdStage.eu<\/title>\n<meta name=\"robots\" content=\"index, follow, max-snippet:-1, max-image-preview:large, max-video-preview:-1\" \/>\n<link rel=\"canonical\" href=\"https:\/\/thirdstage.eu\/de\/allgemeine-geschaeftsbedingungen\/\" \/>\n<meta property=\"og:locale\" content=\"de_DE\" \/>\n<meta property=\"og:type\" content=\"article\" \/>\n<meta property=\"og:title\" content=\"Allgemeine Gesch\u00e4ftsbedingungen - ThirdStage.eu\" \/>\n<meta property=\"og:description\" content=\"&nbsp; &nbsp; Schutz personenbezogener Daten Periskop d.o.o. (im Folgenden als &#8220;Verantwortlicher&#8221; bezeichnet) respektiert die Privatsph\u00e4re aller Besucher unserer Webseiten (im Folgenden als &#8220;Nutzer&#8221; bezeichnet). Die Erhebung, Verarbeitung und Nutzung von Daten erfolgt in \u00dcbereinstimmung mit den geltenden slowenischen (Gesetz \u00fcber den Schutz personenbezogener Daten: ZVOP-1) und der EU-Gesetzgebung im Bereich des Schutzes personenbezogener Daten (DSGVO &hellip; Continued\" \/>\n<meta property=\"og:url\" content=\"https:\/\/thirdstage.eu\/de\/allgemeine-geschaeftsbedingungen\/\" \/>\n<meta property=\"og:site_name\" content=\"ThirdStage.eu\" \/>\n<meta property=\"article:publisher\" content=\"https:\/\/thirdstage.eu\" \/>\n<meta property=\"article:modified_time\" content=\"2024-04-07T08:32:14+00:00\" \/>\n<meta property=\"og:image\" content=\"https:\/\/thirdstage.eu\/wp-content\/uploads\/2023\/11\/2020_3o_footer_logo_eng.png\" \/>\n\t<meta property=\"og:image:width\" content=\"692\" \/>\n\t<meta property=\"og:image:height\" content=\"148\" \/>\n\t<meta property=\"og:image:type\" content=\"image\/png\" \/>\n<meta name=\"twitter:card\" content=\"summary_large_image\" \/>\n<meta name=\"twitter:label1\" content=\"Gesch\u00e4tzte Lesezeit\" \/>\n\t<meta name=\"twitter:data1\" content=\"7\u00a0Minuten\" \/>\n<script type=\"application\/ld+json\" class=\"yoast-schema-graph\">{\"@context\":\"https:\/\/schema.org\",\"@graph\":[{\"@type\":\"WebPage\",\"@id\":\"https:\/\/thirdstage.eu\/de\/allgemeine-geschaeftsbedingungen\/\",\"url\":\"https:\/\/thirdstage.eu\/de\/allgemeine-geschaeftsbedingungen\/\",\"name\":\"Allgemeine Gesch\u00e4ftsbedingungen - ThirdStage.eu\",\"isPartOf\":{\"@id\":\"https:\/\/thirdstage.eu\/de\/#website\"},\"datePublished\":\"2020-02-01T22:02:02+00:00\",\"dateModified\":\"2024-04-07T08:32:14+00:00\",\"inLanguage\":\"de\",\"potentialAction\":[{\"@type\":\"ReadAction\",\"target\":[\"https:\/\/thirdstage.eu\/de\/allgemeine-geschaeftsbedingungen\/\"]}]},{\"@type\":\"WebSite\",\"@id\":\"https:\/\/thirdstage.eu\/de\/#website\",\"url\":\"https:\/\/thirdstage.eu\/de\/\",\"name\":\"thirdstage.eu\",\"description\":\"Third Stage - Theatre. Online. Anywhere\",\"publisher\":{\"@id\":\"https:\/\/thirdstage.eu\/de\/#organization\"},\"alternateName\":\"ThirdStage\",\"potentialAction\":[{\"@type\":\"SearchAction\",\"target\":{\"@type\":\"EntryPoint\",\"urlTemplate\":\"https:\/\/thirdstage.eu\/de\/?s={search_term_string}\"},\"query-input\":{\"@type\":\"PropertyValueSpecification\",\"valueRequired\":true,\"valueName\":\"search_term_string\"}}],\"inLanguage\":\"de\"},{\"@type\":\"Organization\",\"@id\":\"https:\/\/thirdstage.eu\/de\/#organization\",\"name\":\"thirdstage.eu\",\"url\":\"https:\/\/thirdstage.eu\/de\/\",\"logo\":{\"@type\":\"ImageObject\",\"inLanguage\":\"de\",\"@id\":\"https:\/\/thirdstage.eu\/de\/#\/schema\/logo\/image\/\",\"url\":\"https:\/\/thirdstage.eu\/wp-content\/uploads\/2023\/11\/2020_3o_footer_logo_eng.png\",\"contentUrl\":\"https:\/\/thirdstage.eu\/wp-content\/uploads\/2023\/11\/2020_3o_footer_logo_eng.png\",\"width\":692,\"height\":148,\"caption\":\"thirdstage.eu\"},\"image\":{\"@id\":\"https:\/\/thirdstage.eu\/de\/#\/schema\/logo\/image\/\"},\"sameAs\":[\"https:\/\/thirdstage.eu\",\"https:\/\/www.instagram.com\/thirdstage.eu\/\"]}]}<\/script>\n<!-- \/ Yoast SEO plugin. -->","yoast_head_json":{"title":"Allgemeine Gesch\u00e4ftsbedingungen - ThirdStage.eu","robots":{"index":"index","follow":"follow","max-snippet":"max-snippet:-1","max-image-preview":"max-image-preview:large","max-video-preview":"max-video-preview:-1"},"canonical":"https:\/\/thirdstage.eu\/de\/allgemeine-geschaeftsbedingungen\/","og_locale":"de_DE","og_type":"article","og_title":"Allgemeine Gesch\u00e4ftsbedingungen - ThirdStage.eu","og_description":"&nbsp; &nbsp; Schutz personenbezogener Daten Periskop d.o.o. (im Folgenden als &#8220;Verantwortlicher&#8221; bezeichnet) respektiert die Privatsph\u00e4re aller Besucher unserer Webseiten (im Folgenden als &#8220;Nutzer&#8221; bezeichnet). Die Erhebung, Verarbeitung und Nutzung von Daten erfolgt in \u00dcbereinstimmung mit den geltenden slowenischen (Gesetz \u00fcber den Schutz personenbezogener Daten: ZVOP-1) und der EU-Gesetzgebung im Bereich des Schutzes personenbezogener Daten (DSGVO &hellip; Continued","og_url":"https:\/\/thirdstage.eu\/de\/allgemeine-geschaeftsbedingungen\/","og_site_name":"ThirdStage.eu","article_publisher":"https:\/\/thirdstage.eu","article_modified_time":"2024-04-07T08:32:14+00:00","og_image":[{"width":692,"height":148,"url":"https:\/\/thirdstage.eu\/wp-content\/uploads\/2023\/11\/2020_3o_footer_logo_eng.png","type":"image\/png"}],"twitter_card":"summary_large_image","twitter_misc":{"Gesch\u00e4tzte Lesezeit":"7\u00a0Minuten"},"schema":{"@context":"https:\/\/schema.org","@graph":[{"@type":"WebPage","@id":"https:\/\/thirdstage.eu\/de\/allgemeine-geschaeftsbedingungen\/","url":"https:\/\/thirdstage.eu\/de\/allgemeine-geschaeftsbedingungen\/","name":"Allgemeine Gesch\u00e4ftsbedingungen - ThirdStage.eu","isPartOf":{"@id":"https:\/\/thirdstage.eu\/de\/#website"},"datePublished":"2020-02-01T22:02:02+00:00","dateModified":"2024-04-07T08:32:14+00:00","inLanguage":"de","potentialAction":[{"@type":"ReadAction","target":["https:\/\/thirdstage.eu\/de\/allgemeine-geschaeftsbedingungen\/"]}]},{"@type":"WebSite","@id":"https:\/\/thirdstage.eu\/de\/#website","url":"https:\/\/thirdstage.eu\/de\/","name":"thirdstage.eu","description":"Third Stage - Theatre. Online. Anywhere","publisher":{"@id":"https:\/\/thirdstage.eu\/de\/#organization"},"alternateName":"ThirdStage","potentialAction":[{"@type":"SearchAction","target":{"@type":"EntryPoint","urlTemplate":"https:\/\/thirdstage.eu\/de\/?s={search_term_string}"},"query-input":{"@type":"PropertyValueSpecification","valueRequired":true,"valueName":"search_term_string"}}],"inLanguage":"de"},{"@type":"Organization","@id":"https:\/\/thirdstage.eu\/de\/#organization","name":"thirdstage.eu","url":"https:\/\/thirdstage.eu\/de\/","logo":{"@type":"ImageObject","inLanguage":"de","@id":"https:\/\/thirdstage.eu\/de\/#\/schema\/logo\/image\/","url":"https:\/\/thirdstage.eu\/wp-content\/uploads\/2023\/11\/2020_3o_footer_logo_eng.png","contentUrl":"https:\/\/thirdstage.eu\/wp-content\/uploads\/2023\/11\/2020_3o_footer_logo_eng.png","width":692,"height":148,"caption":"thirdstage.eu"},"image":{"@id":"https:\/\/thirdstage.eu\/de\/#\/schema\/logo\/image\/"},"sameAs":["https:\/\/thirdstage.eu","https:\/\/www.instagram.com\/thirdstage.eu\/"]}]}},"_links":{"self":[{"href":"https:\/\/thirdstage.eu\/de\/wp-json\/wp\/v2\/pages\/96706"}],"collection":[{"href":"https:\/\/thirdstage.eu\/de\/wp-json\/wp\/v2\/pages"}],"about":[{"href":"https:\/\/thirdstage.eu\/de\/wp-json\/wp\/v2\/types\/page"}],"author":[{"embeddable":true,"href":"https:\/\/thirdstage.eu\/de\/wp-json\/wp\/v2\/users\/71"}],"replies":[{"embeddable":true,"href":"https:\/\/thirdstage.eu\/de\/wp-json\/wp\/v2\/comments?post=96706"}],"version-history":[{"count":4,"href":"https:\/\/thirdstage.eu\/de\/wp-json\/wp\/v2\/pages\/96706\/revisions"}],"predecessor-version":[{"id":100242,"href":"https:\/\/thirdstage.eu\/de\/wp-json\/wp\/v2\/pages\/96706\/revisions\/100242"}],"wp:attachment":[{"href":"https:\/\/thirdstage.eu\/de\/wp-json\/wp\/v2\/media?parent=96706"}],"curies":[{"name":"wp","href":"https:\/\/api.w.org\/{rel}","templated":true}]}}