{"id":96726,"date":"2021-01-08T13:11:11","date_gmt":"2021-01-08T12:11:11","guid":{"rendered":"https:\/\/thirdstage.eu\/haeufig-gestellte-fragen\/"},"modified":"2024-04-22T08:31:15","modified_gmt":"2024-04-22T06:31:15","slug":"haeufig-gestellte-fragen","status":"publish","type":"page","link":"https:\/\/thirdstage.eu\/de\/haeufig-gestellte-fragen\/","title":{"rendered":"H\u00e4ufig gestellte Fragen"},"content":{"rendered":"<h1>H\u00e4ufig gestellte Fragen<\/h1>\n<p>&nbsp;<\/p>\n<h3><b>Was ist die Website der Dritten Stufe und was kann ich dort finden?<\/b><\/h3>\n<p><span style=\"font-weight: 400;\">Auf der Website <\/span><i><span style=\"font-weight: 400;\">Third Stage <\/span><\/i><span style=\"font-weight: 400;\">pr\u00e4sentiert Auff\u00fchrungen von europ\u00e4ischen Theatern, <\/span><span style=\"font-weight: 400;\">Sie k\u00f6nnen sie bequem vom heimischen Sofa oder von einem entfernten Ort aus ansehen, wann immer Sie wollen.<\/span><\/p>\n<p><span style=\"font-weight: 400;\"><i>Third Stage <\/i>kann sich nicht vorstellen, dass Theater als Ph\u00e4nomen durch Live-Streaming ersetzbar ist! Er zieht keinen neuen, faulen Zuschauer von zu Hause auf.<\/span><\/p>\n<p><span style=\"font-weight: 400;\">Die Theatererfahrung zwischen Machern und Publikum ist unersetzlich, und <i>Third Stage<\/i><\/span><span style=\"font-weight: 400;\"> ermutigt aktiv zu einer pers\u00f6nlichen Pr\u00e4senz im Theater.<\/span><\/p>\n<p>&nbsp;<\/p>\n<h3><b>Wann kann ich die Shows sehen? <\/b><\/h3>\n<p><span style=\"font-weight: 400;\">In der Woche vom 22. 4. bis 28. 4. Alle Sendungen sind f\u00fcr VOD (Video on Demand) verf\u00fcgbar. Es gibt <strong>keine<\/strong> Live-Auftritte. Die Auff\u00fchrungen k\u00f6nnen Sie sich so oft ansehen, wie Sie m\u00f6chten. <\/span><\/p>\n<p>&nbsp;<\/p>\n<h3><b>Wo kann ich die Live-Theaterauff\u00fchrung sehen, f\u00fcr die ich eine Karte gekauft habe?<\/b><\/h3>\n<p><span style=\"font-weight: 400;\">Sie k\u00f6nnen die Sendung auf jedem Ger\u00e4t ansehen, das Zugriff auf die Website hat <\/span><a href=\"https:\/\/thirdstage.eu\/de\/\"><br \/>\n<span style=\"font-weight: 400;\">thirdstage.eu<\/span><br \/>\n<\/a><span style=\"font-weight: 400;\">. Nat\u00fcrlich k\u00f6nnen Sie die Sendung auch auf Ihrem Smart-TV ansehen.<\/span><\/p>\n<p><span style=\"font-weight: 400;\">Wenn Sie einen \u00e4lteren Computer haben, ist es m\u00f6glich, dass die Videowiedergabeschnittstelle nicht funktioniert, also versuchen Sie es mit einem anderen Browser. auf einem anderen Computer, wenn m\u00f6glich.<\/span><\/p>\n<p>&nbsp;<\/p>\n<h3><b>Von welchem Ger\u00e4t aus kann ich die Sendung ansehen?<\/b><\/h3>\n<p><span style=\"font-weight: 400;\">Es gibt eine ganze Reihe von Optionen &#8211; Anzeige auf einem Smart-TV, Laptop, Tablet, Smartphone. <\/span><\/p>\n<p><span style=\"font-weight: 400;\">Wenn Sie keinen Smart-TV haben, k\u00f6nnen Sie Ihren Computer\/Ihr Telefon \u00fcber ein HDMI-Kabel an Ihren Fernseher anschlie\u00dfen.<\/span><b> <\/b><\/p>\n<p>&nbsp;<\/p>\n<h3><b>Wie kann ich meinen Computer an meinen Fernseher anschlie\u00dfen?<\/b><\/h3>\n<p><span style=\"font-weight: 400;\">Es gibt zwei M\u00f6glichkeiten, den TV-Tuner an den Computer anzuschlie\u00dfen:<\/span><\/p>\n<p><span style=\"font-weight: 400;\">&#8211;<\/span> <span style=\"font-weight: 400;\"><strong>kabelgebunden<\/strong> &#8211; \u00fcber HDMI-Kabel<\/span><\/p>\n<p><span style=\"font-weight: 400;\">HDMI \u00fcbertr\u00e4gt ein hochaufl\u00f6sendes Videosignal und liefert auch Ton. F\u00fcr ein einfacheres Erlebnis suchen Sie nach einem neueren Fernseher und PC, der diese Schnittstelle verwendet.<\/span><\/p>\n<p><span style=\"font-weight: 400;\">&#8211;<\/span> <span style=\"font-weight: 400;\"><strong>drahtlos<\/strong> &#8211; \u00fcber moderne Ger\u00e4te wie AppleTV, Chromecast, Amazon Fire TV Stick (sie enthalten alle Assistenten, um Ihr Ger\u00e4t einfach mit Ihrem Fernseher zu verbinden, sofern Ihr Computer dies unterst\u00fctzt).<\/span><\/p>\n<p>&nbsp;<\/p>\n<h3><b>Sind zus\u00e4tzliche Einstellungen erforderlich?<\/b><\/h3>\n<p><span style=\"font-weight: 400;\">Es sind keine zus\u00e4tzlichen Einstellungen erforderlich.<\/span><b> <\/b><\/p>\n<p>&nbsp;<\/p>\n<h3><b>Ist es notwendig, sich vor dem Kauf eines Tickets zu registrieren?<\/b><\/h3>\n<p><span style=\"font-weight: 400;\">Sie k\u00f6nnen sich fr\u00fcher oder beim Kauf Ihres Tickets anmelden. Eine Registrierung ist unbedingt erforderlich, da die Vorstellung nur mit einem Benutzerkonto angesehen werden kann. Nur so k\u00f6nnen wir die Auff\u00fchrungen auf Personen beschr\u00e4nken, die Karteninhaber sind, und so ein faires System f\u00fcr die Partnertheater schaffen.<\/span><\/p>\n<p>&nbsp;<\/p>\n<h3><b>Ich habe ein Ticket, kann aber keinen Link zur Show finden?<\/b><\/h3>\n<p><span style=\"font-weight: 400;\">Einen Link zur Leistung finden Sie auf der <\/span> Registerkarte <b>&#8220;Leistung anzeigen<\/b>&#8220;<span style=\"font-weight: 400;\">. Klicken Sie auf die Schaltfl\u00e4che Sehen, um sie anzuzeigen. Wenn Sie der Empf\u00e4nger eines Geschenkgutscheins sind, m\u00fcssen Sie diesen zuerst einl\u00f6sen.<\/span><\/p>\n<p>&nbsp;<\/p>\n<h3><b>Ich hatte Probleme beim Abspielen des Videos.<\/b><\/h3>\n<p><span style=\"font-weight: 400;\">Bei Problemen mit der Videowiedergabe empfehlen wir, einen anderen Browser zu w\u00e4hlen, wenn m\u00f6glich, ein anderes Ger\u00e4t auszuw\u00e4hlen, die Internetverbindung zu \u00fcberpr\u00fcfen und die Lautst\u00e4rke Ihres Ger\u00e4ts anzupassen. Wenn keiner der oben genannten Punkte funktioniert, kontaktieren Sie uns bitte (info@thirdstage.eu) oder rufen Sie uns an (071 447 645). <\/span><\/p>\n<p>&nbsp;<\/p>\n<h3><b>Die Sendung wurde auf meinem Ger\u00e4t gestoppt, was kann ich tun?<\/b><\/h3>\n<p><span style=\"font-weight: 400;\">Aktualisieren Sie die Seite oder versuchen Sie, sie in einem anderen Browser zu \u00f6ffnen.<\/span><\/p>\n<p>&nbsp;<\/p>\n<h3><b>Ich habe mich mit meinem Benutzernamen in das System eingeloggt, zeige aber an, dass Shows nicht verf\u00fcgbar sind?<\/b><\/h3>\n<p><span style=\"font-weight: 400;\">Stellen Sie sicher, dass Sie denselben Benutzernamen wie bei der Registrierung verwendet haben.<\/span><\/p>\n<p><span style=\"font-weight: 400;\">Wenn Sie ein Geschenkticket haben, stellen Sie sicher, dass Sie es bereits korrekt eingel\u00f6st haben. Eine Anleitung finden Sie <a href=\"https:\/\/thirdstage.eu\/de\/hilfe\/#darline\">hier<\/a>.<\/span><\/p>\n","protected":false},"excerpt":{"rendered":"<p>H\u00e4ufig gestellte Fragen &nbsp; Was ist die Website der Dritten Stufe und was kann ich dort finden? Auf der Website Third Stage pr\u00e4sentiert Auff\u00fchrungen von europ\u00e4ischen Theatern, Sie k\u00f6nnen sie bequem vom heimischen Sofa oder von einem entfernten Ort aus ansehen, wann immer Sie wollen. Third Stage kann sich nicht vorstellen, dass Theater als Ph\u00e4nomen &hellip; <a href=\"https:\/\/thirdstage.eu\/de\/haeufig-gestellte-fragen\/\">Continued<\/a><\/p>\n","protected":false},"author":419,"featured_media":0,"parent":0,"menu_order":0,"comment_status":"closed","ping_status":"closed","template":"","meta":{"_acf_changed":false,"inline_featured_image":false,"footnotes":""},"acf":[],"yoast_head":"<!-- This site is optimized with the Yoast SEO plugin v24.5 - https:\/\/yoast.com\/wordpress\/plugins\/seo\/ -->\n<title>H\u00e4ufig gestellte Fragen - ThirdStage.eu<\/title>\n<meta name=\"description\" content=\"Entdecken Sie alles, was Sie \u00fcber Theater wissen m\u00fcssen, auf thirdstage.eu. Siehe FAQ.\" \/>\n<meta name=\"robots\" content=\"index, follow, max-snippet:-1, max-image-preview:large, max-video-preview:-1\" \/>\n<link rel=\"canonical\" href=\"https:\/\/thirdstage.eu\/de\/haeufig-gestellte-fragen\/\" \/>\n<meta property=\"og:locale\" content=\"de_DE\" \/>\n<meta property=\"og:type\" content=\"article\" \/>\n<meta property=\"og:title\" content=\"H\u00e4ufig gestellte Fragen - ThirdStage.eu\" \/>\n<meta property=\"og:description\" content=\"Entdecken Sie alles, was Sie \u00fcber Theater wissen m\u00fcssen, auf thirdstage.eu. Siehe FAQ.\" \/>\n<meta property=\"og:url\" content=\"https:\/\/thirdstage.eu\/de\/haeufig-gestellte-fragen\/\" \/>\n<meta property=\"og:site_name\" content=\"ThirdStage.eu\" \/>\n<meta property=\"article:publisher\" content=\"https:\/\/thirdstage.eu\" \/>\n<meta property=\"article:modified_time\" content=\"2024-04-22T06:31:15+00:00\" \/>\n<meta property=\"og:image\" content=\"https:\/\/thirdstage.eu\/wp-content\/uploads\/2023\/11\/2020_3o_footer_logo_eng.png\" \/>\n\t<meta property=\"og:image:width\" content=\"692\" \/>\n\t<meta property=\"og:image:height\" content=\"148\" \/>\n\t<meta property=\"og:image:type\" content=\"image\/png\" \/>\n<meta name=\"twitter:card\" content=\"summary_large_image\" \/>\n<meta name=\"twitter:label1\" content=\"Gesch\u00e4tzte Lesezeit\" \/>\n\t<meta name=\"twitter:data1\" content=\"4\u00a0Minuten\" \/>\n<script type=\"application\/ld+json\" class=\"yoast-schema-graph\">{\"@context\":\"https:\/\/schema.org\",\"@graph\":[{\"@type\":\"WebPage\",\"@id\":\"https:\/\/thirdstage.eu\/de\/haeufig-gestellte-fragen\/\",\"url\":\"https:\/\/thirdstage.eu\/de\/haeufig-gestellte-fragen\/\",\"name\":\"H\u00e4ufig gestellte Fragen - ThirdStage.eu\",\"isPartOf\":{\"@id\":\"https:\/\/thirdstage.eu\/de\/#website\"},\"datePublished\":\"2021-01-08T12:11:11+00:00\",\"dateModified\":\"2024-04-22T06:31:15+00:00\",\"description\":\"Entdecken Sie alles, was Sie \u00fcber Theater wissen m\u00fcssen, auf thirdstage.eu. Siehe FAQ.\",\"inLanguage\":\"de\",\"potentialAction\":[{\"@type\":\"ReadAction\",\"target\":[\"https:\/\/thirdstage.eu\/de\/haeufig-gestellte-fragen\/\"]}]},{\"@type\":\"WebSite\",\"@id\":\"https:\/\/thirdstage.eu\/de\/#website\",\"url\":\"https:\/\/thirdstage.eu\/de\/\",\"name\":\"thirdstage.eu\",\"description\":\"Third Stage - Theatre. Online. Anywhere\",\"publisher\":{\"@id\":\"https:\/\/thirdstage.eu\/de\/#organization\"},\"alternateName\":\"ThirdStage\",\"potentialAction\":[{\"@type\":\"SearchAction\",\"target\":{\"@type\":\"EntryPoint\",\"urlTemplate\":\"https:\/\/thirdstage.eu\/de\/?s={search_term_string}\"},\"query-input\":{\"@type\":\"PropertyValueSpecification\",\"valueRequired\":true,\"valueName\":\"search_term_string\"}}],\"inLanguage\":\"de\"},{\"@type\":\"Organization\",\"@id\":\"https:\/\/thirdstage.eu\/de\/#organization\",\"name\":\"thirdstage.eu\",\"url\":\"https:\/\/thirdstage.eu\/de\/\",\"logo\":{\"@type\":\"ImageObject\",\"inLanguage\":\"de\",\"@id\":\"https:\/\/thirdstage.eu\/de\/#\/schema\/logo\/image\/\",\"url\":\"https:\/\/thirdstage.eu\/wp-content\/uploads\/2023\/11\/2020_3o_footer_logo_eng.png\",\"contentUrl\":\"https:\/\/thirdstage.eu\/wp-content\/uploads\/2023\/11\/2020_3o_footer_logo_eng.png\",\"width\":692,\"height\":148,\"caption\":\"thirdstage.eu\"},\"image\":{\"@id\":\"https:\/\/thirdstage.eu\/de\/#\/schema\/logo\/image\/\"},\"sameAs\":[\"https:\/\/thirdstage.eu\",\"https:\/\/www.instagram.com\/thirdstage.eu\/\"]}]}<\/script>\n<!-- \/ Yoast SEO plugin. -->","yoast_head_json":{"title":"H\u00e4ufig gestellte Fragen - ThirdStage.eu","description":"Entdecken Sie alles, was Sie \u00fcber Theater wissen m\u00fcssen, auf thirdstage.eu. Siehe FAQ.","robots":{"index":"index","follow":"follow","max-snippet":"max-snippet:-1","max-image-preview":"max-image-preview:large","max-video-preview":"max-video-preview:-1"},"canonical":"https:\/\/thirdstage.eu\/de\/haeufig-gestellte-fragen\/","og_locale":"de_DE","og_type":"article","og_title":"H\u00e4ufig gestellte Fragen - ThirdStage.eu","og_description":"Entdecken Sie alles, was Sie \u00fcber Theater wissen m\u00fcssen, auf thirdstage.eu. Siehe FAQ.","og_url":"https:\/\/thirdstage.eu\/de\/haeufig-gestellte-fragen\/","og_site_name":"ThirdStage.eu","article_publisher":"https:\/\/thirdstage.eu","article_modified_time":"2024-04-22T06:31:15+00:00","og_image":[{"width":692,"height":148,"url":"https:\/\/thirdstage.eu\/wp-content\/uploads\/2023\/11\/2020_3o_footer_logo_eng.png","type":"image\/png"}],"twitter_card":"summary_large_image","twitter_misc":{"Gesch\u00e4tzte Lesezeit":"4\u00a0Minuten"},"schema":{"@context":"https:\/\/schema.org","@graph":[{"@type":"WebPage","@id":"https:\/\/thirdstage.eu\/de\/haeufig-gestellte-fragen\/","url":"https:\/\/thirdstage.eu\/de\/haeufig-gestellte-fragen\/","name":"H\u00e4ufig gestellte Fragen - ThirdStage.eu","isPartOf":{"@id":"https:\/\/thirdstage.eu\/de\/#website"},"datePublished":"2021-01-08T12:11:11+00:00","dateModified":"2024-04-22T06:31:15+00:00","description":"Entdecken Sie alles, was Sie \u00fcber Theater wissen m\u00fcssen, auf thirdstage.eu. Siehe FAQ.","inLanguage":"de","potentialAction":[{"@type":"ReadAction","target":["https:\/\/thirdstage.eu\/de\/haeufig-gestellte-fragen\/"]}]},{"@type":"WebSite","@id":"https:\/\/thirdstage.eu\/de\/#website","url":"https:\/\/thirdstage.eu\/de\/","name":"thirdstage.eu","description":"Third Stage - Theatre. Online. Anywhere","publisher":{"@id":"https:\/\/thirdstage.eu\/de\/#organization"},"alternateName":"ThirdStage","potentialAction":[{"@type":"SearchAction","target":{"@type":"EntryPoint","urlTemplate":"https:\/\/thirdstage.eu\/de\/?s={search_term_string}"},"query-input":{"@type":"PropertyValueSpecification","valueRequired":true,"valueName":"search_term_string"}}],"inLanguage":"de"},{"@type":"Organization","@id":"https:\/\/thirdstage.eu\/de\/#organization","name":"thirdstage.eu","url":"https:\/\/thirdstage.eu\/de\/","logo":{"@type":"ImageObject","inLanguage":"de","@id":"https:\/\/thirdstage.eu\/de\/#\/schema\/logo\/image\/","url":"https:\/\/thirdstage.eu\/wp-content\/uploads\/2023\/11\/2020_3o_footer_logo_eng.png","contentUrl":"https:\/\/thirdstage.eu\/wp-content\/uploads\/2023\/11\/2020_3o_footer_logo_eng.png","width":692,"height":148,"caption":"thirdstage.eu"},"image":{"@id":"https:\/\/thirdstage.eu\/de\/#\/schema\/logo\/image\/"},"sameAs":["https:\/\/thirdstage.eu","https:\/\/www.instagram.com\/thirdstage.eu\/"]}]}},"_links":{"self":[{"href":"https:\/\/thirdstage.eu\/de\/wp-json\/wp\/v2\/pages\/96726"}],"collection":[{"href":"https:\/\/thirdstage.eu\/de\/wp-json\/wp\/v2\/pages"}],"about":[{"href":"https:\/\/thirdstage.eu\/de\/wp-json\/wp\/v2\/types\/page"}],"author":[{"embeddable":true,"href":"https:\/\/thirdstage.eu\/de\/wp-json\/wp\/v2\/users\/419"}],"replies":[{"embeddable":true,"href":"https:\/\/thirdstage.eu\/de\/wp-json\/wp\/v2\/comments?post=96726"}],"version-history":[{"count":3,"href":"https:\/\/thirdstage.eu\/de\/wp-json\/wp\/v2\/pages\/96726\/revisions"}],"predecessor-version":[{"id":104803,"href":"https:\/\/thirdstage.eu\/de\/wp-json\/wp\/v2\/pages\/96726\/revisions\/104803"}],"wp:attachment":[{"href":"https:\/\/thirdstage.eu\/de\/wp-json\/wp\/v2\/media?parent=96726"}],"curies":[{"name":"wp","href":"https:\/\/api.w.org\/{rel}","templated":true}]}}