{"id":96729,"date":"2020-12-28T10:05:11","date_gmt":"2020-12-28T09:05:11","guid":{"rendered":"https:\/\/thirdstage.eu\/hilfe\/"},"modified":"2024-04-23T11:27:32","modified_gmt":"2024-04-23T09:27:32","slug":"hilfe","status":"publish","type":"page","link":"https:\/\/thirdstage.eu\/de\/hilfe\/","title":{"rendered":"Hilfe"},"content":{"rendered":"<div class=\"col-md-10 mb-5\">\n<h1>ANLEITUNG ZUM KAUF EINES TICKETS<\/h1>\n<ol class=\"pl-4\">\n<li class=\"mt-1\">Auf dem Link <a href=\"https:\/\/thirdstage.eu\/de\/\">thirdstage.eu<\/a> w\u00e4hlen Sie die Vorstellung aus, die Sie kaufen m\u00f6chten.<\/li>\n<li class=\"mt-1\">Sie k\u00f6nnen auf die Show klicken, um weitere Informationen zu erhalten, oder auf die Schaltfl\u00e4che KAUFEN klicken.<\/li>\n<li>Die Website informiert Sie dar\u00fcber, dass Ihr Produkt zum Warenkorb hinzugef\u00fcgt wurde.<\/li>\n<li class=\"mt-1\">Klicken Sie auf die Benachrichtigung unten auf der Seite oder klicken Sie auf die Schaltfl\u00e4che KASSE in der oberen rechten Ecke.<\/li>\n<li>Wenn Sie einen Rabattcode haben, k\u00f6nnen Sie ihn in das Feld \u00fcber Ihren Angaben eingeben (Klicke hier, um deinen Gutschein-Code einzugeben.).<\/li>\n<li>Folgen Sie den Anweisungen, um Ihre Bestellung abzuschlie\u00dfen.<\/li>\n<li class=\"mt-1\">Geben Sie Ihre Daten ein und erstellen Sie ein BENUTZERKONTO*.<\/li>\n<li class=\"mt-1\">W\u00e4hlen Sie eine Zahlungsmethode aus und folgen Sie den Zahlungsanweisungen.<\/li>\n<li>\u00dcber der Schaltfl\u00e4che KOSTENPFLICHTIG BESTELLEN \/ WEITER ZU PAYPAL\u00a0aktivieren Sie das Kontrollk\u00e4stchen, um den Nutzungsbedingungen zuzustimmen.<\/li>\n<li class=\"mt-1\">Klicken Sie auf die Schaltfl\u00e4che KOSTENPFLICHTIG BESTELLEN \/ WEITER ZU PAYPAL.<\/li>\n<\/ol>\n<p>&nbsp;<\/p>\n<h3>DAS IST ES!<\/h3>\n<p>Der Link zum Anschauen der Vorstellung wird unmittelbar nach Ihrem Kauf unter dem Tab DIE SENDUNG ANSEHEN aktiviert sein.<\/p>\n<p>* F\u00fcr die Teilnahme an der Auff\u00fchrung ist ein BENUTZERKONTO erforderlich. Das Konto kann nicht gemeinsam genutzt werden.<\/p>\n<\/div>\n<p><!--more--><\/p>\n<div class=\"col-md-10 mb-5\">\n<h2 id=\"darline\">ANLEITUNG ZUM KAUF EINES GESCHENKTICKETS<\/h2>\n<ol class=\"pl-4\">\n<li>Auf dem Link <a href=\"https:\/\/thirdstage.eu\/de\/\">thirdstage.eu<\/a> w\u00e4hlen Sie die Vorstellung aus, die Sie kaufen m\u00f6chten.<\/li>\n<li class=\"mt-1\">Finden Sie die von Ihnen gew\u00e4hlte Sendung im Abschnitt <a href=\"https:\/\/thirdstage.eu\/#darilo\">EIN ERLEBNIS SCHENKEN.<\/a><\/li>\n<li>Die Website informiert Sie dar\u00fcber, dass Ihr Produkt zum Warenkorb hinzugef\u00fcgt wurde.<\/li>\n<li>Klicken Sie auf die Benachrichtigung unten auf der Seite oder klicken Sie auf die Schaltfl\u00e4che KASSE in der oberen rechten Ecke.<\/li>\n<li>Wenn Sie einen Rabattcode haben, k\u00f6nnen Sie ihn in das Feld \u00fcber Ihren Angaben eingeben (Klicke hier, um deinen Gutschein-Code einzugeben.).<\/li>\n<li>Folgen Sie den Anweisungen, um Ihre Bestellung abzuschlie\u00dfen.<\/li>\n<li class=\"mt-1\">Geben Sie Ihre Daten ein und erstellen Sie ein BENUTZERKONTO*.<\/li>\n<li>W\u00e4hlen Sie unter der Option Passwort aus, ob der Geschenkgutschein Ihrem Konto gutgeschrieben oder direkt an den Empf\u00e4nger geschickt werden soll.<\/li>\n<li class=\"mt-1\">W\u00e4hlen Sie eine Zahlungsmethode aus und folgen Sie den Zahlungsanweisungen.<\/li>\n<li>\u00dcber der Schaltfl\u00e4che KOSTENPFLICHTIG BESTELLEN \/ WEITER ZU PAYPAL\u00a0aktivieren Sie das Kontrollk\u00e4stchen, um den Nutzungsbedingungen zuzustimmen.<\/li>\n<li>Klicken Sie auf die Schaltfl\u00e4che KOSTENPFLICHTIG BESTELLEN \/ WEITER ZU PAYPAL.<\/li>\n<li class=\"mt-1\">Nach dem best\u00e4tigten Kauf erhalten Sie einen eindeutigen Ticketcode an Ihre E-Mail-Adresse, den Sie verschenken k\u00f6nnen. Der Empf\u00e4nger l\u00f6st das Geschenkticket gem\u00e4\u00df den Anweisungen zum Einl\u00f6sen des Geschenkgutscheins ein.<\/li>\n<\/ol>\n<h3>DAS IST ES!<\/h3>\n<p>Der Link zum Anschauen der Vorstellung wird unmittelbar nach Ihrem Kauf unter dem Tab DIE SENDUNG ANSEHEN aktiviert sein.<\/p>\n<p>* F\u00fcr die Teilnahme an der Auff\u00fchrung ist ein BENUTZERKONTO erforderlich. Das Konto kann nicht gemeinsam genutzt werden.<\/p>\n<\/div>\n<p><!--more--><\/p>\n<div class=\"col-md-10 mb-5\">\n<h2>ANLEITUNG ZUM EINL\u00d6SEN DES GESCHENKTICKETS<\/h2>\n<ol class=\"pl-4\">\n<li>Suchen Sie auf dem <a href=\"https:\/\/thirdstage.eu\/de\/\">thirdstage.eu<\/a>, nach der Vorstellung, f\u00fcr die Sie eine Geschenkkarte erhalten haben.<\/li>\n<li>Sie k\u00f6nnen auf die Show klicken, um weitere Informationen zu erhalten, oder auf die Schaltfl\u00e4che \u201eEINL\u00d6SEN\u201c klicken.<\/li>\n<li>Geben Sie im Feld GUTSCHEINCODE den Code ein, den Sie als Geschenkticket erhalten haben, und klicken Sie auf GUTSCHEIN ANWENDEN. Bei korrekter Eingabe des Codes betr\u00e4gt der zu zahlende Betrag 0,00 Euro.<\/li>\n<li class=\"mt-1\">Klicken Sie auf die Schaltfl\u00e4che WEITER ZUR KASSE.<\/li>\n<li class=\"mt-1\">Geben Sie Ihre Daten ein, um ein BENUTZERKONTO zu erstellen.*<\/li>\n<li class=\"mt-1\">Markieren Sie \u00fcber der Schaltfl\u00e4che KOSTENPFLICHTIG BESTELLEN, dass Sie den Bedingungen zustimmen.<\/li>\n<li class=\"mt-1\">Klicken Sie auf die Schaltfl\u00e4che KOSTENPFLICHTIG BESTELLEN.<\/li>\n<\/ol>\n<h3>DAS IST ES!<\/h3>\n<p>Der Link zum Anschauen der Vorstellung wird unmittelbar nach Ihrem Kauf unter dem Tab DIE SENDUNG ANSEHEN aktiviert sein.<\/p>\n<p>* F\u00fcr die Teilnahme an der Auff\u00fchrung ist ein BENUTZERKONTO erforderlich. Das Konto kann nicht gemeinsam genutzt werden.<\/p>\n<p>&nbsp;<\/p>\n<h4>Weitere Informationen finden Sie <a href=\"https:\/\/thirdstage.eu\/de\/haeufig-gestellte-fragen\/\">in den FAQ<\/a><\/h4>\n<\/div>\n<div class=\"col-md-10 mb-5\">\n<p>Falls Sie keine Antwort auf Ihre Frage gefunden haben oder auf ein Problem gesto\u00dfen sind, stehen wir Ihnen unter der Telefonnummer +386 (0)71 447 645 zur Verf\u00fcgung.<\/p>\n<p>Sie k\u00f6nnen uns auch per E-Mail unter <a href=\"mailto:info@thirdstage.eu\">info@thirdstage.eu<\/a> kontaktieren.<\/p>\n<\/div>\n","protected":false},"excerpt":{"rendered":"<p>ANLEITUNG ZUM KAUF EINES TICKETS Auf dem Link thirdstage.eu w\u00e4hlen Sie die Vorstellung aus, die Sie kaufen m\u00f6chten. Sie k\u00f6nnen auf die Show klicken, um weitere Informationen zu erhalten, oder auf die Schaltfl\u00e4che KAUFEN klicken. Die Website informiert Sie dar\u00fcber, dass Ihr Produkt zum Warenkorb hinzugef\u00fcgt wurde. Klicken Sie auf die Benachrichtigung unten auf der &hellip; <a href=\"https:\/\/thirdstage.eu\/de\/hilfe\/\">Continued<\/a><\/p>\n","protected":false},"author":419,"featured_media":88852,"parent":0,"menu_order":0,"comment_status":"closed","ping_status":"closed","template":"","meta":{"_acf_changed":false,"inline_featured_image":false,"footnotes":""},"acf":[],"yoast_head":"<!-- This site is optimized with the Yoast SEO plugin v24.5 - https:\/\/yoast.com\/wordpress\/plugins\/seo\/ -->\n<title>Hilfe - ThirdStage.eu<\/title>\n<meta name=\"robots\" content=\"index, follow, max-snippet:-1, max-image-preview:large, max-video-preview:-1\" \/>\n<link rel=\"canonical\" href=\"https:\/\/thirdstage.eu\/de\/hilfe\/\" \/>\n<meta property=\"og:locale\" content=\"de_DE\" \/>\n<meta property=\"og:type\" content=\"article\" \/>\n<meta property=\"og:title\" content=\"Hilfe - ThirdStage.eu\" \/>\n<meta property=\"og:description\" content=\"ANLEITUNG ZUM KAUF EINES TICKETS Auf dem Link thirdstage.eu w\u00e4hlen Sie die Vorstellung aus, die Sie kaufen m\u00f6chten. Sie k\u00f6nnen auf die Show klicken, um weitere Informationen zu erhalten, oder auf die Schaltfl\u00e4che KAUFEN klicken. Die Website informiert Sie dar\u00fcber, dass Ihr Produkt zum Warenkorb hinzugef\u00fcgt wurde. Klicken Sie auf die Benachrichtigung unten auf der &hellip; Continued\" \/>\n<meta property=\"og:url\" content=\"https:\/\/thirdstage.eu\/de\/hilfe\/\" \/>\n<meta property=\"og:site_name\" content=\"ThirdStage.eu\" \/>\n<meta property=\"article:publisher\" content=\"https:\/\/thirdstage.eu\" \/>\n<meta property=\"article:modified_time\" content=\"2024-04-23T09:27:32+00:00\" \/>\n<meta property=\"og:image\" content=\"https:\/\/thirdstage.eu\/wp-content\/uploads\/2020\/12\/2020_3o_header_hero.jpg\" \/>\n\t<meta property=\"og:image:width\" content=\"2000\" \/>\n\t<meta property=\"og:image:height\" content=\"1250\" \/>\n\t<meta property=\"og:image:type\" content=\"image\/jpeg\" \/>\n<meta name=\"twitter:card\" content=\"summary_large_image\" \/>\n<meta name=\"twitter:label1\" content=\"Gesch\u00e4tzte Lesezeit\" \/>\n\t<meta name=\"twitter:data1\" content=\"4\u00a0Minuten\" \/>\n<script type=\"application\/ld+json\" class=\"yoast-schema-graph\">{\"@context\":\"https:\/\/schema.org\",\"@graph\":[{\"@type\":\"WebPage\",\"@id\":\"https:\/\/thirdstage.eu\/de\/hilfe\/\",\"url\":\"https:\/\/thirdstage.eu\/de\/hilfe\/\",\"name\":\"Hilfe - ThirdStage.eu\",\"isPartOf\":{\"@id\":\"https:\/\/thirdstage.eu\/de\/#website\"},\"primaryImageOfPage\":{\"@id\":\"https:\/\/thirdstage.eu\/de\/hilfe\/#primaryimage\"},\"image\":{\"@id\":\"https:\/\/thirdstage.eu\/de\/hilfe\/#primaryimage\"},\"thumbnailUrl\":\"https:\/\/thirdstage.eu\/wp-content\/uploads\/2020\/12\/2020_3o_header_hero.jpg\",\"datePublished\":\"2020-12-28T09:05:11+00:00\",\"dateModified\":\"2024-04-23T09:27:32+00:00\",\"inLanguage\":\"de\",\"potentialAction\":[{\"@type\":\"ReadAction\",\"target\":[\"https:\/\/thirdstage.eu\/de\/hilfe\/\"]}]},{\"@type\":\"ImageObject\",\"inLanguage\":\"de\",\"@id\":\"https:\/\/thirdstage.eu\/de\/hilfe\/#primaryimage\",\"url\":\"https:\/\/thirdstage.eu\/wp-content\/uploads\/2020\/12\/2020_3o_header_hero.jpg\",\"contentUrl\":\"https:\/\/thirdstage.eu\/wp-content\/uploads\/2020\/12\/2020_3o_header_hero.jpg\",\"width\":2000,\"height\":1250},{\"@type\":\"WebSite\",\"@id\":\"https:\/\/thirdstage.eu\/de\/#website\",\"url\":\"https:\/\/thirdstage.eu\/de\/\",\"name\":\"thirdstage.eu\",\"description\":\"Third Stage - Theatre. Online. Anywhere\",\"publisher\":{\"@id\":\"https:\/\/thirdstage.eu\/de\/#organization\"},\"alternateName\":\"ThirdStage\",\"potentialAction\":[{\"@type\":\"SearchAction\",\"target\":{\"@type\":\"EntryPoint\",\"urlTemplate\":\"https:\/\/thirdstage.eu\/de\/?s={search_term_string}\"},\"query-input\":{\"@type\":\"PropertyValueSpecification\",\"valueRequired\":true,\"valueName\":\"search_term_string\"}}],\"inLanguage\":\"de\"},{\"@type\":\"Organization\",\"@id\":\"https:\/\/thirdstage.eu\/de\/#organization\",\"name\":\"thirdstage.eu\",\"url\":\"https:\/\/thirdstage.eu\/de\/\",\"logo\":{\"@type\":\"ImageObject\",\"inLanguage\":\"de\",\"@id\":\"https:\/\/thirdstage.eu\/de\/#\/schema\/logo\/image\/\",\"url\":\"https:\/\/thirdstage.eu\/wp-content\/uploads\/2023\/11\/2020_3o_footer_logo_eng.png\",\"contentUrl\":\"https:\/\/thirdstage.eu\/wp-content\/uploads\/2023\/11\/2020_3o_footer_logo_eng.png\",\"width\":692,\"height\":148,\"caption\":\"thirdstage.eu\"},\"image\":{\"@id\":\"https:\/\/thirdstage.eu\/de\/#\/schema\/logo\/image\/\"},\"sameAs\":[\"https:\/\/thirdstage.eu\",\"https:\/\/www.instagram.com\/thirdstage.eu\/\"]}]}<\/script>\n<!-- \/ Yoast SEO plugin. -->","yoast_head_json":{"title":"Hilfe - ThirdStage.eu","robots":{"index":"index","follow":"follow","max-snippet":"max-snippet:-1","max-image-preview":"max-image-preview:large","max-video-preview":"max-video-preview:-1"},"canonical":"https:\/\/thirdstage.eu\/de\/hilfe\/","og_locale":"de_DE","og_type":"article","og_title":"Hilfe - ThirdStage.eu","og_description":"ANLEITUNG ZUM KAUF EINES TICKETS Auf dem Link thirdstage.eu w\u00e4hlen Sie die Vorstellung aus, die Sie kaufen m\u00f6chten. Sie k\u00f6nnen auf die Show klicken, um weitere Informationen zu erhalten, oder auf die Schaltfl\u00e4che KAUFEN klicken. Die Website informiert Sie dar\u00fcber, dass Ihr Produkt zum Warenkorb hinzugef\u00fcgt wurde. Klicken Sie auf die Benachrichtigung unten auf der &hellip; Continued","og_url":"https:\/\/thirdstage.eu\/de\/hilfe\/","og_site_name":"ThirdStage.eu","article_publisher":"https:\/\/thirdstage.eu","article_modified_time":"2024-04-23T09:27:32+00:00","og_image":[{"width":2000,"height":1250,"url":"https:\/\/thirdstage.eu\/wp-content\/uploads\/2020\/12\/2020_3o_header_hero.jpg","type":"image\/jpeg"}],"twitter_card":"summary_large_image","twitter_misc":{"Gesch\u00e4tzte Lesezeit":"4\u00a0Minuten"},"schema":{"@context":"https:\/\/schema.org","@graph":[{"@type":"WebPage","@id":"https:\/\/thirdstage.eu\/de\/hilfe\/","url":"https:\/\/thirdstage.eu\/de\/hilfe\/","name":"Hilfe - ThirdStage.eu","isPartOf":{"@id":"https:\/\/thirdstage.eu\/de\/#website"},"primaryImageOfPage":{"@id":"https:\/\/thirdstage.eu\/de\/hilfe\/#primaryimage"},"image":{"@id":"https:\/\/thirdstage.eu\/de\/hilfe\/#primaryimage"},"thumbnailUrl":"https:\/\/thirdstage.eu\/wp-content\/uploads\/2020\/12\/2020_3o_header_hero.jpg","datePublished":"2020-12-28T09:05:11+00:00","dateModified":"2024-04-23T09:27:32+00:00","inLanguage":"de","potentialAction":[{"@type":"ReadAction","target":["https:\/\/thirdstage.eu\/de\/hilfe\/"]}]},{"@type":"ImageObject","inLanguage":"de","@id":"https:\/\/thirdstage.eu\/de\/hilfe\/#primaryimage","url":"https:\/\/thirdstage.eu\/wp-content\/uploads\/2020\/12\/2020_3o_header_hero.jpg","contentUrl":"https:\/\/thirdstage.eu\/wp-content\/uploads\/2020\/12\/2020_3o_header_hero.jpg","width":2000,"height":1250},{"@type":"WebSite","@id":"https:\/\/thirdstage.eu\/de\/#website","url":"https:\/\/thirdstage.eu\/de\/","name":"thirdstage.eu","description":"Third Stage - Theatre. Online. Anywhere","publisher":{"@id":"https:\/\/thirdstage.eu\/de\/#organization"},"alternateName":"ThirdStage","potentialAction":[{"@type":"SearchAction","target":{"@type":"EntryPoint","urlTemplate":"https:\/\/thirdstage.eu\/de\/?s={search_term_string}"},"query-input":{"@type":"PropertyValueSpecification","valueRequired":true,"valueName":"search_term_string"}}],"inLanguage":"de"},{"@type":"Organization","@id":"https:\/\/thirdstage.eu\/de\/#organization","name":"thirdstage.eu","url":"https:\/\/thirdstage.eu\/de\/","logo":{"@type":"ImageObject","inLanguage":"de","@id":"https:\/\/thirdstage.eu\/de\/#\/schema\/logo\/image\/","url":"https:\/\/thirdstage.eu\/wp-content\/uploads\/2023\/11\/2020_3o_footer_logo_eng.png","contentUrl":"https:\/\/thirdstage.eu\/wp-content\/uploads\/2023\/11\/2020_3o_footer_logo_eng.png","width":692,"height":148,"caption":"thirdstage.eu"},"image":{"@id":"https:\/\/thirdstage.eu\/de\/#\/schema\/logo\/image\/"},"sameAs":["https:\/\/thirdstage.eu","https:\/\/www.instagram.com\/thirdstage.eu\/"]}]}},"_links":{"self":[{"href":"https:\/\/thirdstage.eu\/de\/wp-json\/wp\/v2\/pages\/96729"}],"collection":[{"href":"https:\/\/thirdstage.eu\/de\/wp-json\/wp\/v2\/pages"}],"about":[{"href":"https:\/\/thirdstage.eu\/de\/wp-json\/wp\/v2\/types\/page"}],"author":[{"embeddable":true,"href":"https:\/\/thirdstage.eu\/de\/wp-json\/wp\/v2\/users\/419"}],"replies":[{"embeddable":true,"href":"https:\/\/thirdstage.eu\/de\/wp-json\/wp\/v2\/comments?post=96729"}],"version-history":[{"count":16,"href":"https:\/\/thirdstage.eu\/de\/wp-json\/wp\/v2\/pages\/96729\/revisions"}],"predecessor-version":[{"id":105126,"href":"https:\/\/thirdstage.eu\/de\/wp-json\/wp\/v2\/pages\/96729\/revisions\/105126"}],"wp:featuredmedia":[{"embeddable":true,"href":"https:\/\/thirdstage.eu\/de\/wp-json\/wp\/v2\/media\/88852"}],"wp:attachment":[{"href":"https:\/\/thirdstage.eu\/de\/wp-json\/wp\/v2\/media?parent=96729"}],"curies":[{"name":"wp","href":"https:\/\/api.w.org\/{rel}","templated":true}]}}