{"id":99702,"date":"2024-04-05T16:12:50","date_gmt":"2024-04-05T14:12:50","guid":{"rendered":"https:\/\/thirdstage.eu\/zeigt\/de-facto-theater-company-walk-on-the-wild-side-17-04-um-1600-uhr\/"},"modified":"2024-04-21T07:19:05","modified_gmt":"2024-04-21T05:19:05","slug":"de-facto-theater-company-walk-on-the-wild-side-17-04-um-1600-uhr","status":"publish","type":"page","link":"https:\/\/thirdstage.eu\/de\/zeigt\/de-facto-theater-company-walk-on-the-wild-side-17-04-um-1600-uhr\/","title":{"rendered":"De-facto-Theatergruppe &#8211; Walking on the Wild Side"},"content":{"rendered":"","protected":false},"excerpt":{"rendered":"","protected":false},"author":71,"featured_media":0,"parent":95688,"menu_order":0,"comment_status":"closed","ping_status":"closed","template":"views\/template-VOD.blade.php","meta":{"_acf_changed":false,"inline_featured_image":false,"footnotes":""},"acf":[],"yoast_head":"<!-- This site is optimized with the Yoast SEO plugin v24.5 - https:\/\/yoast.com\/wordpress\/plugins\/seo\/ -->\n<title>De-facto-Theatergruppe - Walking on the Wild Side - ThirdStage.eu<\/title>\n<meta name=\"description\" content=\"Erforschen Sie die Verschmelzung von Tanz und Schauspiel in &quot;Walk on the Wild Side&quot;, einer einzigartigen Performance, die sich mit Intimit\u00e4t, Voyeurismus und der Macht des K\u00f6rperkontakts besch\u00e4ftigt.\" \/>\n<meta name=\"robots\" content=\"index, follow, max-snippet:-1, max-image-preview:large, max-video-preview:-1\" \/>\n<link rel=\"canonical\" href=\"https:\/\/thirdstage.eu\/de\/zeigt\/de-facto-theater-company-walk-on-the-wild-side-17-04-um-1600-uhr\/\" \/>\n<meta property=\"og:locale\" content=\"de_DE\" \/>\n<meta property=\"og:type\" content=\"article\" \/>\n<meta property=\"og:title\" content=\"De-facto-Theatergruppe - Walking on the Wild Side - ThirdStage.eu\" \/>\n<meta property=\"og:description\" content=\"Erforschen Sie die Verschmelzung von Tanz und Schauspiel in &quot;Walk on the Wild Side&quot;, einer einzigartigen Performance, die sich mit Intimit\u00e4t, Voyeurismus und der Macht des K\u00f6rperkontakts besch\u00e4ftigt.\" \/>\n<meta property=\"og:url\" content=\"https:\/\/thirdstage.eu\/de\/zeigt\/de-facto-theater-company-walk-on-the-wild-side-17-04-um-1600-uhr\/\" \/>\n<meta property=\"og:site_name\" content=\"ThirdStage.eu\" \/>\n<meta property=\"article:publisher\" content=\"https:\/\/thirdstage.eu\" \/>\n<meta property=\"article:modified_time\" content=\"2024-04-21T05:19:05+00:00\" \/>\n<meta property=\"og:image\" content=\"https:\/\/thirdstage.eu\/wp-content\/uploads\/2023\/11\/2020_3o_footer_logo_eng.png\" \/>\n\t<meta property=\"og:image:width\" content=\"692\" \/>\n\t<meta property=\"og:image:height\" content=\"148\" \/>\n\t<meta property=\"og:image:type\" content=\"image\/png\" \/>\n<meta name=\"twitter:card\" content=\"summary_large_image\" \/>\n<script type=\"application\/ld+json\" class=\"yoast-schema-graph\">{\"@context\":\"https:\/\/schema.org\",\"@graph\":[{\"@type\":\"WebPage\",\"@id\":\"https:\/\/thirdstage.eu\/de\/zeigt\/de-facto-theater-company-walk-on-the-wild-side-17-04-um-1600-uhr\/\",\"url\":\"https:\/\/thirdstage.eu\/de\/zeigt\/de-facto-theater-company-walk-on-the-wild-side-17-04-um-1600-uhr\/\",\"name\":\"De-facto-Theatergruppe - Walking on the Wild Side - ThirdStage.eu\",\"isPartOf\":{\"@id\":\"https:\/\/thirdstage.eu\/de\/#website\"},\"datePublished\":\"2024-04-05T14:12:50+00:00\",\"dateModified\":\"2024-04-21T05:19:05+00:00\",\"description\":\"Erforschen Sie die Verschmelzung von Tanz und Schauspiel in \\\"Walk on the Wild Side\\\", einer einzigartigen Performance, die sich mit Intimit\u00e4t, Voyeurismus und der Macht des K\u00f6rperkontakts besch\u00e4ftigt.\",\"breadcrumb\":{\"@id\":\"https:\/\/thirdstage.eu\/de\/zeigt\/de-facto-theater-company-walk-on-the-wild-side-17-04-um-1600-uhr\/#breadcrumb\"},\"inLanguage\":\"de\",\"potentialAction\":[{\"@type\":\"ReadAction\",\"target\":[\"https:\/\/thirdstage.eu\/de\/zeigt\/de-facto-theater-company-walk-on-the-wild-side-17-04-um-1600-uhr\/\"]}]},{\"@type\":\"BreadcrumbList\",\"@id\":\"https:\/\/thirdstage.eu\/de\/zeigt\/de-facto-theater-company-walk-on-the-wild-side-17-04-um-1600-uhr\/#breadcrumb\",\"itemListElement\":[{\"@type\":\"ListItem\",\"position\":1,\"name\":\"Auff\u00fchrungen\",\"item\":\"https:\/\/thirdstage.eu\/de\/zeigt\/\"},{\"@type\":\"ListItem\",\"position\":2,\"name\":\"De-facto-Theatergruppe &#8211; Walking on the Wild Side\"}]},{\"@type\":\"WebSite\",\"@id\":\"https:\/\/thirdstage.eu\/de\/#website\",\"url\":\"https:\/\/thirdstage.eu\/de\/\",\"name\":\"thirdstage.eu\",\"description\":\"Third Stage - Theatre. Online. Anywhere\",\"publisher\":{\"@id\":\"https:\/\/thirdstage.eu\/de\/#organization\"},\"alternateName\":\"ThirdStage\",\"potentialAction\":[{\"@type\":\"SearchAction\",\"target\":{\"@type\":\"EntryPoint\",\"urlTemplate\":\"https:\/\/thirdstage.eu\/de\/?s={search_term_string}\"},\"query-input\":{\"@type\":\"PropertyValueSpecification\",\"valueRequired\":true,\"valueName\":\"search_term_string\"}}],\"inLanguage\":\"de\"},{\"@type\":\"Organization\",\"@id\":\"https:\/\/thirdstage.eu\/de\/#organization\",\"name\":\"thirdstage.eu\",\"url\":\"https:\/\/thirdstage.eu\/de\/\",\"logo\":{\"@type\":\"ImageObject\",\"inLanguage\":\"de\",\"@id\":\"https:\/\/thirdstage.eu\/de\/#\/schema\/logo\/image\/\",\"url\":\"https:\/\/thirdstage.eu\/wp-content\/uploads\/2023\/11\/2020_3o_footer_logo_eng.png\",\"contentUrl\":\"https:\/\/thirdstage.eu\/wp-content\/uploads\/2023\/11\/2020_3o_footer_logo_eng.png\",\"width\":692,\"height\":148,\"caption\":\"thirdstage.eu\"},\"image\":{\"@id\":\"https:\/\/thirdstage.eu\/de\/#\/schema\/logo\/image\/\"},\"sameAs\":[\"https:\/\/thirdstage.eu\",\"https:\/\/www.instagram.com\/thirdstage.eu\/\"]}]}<\/script>\n<!-- \/ Yoast SEO plugin. -->","yoast_head_json":{"title":"De-facto-Theatergruppe - Walking on the Wild Side - ThirdStage.eu","description":"Erforschen Sie die Verschmelzung von Tanz und Schauspiel in \"Walk on the Wild Side\", einer einzigartigen Performance, die sich mit Intimit\u00e4t, Voyeurismus und der Macht des K\u00f6rperkontakts besch\u00e4ftigt.","robots":{"index":"index","follow":"follow","max-snippet":"max-snippet:-1","max-image-preview":"max-image-preview:large","max-video-preview":"max-video-preview:-1"},"canonical":"https:\/\/thirdstage.eu\/de\/zeigt\/de-facto-theater-company-walk-on-the-wild-side-17-04-um-1600-uhr\/","og_locale":"de_DE","og_type":"article","og_title":"De-facto-Theatergruppe - Walking on the Wild Side - ThirdStage.eu","og_description":"Erforschen Sie die Verschmelzung von Tanz und Schauspiel in \"Walk on the Wild Side\", einer einzigartigen Performance, die sich mit Intimit\u00e4t, Voyeurismus und der Macht des K\u00f6rperkontakts besch\u00e4ftigt.","og_url":"https:\/\/thirdstage.eu\/de\/zeigt\/de-facto-theater-company-walk-on-the-wild-side-17-04-um-1600-uhr\/","og_site_name":"ThirdStage.eu","article_publisher":"https:\/\/thirdstage.eu","article_modified_time":"2024-04-21T05:19:05+00:00","og_image":[{"width":692,"height":148,"url":"https:\/\/thirdstage.eu\/wp-content\/uploads\/2023\/11\/2020_3o_footer_logo_eng.png","type":"image\/png"}],"twitter_card":"summary_large_image","schema":{"@context":"https:\/\/schema.org","@graph":[{"@type":"WebPage","@id":"https:\/\/thirdstage.eu\/de\/zeigt\/de-facto-theater-company-walk-on-the-wild-side-17-04-um-1600-uhr\/","url":"https:\/\/thirdstage.eu\/de\/zeigt\/de-facto-theater-company-walk-on-the-wild-side-17-04-um-1600-uhr\/","name":"De-facto-Theatergruppe - Walking on the Wild Side - ThirdStage.eu","isPartOf":{"@id":"https:\/\/thirdstage.eu\/de\/#website"},"datePublished":"2024-04-05T14:12:50+00:00","dateModified":"2024-04-21T05:19:05+00:00","description":"Erforschen Sie die Verschmelzung von Tanz und Schauspiel in \"Walk on the Wild Side\", einer einzigartigen Performance, die sich mit Intimit\u00e4t, Voyeurismus und der Macht des K\u00f6rperkontakts besch\u00e4ftigt.","breadcrumb":{"@id":"https:\/\/thirdstage.eu\/de\/zeigt\/de-facto-theater-company-walk-on-the-wild-side-17-04-um-1600-uhr\/#breadcrumb"},"inLanguage":"de","potentialAction":[{"@type":"ReadAction","target":["https:\/\/thirdstage.eu\/de\/zeigt\/de-facto-theater-company-walk-on-the-wild-side-17-04-um-1600-uhr\/"]}]},{"@type":"BreadcrumbList","@id":"https:\/\/thirdstage.eu\/de\/zeigt\/de-facto-theater-company-walk-on-the-wild-side-17-04-um-1600-uhr\/#breadcrumb","itemListElement":[{"@type":"ListItem","position":1,"name":"Auff\u00fchrungen","item":"https:\/\/thirdstage.eu\/de\/zeigt\/"},{"@type":"ListItem","position":2,"name":"De-facto-Theatergruppe &#8211; Walking on the Wild Side"}]},{"@type":"WebSite","@id":"https:\/\/thirdstage.eu\/de\/#website","url":"https:\/\/thirdstage.eu\/de\/","name":"thirdstage.eu","description":"Third Stage - Theatre. Online. Anywhere","publisher":{"@id":"https:\/\/thirdstage.eu\/de\/#organization"},"alternateName":"ThirdStage","potentialAction":[{"@type":"SearchAction","target":{"@type":"EntryPoint","urlTemplate":"https:\/\/thirdstage.eu\/de\/?s={search_term_string}"},"query-input":{"@type":"PropertyValueSpecification","valueRequired":true,"valueName":"search_term_string"}}],"inLanguage":"de"},{"@type":"Organization","@id":"https:\/\/thirdstage.eu\/de\/#organization","name":"thirdstage.eu","url":"https:\/\/thirdstage.eu\/de\/","logo":{"@type":"ImageObject","inLanguage":"de","@id":"https:\/\/thirdstage.eu\/de\/#\/schema\/logo\/image\/","url":"https:\/\/thirdstage.eu\/wp-content\/uploads\/2023\/11\/2020_3o_footer_logo_eng.png","contentUrl":"https:\/\/thirdstage.eu\/wp-content\/uploads\/2023\/11\/2020_3o_footer_logo_eng.png","width":692,"height":148,"caption":"thirdstage.eu"},"image":{"@id":"https:\/\/thirdstage.eu\/de\/#\/schema\/logo\/image\/"},"sameAs":["https:\/\/thirdstage.eu","https:\/\/www.instagram.com\/thirdstage.eu\/"]}]}},"_links":{"self":[{"href":"https:\/\/thirdstage.eu\/de\/wp-json\/wp\/v2\/pages\/99702"}],"collection":[{"href":"https:\/\/thirdstage.eu\/de\/wp-json\/wp\/v2\/pages"}],"about":[{"href":"https:\/\/thirdstage.eu\/de\/wp-json\/wp\/v2\/types\/page"}],"author":[{"embeddable":true,"href":"https:\/\/thirdstage.eu\/de\/wp-json\/wp\/v2\/users\/71"}],"replies":[{"embeddable":true,"href":"https:\/\/thirdstage.eu\/de\/wp-json\/wp\/v2\/comments?post=99702"}],"version-history":[{"count":4,"href":"https:\/\/thirdstage.eu\/de\/wp-json\/wp\/v2\/pages\/99702\/revisions"}],"predecessor-version":[{"id":104432,"href":"https:\/\/thirdstage.eu\/de\/wp-json\/wp\/v2\/pages\/99702\/revisions\/104432"}],"up":[{"embeddable":true,"href":"https:\/\/thirdstage.eu\/de\/wp-json\/wp\/v2\/pages\/95688"}],"wp:attachment":[{"href":"https:\/\/thirdstage.eu\/de\/wp-json\/wp\/v2\/media?parent=99702"}],"curies":[{"name":"wp","href":"https:\/\/api.w.org\/{rel}","templated":true}]}}