{"id":100294,"date":"2024-04-06T21:39:56","date_gmt":"2024-04-06T19:39:56","guid":{"rendered":"https:\/\/thirdstage.eu\/inicio-2\/"},"modified":"2024-04-29T12:24:56","modified_gmt":"2024-04-29T10:24:56","slug":"inicio-2","status":"publish","type":"page","link":"https:\/\/thirdstage.eu\/es\/","title":{"rendered":"Inicio"},"content":{"rendered":"","protected":false},"excerpt":{"rendered":"","protected":false},"author":10171,"featured_media":88854,"parent":0,"menu_order":0,"comment_status":"closed","ping_status":"closed","template":"views\/front-page.blade.php","meta":{"_acf_changed":false,"inline_featured_image":false,"footnotes":""},"acf":[],"yoast_head":"<!-- This site is optimized with the Yoast SEO plugin v24.5 - https:\/\/yoast.com\/wordpress\/plugins\/seo\/ -->\n<title>Third Stage - Teatro. En directo. En cualquier sitio.<\/title>\n<meta name=\"description\" content=\"En una extraordinaria mezcla de cultura y tecnolog\u00eda, Third Stage rompe las barreras geogr\u00e1ficas y f\u00edsicas, permitiendo el acceso al teatro de calidad para todos.\" \/>\n<meta name=\"robots\" content=\"index, follow, max-snippet:-1, max-image-preview:large, max-video-preview:-1\" \/>\n<link rel=\"canonical\" href=\"https:\/\/thirdstage.eu\/es\/\" \/>\n<meta property=\"og:locale\" content=\"es_ES\" \/>\n<meta property=\"og:type\" content=\"article\" \/>\n<meta property=\"og:title\" content=\"Third Stage - Teatro. En directo. En cualquier sitio.\" \/>\n<meta property=\"og:description\" content=\"En una extraordinaria mezcla de cultura y tecnolog\u00eda, Third Stage rompe las barreras geogr\u00e1ficas y f\u00edsicas, permitiendo el acceso al teatro de calidad para todos.\" \/>\n<meta property=\"og:url\" content=\"https:\/\/thirdstage.eu\/es\/\" \/>\n<meta property=\"og:site_name\" content=\"ThirdStage.eu\" \/>\n<meta property=\"article:publisher\" content=\"https:\/\/thirdstage.eu\" \/>\n<meta property=\"article:modified_time\" content=\"2024-04-29T10:24:56+00:00\" \/>\n<meta property=\"og:image\" content=\"https:\/\/thirdstage.eu\/wp-content\/uploads\/2020\/12\/2020_3o_header_hero.jpg\" \/>\n\t<meta property=\"og:image:width\" content=\"2000\" \/>\n\t<meta property=\"og:image:height\" content=\"1250\" \/>\n\t<meta property=\"og:image:type\" content=\"image\/jpeg\" \/>\n<meta name=\"twitter:card\" content=\"summary_large_image\" \/>\n<meta name=\"twitter:label1\" content=\"Tiempo de lectura\" \/>\n\t<meta name=\"twitter:data1\" content=\"1 minuto\" \/>\n<script type=\"application\/ld+json\" class=\"yoast-schema-graph\">{\"@context\":\"https:\/\/schema.org\",\"@graph\":[{\"@type\":\"WebPage\",\"@id\":\"https:\/\/thirdstage.eu\/es\/\",\"url\":\"https:\/\/thirdstage.eu\/es\/\",\"name\":\"Third Stage - Teatro. En directo. En cualquier sitio.\",\"isPartOf\":{\"@id\":\"https:\/\/thirdstage.eu\/es\/#website\"},\"primaryImageOfPage\":{\"@id\":\"https:\/\/thirdstage.eu\/es\/#primaryimage\"},\"image\":{\"@id\":\"https:\/\/thirdstage.eu\/es\/#primaryimage\"},\"thumbnailUrl\":\"https:\/\/thirdstage.eu\/wp-content\/uploads\/2020\/12\/2020_3o_header_hero.jpg\",\"datePublished\":\"2024-04-06T19:39:56+00:00\",\"dateModified\":\"2024-04-29T10:24:56+00:00\",\"description\":\"En una extraordinaria mezcla de cultura y tecnolog\u00eda, Third Stage rompe las barreras geogr\u00e1ficas y f\u00edsicas, permitiendo el acceso al teatro de calidad para todos.\",\"inLanguage\":\"es\",\"potentialAction\":[{\"@type\":\"ReadAction\",\"target\":[\"https:\/\/thirdstage.eu\/es\/\"]}]},{\"@type\":\"ImageObject\",\"inLanguage\":\"es\",\"@id\":\"https:\/\/thirdstage.eu\/es\/#primaryimage\",\"url\":\"https:\/\/thirdstage.eu\/wp-content\/uploads\/2020\/12\/2020_3o_header_hero.jpg\",\"contentUrl\":\"https:\/\/thirdstage.eu\/wp-content\/uploads\/2020\/12\/2020_3o_header_hero.jpg\",\"width\":2000,\"height\":1250},{\"@type\":\"WebSite\",\"@id\":\"https:\/\/thirdstage.eu\/es\/#website\",\"url\":\"https:\/\/thirdstage.eu\/es\/\",\"name\":\"thirdstage.eu\",\"description\":\"Third Stage - Theatre. Online. Anywhere\",\"publisher\":{\"@id\":\"https:\/\/thirdstage.eu\/es\/#organization\"},\"alternateName\":\"ThirdStage\",\"potentialAction\":[{\"@type\":\"SearchAction\",\"target\":{\"@type\":\"EntryPoint\",\"urlTemplate\":\"https:\/\/thirdstage.eu\/es\/?s={search_term_string}\"},\"query-input\":{\"@type\":\"PropertyValueSpecification\",\"valueRequired\":true,\"valueName\":\"search_term_string\"}}],\"inLanguage\":\"es\"},{\"@type\":\"Organization\",\"@id\":\"https:\/\/thirdstage.eu\/es\/#organization\",\"name\":\"thirdstage.eu\",\"url\":\"https:\/\/thirdstage.eu\/es\/\",\"logo\":{\"@type\":\"ImageObject\",\"inLanguage\":\"es\",\"@id\":\"https:\/\/thirdstage.eu\/es\/#\/schema\/logo\/image\/\",\"url\":\"https:\/\/thirdstage.eu\/wp-content\/uploads\/2023\/11\/2020_3o_footer_logo_eng.png\",\"contentUrl\":\"https:\/\/thirdstage.eu\/wp-content\/uploads\/2023\/11\/2020_3o_footer_logo_eng.png\",\"width\":692,\"height\":148,\"caption\":\"thirdstage.eu\"},\"image\":{\"@id\":\"https:\/\/thirdstage.eu\/es\/#\/schema\/logo\/image\/\"},\"sameAs\":[\"https:\/\/thirdstage.eu\",\"https:\/\/www.instagram.com\/thirdstage.eu\/\"]}]}<\/script>\n<!-- \/ Yoast SEO plugin. -->","yoast_head_json":{"title":"Third Stage - Teatro. En directo. En cualquier sitio.","description":"En una extraordinaria mezcla de cultura y tecnolog\u00eda, Third Stage rompe las barreras geogr\u00e1ficas y f\u00edsicas, permitiendo el acceso al teatro de calidad para todos.","robots":{"index":"index","follow":"follow","max-snippet":"max-snippet:-1","max-image-preview":"max-image-preview:large","max-video-preview":"max-video-preview:-1"},"canonical":"https:\/\/thirdstage.eu\/es\/","og_locale":"es_ES","og_type":"article","og_title":"Third Stage - Teatro. En directo. En cualquier sitio.","og_description":"En una extraordinaria mezcla de cultura y tecnolog\u00eda, Third Stage rompe las barreras geogr\u00e1ficas y f\u00edsicas, permitiendo el acceso al teatro de calidad para todos.","og_url":"https:\/\/thirdstage.eu\/es\/","og_site_name":"ThirdStage.eu","article_publisher":"https:\/\/thirdstage.eu","article_modified_time":"2024-04-29T10:24:56+00:00","og_image":[{"width":2000,"height":1250,"url":"https:\/\/thirdstage.eu\/wp-content\/uploads\/2020\/12\/2020_3o_header_hero.jpg","type":"image\/jpeg"}],"twitter_card":"summary_large_image","twitter_misc":{"Tiempo de lectura":"1 minuto"},"schema":{"@context":"https:\/\/schema.org","@graph":[{"@type":"WebPage","@id":"https:\/\/thirdstage.eu\/es\/","url":"https:\/\/thirdstage.eu\/es\/","name":"Third Stage - Teatro. En directo. En cualquier sitio.","isPartOf":{"@id":"https:\/\/thirdstage.eu\/es\/#website"},"primaryImageOfPage":{"@id":"https:\/\/thirdstage.eu\/es\/#primaryimage"},"image":{"@id":"https:\/\/thirdstage.eu\/es\/#primaryimage"},"thumbnailUrl":"https:\/\/thirdstage.eu\/wp-content\/uploads\/2020\/12\/2020_3o_header_hero.jpg","datePublished":"2024-04-06T19:39:56+00:00","dateModified":"2024-04-29T10:24:56+00:00","description":"En una extraordinaria mezcla de cultura y tecnolog\u00eda, Third Stage rompe las barreras geogr\u00e1ficas y f\u00edsicas, permitiendo el acceso al teatro de calidad para todos.","inLanguage":"es","potentialAction":[{"@type":"ReadAction","target":["https:\/\/thirdstage.eu\/es\/"]}]},{"@type":"ImageObject","inLanguage":"es","@id":"https:\/\/thirdstage.eu\/es\/#primaryimage","url":"https:\/\/thirdstage.eu\/wp-content\/uploads\/2020\/12\/2020_3o_header_hero.jpg","contentUrl":"https:\/\/thirdstage.eu\/wp-content\/uploads\/2020\/12\/2020_3o_header_hero.jpg","width":2000,"height":1250},{"@type":"WebSite","@id":"https:\/\/thirdstage.eu\/es\/#website","url":"https:\/\/thirdstage.eu\/es\/","name":"thirdstage.eu","description":"Third Stage - Theatre. Online. Anywhere","publisher":{"@id":"https:\/\/thirdstage.eu\/es\/#organization"},"alternateName":"ThirdStage","potentialAction":[{"@type":"SearchAction","target":{"@type":"EntryPoint","urlTemplate":"https:\/\/thirdstage.eu\/es\/?s={search_term_string}"},"query-input":{"@type":"PropertyValueSpecification","valueRequired":true,"valueName":"search_term_string"}}],"inLanguage":"es"},{"@type":"Organization","@id":"https:\/\/thirdstage.eu\/es\/#organization","name":"thirdstage.eu","url":"https:\/\/thirdstage.eu\/es\/","logo":{"@type":"ImageObject","inLanguage":"es","@id":"https:\/\/thirdstage.eu\/es\/#\/schema\/logo\/image\/","url":"https:\/\/thirdstage.eu\/wp-content\/uploads\/2023\/11\/2020_3o_footer_logo_eng.png","contentUrl":"https:\/\/thirdstage.eu\/wp-content\/uploads\/2023\/11\/2020_3o_footer_logo_eng.png","width":692,"height":148,"caption":"thirdstage.eu"},"image":{"@id":"https:\/\/thirdstage.eu\/es\/#\/schema\/logo\/image\/"},"sameAs":["https:\/\/thirdstage.eu","https:\/\/www.instagram.com\/thirdstage.eu\/"]}]}},"_links":{"self":[{"href":"https:\/\/thirdstage.eu\/es\/wp-json\/wp\/v2\/pages\/100294"}],"collection":[{"href":"https:\/\/thirdstage.eu\/es\/wp-json\/wp\/v2\/pages"}],"about":[{"href":"https:\/\/thirdstage.eu\/es\/wp-json\/wp\/v2\/types\/page"}],"author":[{"embeddable":true,"href":"https:\/\/thirdstage.eu\/es\/wp-json\/wp\/v2\/users\/10171"}],"replies":[{"embeddable":true,"href":"https:\/\/thirdstage.eu\/es\/wp-json\/wp\/v2\/comments?post=100294"}],"version-history":[{"count":22,"href":"https:\/\/thirdstage.eu\/es\/wp-json\/wp\/v2\/pages\/100294\/revisions"}],"predecessor-version":[{"id":105507,"href":"https:\/\/thirdstage.eu\/es\/wp-json\/wp\/v2\/pages\/100294\/revisions\/105507"}],"wp:featuredmedia":[{"embeddable":true,"href":"https:\/\/thirdstage.eu\/es\/wp-json\/wp\/v2\/media\/88854"}],"wp:attachment":[{"href":"https:\/\/thirdstage.eu\/es\/wp-json\/wp\/v2\/media?parent=100294"}],"curies":[{"name":"wp","href":"https:\/\/api.w.org\/{rel}","templated":true}]}}