{"id":96712,"date":"2020-02-01T23:02:02","date_gmt":"2020-02-01T22:02:02","guid":{"rendered":"https:\/\/thirdstage.eu\/terminos-y-condiciones-generales\/"},"modified":"2024-04-07T10:32:26","modified_gmt":"2024-04-07T08:32:26","slug":"terminos-y-condiciones-generales","status":"publish","type":"page","link":"https:\/\/thirdstage.eu\/es\/terminos-y-condiciones-generales\/","title":{"rendered":"T\u00e9rminos y Condiciones Generales"},"content":{"rendered":"<h1>Protecci\u00f3n de datos personales<\/h1>\n<p>Periskop d.o.o. (en lo sucesivo, el &#8220;Responsable del tratamiento&#8221;) respeta la privacidad de todas las personas que visitan nuestros sitios web (en lo sucesivo, el &#8220;Usuario&#8221;). La adquisici\u00f3n, el procesamiento y el uso de datos se llevan a cabo de acuerdo con la legislaci\u00f3n eslovena aplicable (Ley de Protecci\u00f3n de Datos Personales: ZVOP-1) y la legislaci\u00f3n de la UE en el \u00e1mbito de la protecci\u00f3n de datos personales (RGPD \u2013 Reglamento General de Protecci\u00f3n de Datos).<\/p>\n<p>Recogemos y procesamos datos personales (nombres y apellidos, direcciones de correo electr\u00f3nico) con el fin de informarle sobre el programa y las ventajas especiales de Periskop d.o.o. con el fin de evaluar nuestros servicios, y s\u00f3lo si usted decide voluntariamente hacerlo. En nuestra recopilaci\u00f3n de datos personales, almacenamos los nombres y direcciones de correo electr\u00f3nico que obtuvimos al suscribirnos a las noticias electr\u00f3nicas en el sitio web de www.thirdstage.eu y con consentimientos para informarle al realizar una compra en nuestra tienda en l\u00ednea. En todos los casos mencionados, usted acepta estos T\u00e9rminos de uso. Almacenamos los datos personales as\u00ed obtenidos solo hasta su cancelaci\u00f3n. En caso de que ya no desee recibir nuestro contenido, tiene la opci\u00f3n de darse de baja en cualquier momento. En el momento de darse de baja, tambi\u00e9n eliminaremos sus datos de todas nuestras recopilaciones de datos personales.<\/p>\n<p>En nuestra base de datos de datos personales, tambi\u00e9n recopilamos y procesamos datos personales (nombres y apellidos, direcciones de correo electr\u00f3nico) de TODOS LOS COMPRADORES EN L\u00cdNEA, solo con el fin de comunicarnos con el cliente relacionados con la compra de nuestros servicios y verificar la satisfacci\u00f3n del cliente relacionada con el objeto de la compra. Una vez prestado el servicio, todos los datos personales recopilados se eliminar\u00e1n de todas las bases de datos.<\/p>\n<p>El administrador garantiza un alto nivel de protecci\u00f3n de los datos personales y se compromete a almacenar y utilizar cuidadosamente todos los datos personales recibidos \u00fanicamente para los fines descritos anteriormente. Con el fin de mejorar la calidad de nuestros servicios y con fines estad\u00edsticos, tambi\u00e9n procesamos datos sobre la visualizaci\u00f3n de los mensajes recibidos y los clics en los enlaces de los mensajes recibidos.<\/p>\n<p>Los datos obtenidos no ser\u00e1n utilizados, procesados o transmitidos a terceros en la medida en que vayan m\u00e1s all\u00e1 de los l\u00edmites legalmente permitidos o de su consentimiento. Solo compartiremos datos si estamos obligados a hacerlo sobre la base de solicitudes oficiales u \u00f3rdenes judiciales.<\/p>\n<p>El usuario responde que todos los datos transmitidos son verdaderos y exactos. El administrador no se hace responsable de las consecuencias de la falsedad de los datos.<\/p>\n<p>Con el fin de garantizar un tratamiento justo y transparente de los datos personales recogidos, el usuario tiene derecho a solicitar al responsable del tratamiento el acceso a los datos personales y la rectificaci\u00f3n o supresi\u00f3n de los datos personales o la limitaci\u00f3n del tratamiento que le concierne o tiene derecho a oponerse al tratamiento y a la portabilidad de los datos.<\/p>\n<p>El usuario tiene derecho a presentar una queja ante el Comisionado de Informaci\u00f3n en relaci\u00f3n con la recopilaci\u00f3n y el procesamiento de datos personales que le conciernen.<\/p>\n<p>El propio usuario tambi\u00e9n es responsable de la protecci\u00f3n de los datos personales cuidando la seguridad de su nombre de usuario y contrase\u00f1a, la seguridad de su buz\u00f3n de correo electr\u00f3nico y la protecci\u00f3n del software adecuado (antivirus) del dispositivo con el que visita el sitio web.<\/p>\n<h2><\/h2>\n<h2>Limitaci\u00f3n de responsabilidad<\/h2>\n<p><span style=\"font-weight: 400;\">El administrador se reserva el derecho de cometer errores en todos sus sitios web, tanto en la parte de imagen como de texto, y no asume ninguna responsabilidad por los mismos.<\/span><\/p>\n<p><span style=\"font-weight: 400;\">El administrador no es responsable de la falla de la ejecuci\u00f3n en caso de problemas en la conexi\u00f3n a Internet o problemas t\u00e9cnicos por parte del espectador\/comprador.<\/span><\/p>\n<p><span style=\"font-weight: 400;\">El administrador se reserva el derecho de cambiar este sitio web y estos t\u00e9rminos en cualquier momento, sin permiso especial o informar al usuario al respecto. Sin embargo, las Condiciones de Uso modificadas entrar\u00e1n en vigor el d\u00eda en que se publiquen los cambios en el sitio web.<\/span><\/p>\n<p><span style=\"font-weight: 400;\">Los t\u00e9rminos de uso descritos anteriormente no se aplican a los sitios web externos a los que se puede acceder a trav\u00e9s de hiperv\u00ednculos proporcionados en nuestro sitio web.<\/span><\/p>\n<p><span style=\"font-weight: 400;\">Al ver el contenido de este sitio web, suscribirse a e-news y\/o utilizar el formulario de contacto, se aceptan autom\u00e1ticamente todas las condiciones de uso descritas anteriormente.<\/span><\/p>\n<p><strong>Datos de contacto<\/strong><\/p>\n<p><span style=\"font-weight: 400;\">Periskop d.o.o.<\/span><\/p>\n<p><span style=\"font-weight: 400;\">Ulica bratov U\u010dakar 60<\/span><\/p>\n<p><span style=\"font-weight: 400;\">1000 Ljubljana<\/span><\/p>\n<p>Slovenia<\/p>\n<h2><\/h2>\n<h2>Entradas regalo<\/h2>\n<p>Al comprar un boleto de regalo, el comprador recibe un c\u00f3digo \u00fanico en la direcci\u00f3n de correo electr\u00f3nico que puede dar a cualquier persona. Canjee el c\u00f3digo en <a href=\"https:\/\/thirdstage.eu\/es\/\">www.thirdstage.eu<\/a> y canj\u00e9elo por la fecha de actuaci\u00f3n que elija. <b class=\"\">Las entradas de regalo son canjeables por la funci\u00f3n y la fecha seleccionadas en el momento de la compra de la entrada de regalo.<\/b><\/p>\n<h2><\/h2>\n<h2>Formas de pago<\/h2>\n<p><span style=\"font-weight: 400;\">Puede comprar en www.thirdstage.eu utilizando los siguientes m\u00e9todos de pago:<\/span><\/p>\n<ul>\n<li style=\"font-weight: 400;\"><span style=\"font-weight: 400;\">Tarjetas de cr\u00e9dito<\/span><\/li>\n<li style=\"font-weight: 400;\"><span style=\"font-weight: 400;\">Pagar a Pal<\/span><\/li>\n<li>GoCrypto<\/li>\n<\/ul>\n<p><span style=\"font-weight: 400;\"><br \/>\nADVERTENCIA: El sistema de pago con tarjeta de cr\u00e9dito no es responsabilidad del proveedor de entradas (sitio web thirdstage.eu), \u00a1el pago se realiza en Stripe! Todas las condiciones de pago y los protocolos de seguridad son determinados y ejecutados por Stripe.<\/span><\/p>\n<h2><\/h2>\n<h2>Comprar entradas: introduzca el c\u00f3digo CVC<\/h2>\n<p><span style=\"font-weight: 400;\">Al comprar con tarjetas de cr\u00e9dito, es obligatorio introducir el c\u00f3digo CVC de la tarjeta de pago. El c\u00f3digo es el \u00faltimo n\u00famero de 3 o 4 d\u00edgitos en el reverso de la tarjeta bancaria en el campo de entrada de la firma.<\/span><\/p>\n<h2><\/h2>\n<h2>Estado de la compra<\/h2>\n<p><span style=\"font-weight: 400;\">En <\/span><b>Mi Cuenta<\/b><span style=\"font-weight: 400;\"> Los usuarios pueden (previa inscripci\u00f3n) comprobar el estado de las compras. La revisi\u00f3n incluye todas las transacciones completadas con \u00e9xito, con indicaci\u00f3n de los nombres de las actuaciones, las fechas de las compras, los n\u00fameros de confirmaci\u00f3n y otra informaci\u00f3n de compra. <\/span><\/p>\n<p><span style=\"font-weight: 400;\">En caso de que tenga varios nombres de usuario (en diferentes direcciones de correo electr\u00f3nico), al ver las compras, preste atenci\u00f3n al nombre de usuario con el que ha iniciado sesi\u00f3n; \u00a1Las transacciones est\u00e1n vinculadas a su nombre de usuario!<\/span><\/p>\n<h2><\/h2>\n<h2>Comprar en l\u00ednea es definitivo<\/h2>\n<p><span style=\"font-weight: 400;\">Antes de hacer clic en <strong>Pagar<\/strong> , el comprador est\u00e1 obligado a comprobar cuidadosamente toda la informaci\u00f3n sobre la compra (fecha e importe de la compra, organizador, nombre de la actuaci\u00f3n, n\u00famero de asientos, etc.). En la \u00faltima casilla antes del pago, todav\u00eda es posible cambiar cualquiera de los art\u00edculos de compra: evento, fecha, hora. Despu\u00e9s de la transacci\u00f3n, que se realiza indirectamente despu\u00e9s de hacer clic en el pago, ya no es posible realizar cambios o desistir de la compra.<\/span><\/p>\n<h2><\/h2>\n<h2>Errores durante la compra<\/h2>\n<p><span style=\"font-weight: 400;\">En el caso de que el motor de b\u00fasqueda proporcione una notificaci\u00f3n de error durante la compra, o surjan otros problemas evidentes en el momento de la compra, el comprador comprueba primero el estado de las compras en la <\/span> <b>secci\u00f3n Mi Cuenta &#8211; Pedidos<\/b> antes de volver a intentarlo<span style=\"font-weight: 400;\">. Si no se registra ninguna confirmaci\u00f3n para el evento deseado, \u00a1la transacci\u00f3n no se realiz\u00f3! <\/span><\/p>\n<p><span style=\"font-weight: 400;\">El comprador proporciona la siguiente informaci\u00f3n sobre la compra por correo electr\u00f3nico:<\/span><\/p>\n<p><span style=\"font-weight: 400;\">* fecha\/hora de compra;<\/span><\/p>\n<p><span style=\"font-weight: 400;\">* t\u00edtulo de la actuaci\u00f3n;<\/span><\/p>\n<p><span style=\"font-weight: 400;\">* n\u00famero de entradas;<\/span><\/p>\n<p><span style=\"font-weight: 400;\">* direcci\u00f3n de correo electr\u00f3nico utilizada en el momento de la compra;<\/span><\/p>\n<p><span style=\"font-weight: 400;\">* m\u00e9todo de pago utilizado;<\/span><\/p>\n<p><span style=\"font-weight: 400;\">* en qu\u00e9 etapa de la compra se produjo el problema;<\/span><\/p>\n<p><span style=\"font-weight: 400;\">* Notificaci\u00f3n que apareci\u00f3.<\/span><\/p>\n<p><span style=\"font-weight: 400;\">El gestor del portal no se hace responsable de las consecuencias derivadas de la falta de suministro por parte del comprador de la informaci\u00f3n requerida sobre la compra.<\/span><\/p>\n<h2><\/h2>\n<h2>Declaraci\u00f3n de privacidad<\/h2>\n<p><span style=\"font-weight: 400;\">Al visitar el sitio, usted da su consentimiento para la recopilaci\u00f3n y el uso de sus datos de acuerdo con la pol\u00edtica de la tienda en l\u00ednea. La pol\u00edtica de la tienda en l\u00ednea cumple con la Ley de Protecci\u00f3n de Datos Personales (ZVOP-1, your.l.RS n.\u00ba 86\/2004, 113\/2005)<\/span><\/p>\n<h2><\/h2>\n<h2>Cambios en la Pol\u00edtica de Privacidad<\/h2>\n<p><span style=\"font-weight: 400;\">Nos reservamos el derecho de cambiar esta pol\u00edtica en cualquier momento. Al hacerlo, siempre le notificaremos un cambio sustancial en la pol\u00edtica publicando el cambio en la p\u00e1gina de inicio del sitio web o envi\u00e1ndole un aviso del cambio. <\/span><\/p>\n","protected":false},"excerpt":{"rendered":"<p>Protecci\u00f3n de datos personales Periskop d.o.o. (en lo sucesivo, el &#8220;Responsable del tratamiento&#8221;) respeta la privacidad de todas las personas que visitan nuestros sitios web (en lo sucesivo, el &#8220;Usuario&#8221;). La adquisici\u00f3n, el procesamiento y el uso de datos se llevan a cabo de acuerdo con la legislaci\u00f3n eslovena aplicable (Ley de Protecci\u00f3n de Datos &hellip; <a href=\"https:\/\/thirdstage.eu\/es\/terminos-y-condiciones-generales\/\">Continued<\/a><\/p>\n","protected":false},"author":71,"featured_media":0,"parent":0,"menu_order":0,"comment_status":"closed","ping_status":"open","template":"","meta":{"_acf_changed":false,"inline_featured_image":false,"footnotes":""},"acf":[],"yoast_head":"<!-- This site is optimized with the Yoast SEO plugin v24.5 - https:\/\/yoast.com\/wordpress\/plugins\/seo\/ -->\n<title>T\u00e9rminos y Condiciones Generales - ThirdStage.eu<\/title>\n<meta name=\"robots\" content=\"index, follow, max-snippet:-1, max-image-preview:large, max-video-preview:-1\" \/>\n<link rel=\"canonical\" href=\"https:\/\/thirdstage.eu\/es\/terminos-y-condiciones-generales\/\" \/>\n<meta property=\"og:locale\" content=\"es_ES\" \/>\n<meta property=\"og:type\" content=\"article\" \/>\n<meta property=\"og:title\" content=\"T\u00e9rminos y Condiciones Generales - ThirdStage.eu\" \/>\n<meta property=\"og:description\" content=\"Protecci\u00f3n de datos personales Periskop d.o.o. (en lo sucesivo, el &#8220;Responsable del tratamiento&#8221;) respeta la privacidad de todas las personas que visitan nuestros sitios web (en lo sucesivo, el &#8220;Usuario&#8221;). La adquisici\u00f3n, el procesamiento y el uso de datos se llevan a cabo de acuerdo con la legislaci\u00f3n eslovena aplicable (Ley de Protecci\u00f3n de Datos &hellip; Continued\" \/>\n<meta property=\"og:url\" content=\"https:\/\/thirdstage.eu\/es\/terminos-y-condiciones-generales\/\" \/>\n<meta property=\"og:site_name\" content=\"ThirdStage.eu\" \/>\n<meta property=\"article:publisher\" content=\"https:\/\/thirdstage.eu\" \/>\n<meta property=\"article:modified_time\" content=\"2024-04-07T08:32:26+00:00\" \/>\n<meta property=\"og:image\" content=\"https:\/\/thirdstage.eu\/wp-content\/uploads\/2023\/11\/2020_3o_footer_logo_eng.png\" \/>\n\t<meta property=\"og:image:width\" content=\"692\" \/>\n\t<meta property=\"og:image:height\" content=\"148\" \/>\n\t<meta property=\"og:image:type\" content=\"image\/png\" \/>\n<meta name=\"twitter:card\" content=\"summary_large_image\" \/>\n<meta name=\"twitter:label1\" content=\"Tiempo de lectura\" \/>\n\t<meta name=\"twitter:data1\" content=\"8 minutos\" \/>\n<script type=\"application\/ld+json\" class=\"yoast-schema-graph\">{\"@context\":\"https:\/\/schema.org\",\"@graph\":[{\"@type\":\"WebPage\",\"@id\":\"https:\/\/thirdstage.eu\/es\/terminos-y-condiciones-generales\/\",\"url\":\"https:\/\/thirdstage.eu\/es\/terminos-y-condiciones-generales\/\",\"name\":\"T\u00e9rminos y Condiciones Generales - ThirdStage.eu\",\"isPartOf\":{\"@id\":\"https:\/\/thirdstage.eu\/es\/#website\"},\"datePublished\":\"2020-02-01T22:02:02+00:00\",\"dateModified\":\"2024-04-07T08:32:26+00:00\",\"inLanguage\":\"es\",\"potentialAction\":[{\"@type\":\"ReadAction\",\"target\":[\"https:\/\/thirdstage.eu\/es\/terminos-y-condiciones-generales\/\"]}]},{\"@type\":\"WebSite\",\"@id\":\"https:\/\/thirdstage.eu\/es\/#website\",\"url\":\"https:\/\/thirdstage.eu\/es\/\",\"name\":\"thirdstage.eu\",\"description\":\"Third Stage - Theatre. Online. Anywhere\",\"publisher\":{\"@id\":\"https:\/\/thirdstage.eu\/es\/#organization\"},\"alternateName\":\"ThirdStage\",\"potentialAction\":[{\"@type\":\"SearchAction\",\"target\":{\"@type\":\"EntryPoint\",\"urlTemplate\":\"https:\/\/thirdstage.eu\/es\/?s={search_term_string}\"},\"query-input\":{\"@type\":\"PropertyValueSpecification\",\"valueRequired\":true,\"valueName\":\"search_term_string\"}}],\"inLanguage\":\"es\"},{\"@type\":\"Organization\",\"@id\":\"https:\/\/thirdstage.eu\/es\/#organization\",\"name\":\"thirdstage.eu\",\"url\":\"https:\/\/thirdstage.eu\/es\/\",\"logo\":{\"@type\":\"ImageObject\",\"inLanguage\":\"es\",\"@id\":\"https:\/\/thirdstage.eu\/es\/#\/schema\/logo\/image\/\",\"url\":\"https:\/\/thirdstage.eu\/wp-content\/uploads\/2023\/11\/2020_3o_footer_logo_eng.png\",\"contentUrl\":\"https:\/\/thirdstage.eu\/wp-content\/uploads\/2023\/11\/2020_3o_footer_logo_eng.png\",\"width\":692,\"height\":148,\"caption\":\"thirdstage.eu\"},\"image\":{\"@id\":\"https:\/\/thirdstage.eu\/es\/#\/schema\/logo\/image\/\"},\"sameAs\":[\"https:\/\/thirdstage.eu\",\"https:\/\/www.instagram.com\/thirdstage.eu\/\"]}]}<\/script>\n<!-- \/ Yoast SEO plugin. -->","yoast_head_json":{"title":"T\u00e9rminos y Condiciones Generales - ThirdStage.eu","robots":{"index":"index","follow":"follow","max-snippet":"max-snippet:-1","max-image-preview":"max-image-preview:large","max-video-preview":"max-video-preview:-1"},"canonical":"https:\/\/thirdstage.eu\/es\/terminos-y-condiciones-generales\/","og_locale":"es_ES","og_type":"article","og_title":"T\u00e9rminos y Condiciones Generales - ThirdStage.eu","og_description":"Protecci\u00f3n de datos personales Periskop d.o.o. (en lo sucesivo, el &#8220;Responsable del tratamiento&#8221;) respeta la privacidad de todas las personas que visitan nuestros sitios web (en lo sucesivo, el &#8220;Usuario&#8221;). La adquisici\u00f3n, el procesamiento y el uso de datos se llevan a cabo de acuerdo con la legislaci\u00f3n eslovena aplicable (Ley de Protecci\u00f3n de Datos &hellip; Continued","og_url":"https:\/\/thirdstage.eu\/es\/terminos-y-condiciones-generales\/","og_site_name":"ThirdStage.eu","article_publisher":"https:\/\/thirdstage.eu","article_modified_time":"2024-04-07T08:32:26+00:00","og_image":[{"width":692,"height":148,"url":"https:\/\/thirdstage.eu\/wp-content\/uploads\/2023\/11\/2020_3o_footer_logo_eng.png","type":"image\/png"}],"twitter_card":"summary_large_image","twitter_misc":{"Tiempo de lectura":"8 minutos"},"schema":{"@context":"https:\/\/schema.org","@graph":[{"@type":"WebPage","@id":"https:\/\/thirdstage.eu\/es\/terminos-y-condiciones-generales\/","url":"https:\/\/thirdstage.eu\/es\/terminos-y-condiciones-generales\/","name":"T\u00e9rminos y Condiciones Generales - ThirdStage.eu","isPartOf":{"@id":"https:\/\/thirdstage.eu\/es\/#website"},"datePublished":"2020-02-01T22:02:02+00:00","dateModified":"2024-04-07T08:32:26+00:00","inLanguage":"es","potentialAction":[{"@type":"ReadAction","target":["https:\/\/thirdstage.eu\/es\/terminos-y-condiciones-generales\/"]}]},{"@type":"WebSite","@id":"https:\/\/thirdstage.eu\/es\/#website","url":"https:\/\/thirdstage.eu\/es\/","name":"thirdstage.eu","description":"Third Stage - Theatre. Online. Anywhere","publisher":{"@id":"https:\/\/thirdstage.eu\/es\/#organization"},"alternateName":"ThirdStage","potentialAction":[{"@type":"SearchAction","target":{"@type":"EntryPoint","urlTemplate":"https:\/\/thirdstage.eu\/es\/?s={search_term_string}"},"query-input":{"@type":"PropertyValueSpecification","valueRequired":true,"valueName":"search_term_string"}}],"inLanguage":"es"},{"@type":"Organization","@id":"https:\/\/thirdstage.eu\/es\/#organization","name":"thirdstage.eu","url":"https:\/\/thirdstage.eu\/es\/","logo":{"@type":"ImageObject","inLanguage":"es","@id":"https:\/\/thirdstage.eu\/es\/#\/schema\/logo\/image\/","url":"https:\/\/thirdstage.eu\/wp-content\/uploads\/2023\/11\/2020_3o_footer_logo_eng.png","contentUrl":"https:\/\/thirdstage.eu\/wp-content\/uploads\/2023\/11\/2020_3o_footer_logo_eng.png","width":692,"height":148,"caption":"thirdstage.eu"},"image":{"@id":"https:\/\/thirdstage.eu\/es\/#\/schema\/logo\/image\/"},"sameAs":["https:\/\/thirdstage.eu","https:\/\/www.instagram.com\/thirdstage.eu\/"]}]}},"_links":{"self":[{"href":"https:\/\/thirdstage.eu\/es\/wp-json\/wp\/v2\/pages\/96712"}],"collection":[{"href":"https:\/\/thirdstage.eu\/es\/wp-json\/wp\/v2\/pages"}],"about":[{"href":"https:\/\/thirdstage.eu\/es\/wp-json\/wp\/v2\/types\/page"}],"author":[{"embeddable":true,"href":"https:\/\/thirdstage.eu\/es\/wp-json\/wp\/v2\/users\/71"}],"replies":[{"embeddable":true,"href":"https:\/\/thirdstage.eu\/es\/wp-json\/wp\/v2\/comments?post=96712"}],"version-history":[{"count":4,"href":"https:\/\/thirdstage.eu\/es\/wp-json\/wp\/v2\/pages\/96712\/revisions"}],"predecessor-version":[{"id":100245,"href":"https:\/\/thirdstage.eu\/es\/wp-json\/wp\/v2\/pages\/96712\/revisions\/100245"}],"wp:attachment":[{"href":"https:\/\/thirdstage.eu\/es\/wp-json\/wp\/v2\/media?parent=96712"}],"curies":[{"name":"wp","href":"https:\/\/api.w.org\/{rel}","templated":true}]}}