{"id":96725,"date":"2020-12-28T10:05:11","date_gmt":"2020-12-28T09:05:11","guid":{"rendered":"https:\/\/thirdstage.eu\/ayuda\/"},"modified":"2024-04-23T11:31:06","modified_gmt":"2024-04-23T09:31:06","slug":"ayuda","status":"publish","type":"page","link":"https:\/\/thirdstage.eu\/es\/ayuda\/","title":{"rendered":"Ayuda"},"content":{"rendered":"<div class=\"col-md-10 mb-5\">\n<h1>INSTRUCCIONES PARA COMPRAR UN BILLETE<\/h1>\n<ol class=\"pl-4\">\n<li class=\"mt-1\">En el enlace <a href=\"https:\/\/thirdstage.eu\/es\/\">thirdstage.eu<\/a>, seleccione el espect\u00e1culo que deseas comprar.<\/li>\n<li class=\"mt-1\">Puede hacer clic en el programa para obtener m\u00e1s informaci\u00f3n o en el bot\u00f3n COMPRAR.<\/li>\n<li>El sitio web le notificar\u00e1 que su producto se ha a\u00f1adido al carrito.<\/li>\n<li class=\"mt-1\">Haga clic en la notificaci\u00f3n de la parte inferior de la p\u00e1gina o en el bot\u00f3n FINALIZAR COMPRA de la esquina superior derecha.<\/li>\n<li>Si tienes un c\u00f3digo de descuento, puedes ingresarlo en el campo sobre tus detalles (Haz clic aqu\u00ed para inroducir tu c\u00f3digo.).<\/li>\n<li>Siga el procedimiento para completar su pedido.<\/li>\n<li class=\"mt-1\">Introduce tus datos y crea una CUENTA DE USUARIO*.<\/li>\n<li class=\"mt-1\">Seleccione un m\u00e9todo de pago y siga las instrucciones de pago.<\/li>\n<li class=\"mt-1\">Encima del bot\u00f3n REALIZAR EL PEDIDO \/ PROCEDER A PAYPAL, indique que est\u00e1 de acuerdo con los t\u00e9rminos.<\/li>\n<li class=\"mt-1\">Haga clic en el bot\u00f3n REALIZAR EL PEDIDO \/ PROCEDER A PAYPAL.<\/li>\n<\/ol>\n<p>&nbsp;<\/p>\n<h3>\u00a1ESO ES TODO!<\/h3>\n<p>El enlace para ver la actuaci\u00f3n estar\u00e1 activo inmediatamente despu\u00e9s de tu compra en la pesta\u00f1a VER EL PROGRAMA.<\/p>\n<p>* Se requiere una CUENTA DE USUARIO para asistir a la representaci\u00f3n. La cuenta no se puede compartir.<\/p>\n<\/div>\n<p><!--more--><\/p>\n<div class=\"col-md-10 mb-5\">\n<h2 id=\"darline\">INSTRUCCIONES PARA COMPRAR UN TICKET REGALO<\/h2>\n<ol class=\"pl-4\">\n<li>En el enlace <a href=\"https:\/\/thirdstage.eu\/es\/\">thirdstage.eu<\/a>, seleccione el espect\u00e1culo que deseas comprar.<\/li>\n<li class=\"mt-1\">Busque el espect\u00e1culo que desee en el segmento <a href=\"https:\/\/thirdstage.eu\/#darilo\">REGALA UNA EXPERIENCIA.<\/a><\/li>\n<li>El sitio web le notificar\u00e1 que su producto se ha a\u00f1adido al carrito.<\/li>\n<li>Haga clic en la notificaci\u00f3n de la parte inferior de la p\u00e1gina o en el bot\u00f3n FINALIZAR COMPRA de la esquina superior derecha.<\/li>\n<li>Si tienes un c\u00f3digo de descuento, puedes ingresarlo en el campo sobre tus detalles (Haz clic aqu\u00ed para inroducir tu c\u00f3digo.).<\/li>\n<li>Siga el procedimiento para completar su pedido.<\/li>\n<li class=\"mt-1\">Introduce tus datos y crea una CUENTA DE USUARIO*.<\/li>\n<li>En la opci\u00f3n Contrase\u00f1a, elija si desea que el ticket regalo se abone en su cuenta o se env\u00ede directamente al destinatario.<\/li>\n<li class=\"mt-1\">Seleccione un m\u00e9todo de pago y siga las instrucciones de pago.<\/li>\n<li>Encima del bot\u00f3n REALIZAR EL PEDIDO \/ PROCEDER A PAYPAL, indique que est\u00e1 de acuerdo con los t\u00e9rminos.<\/li>\n<li>Haga clic en el bot\u00f3n REALIZAR EL PEDIDO \/ PROCEDER A PAYPAL.<\/li>\n<li class=\"mt-1\">Despu\u00e9s de la compra confirmada, recibir\u00e1 un c\u00f3digo de boleto \u00fanico en su direcci\u00f3n de correo electr\u00f3nico, que puede regalar. El destinatario canjea el boleto de regalo de acuerdo con las instrucciones para canjear el boleto de regalo.<\/li>\n<\/ol>\n<h3>\u00a1ESO ES TODO!<\/h3>\n<p>El enlace para ver la actuaci\u00f3n estar\u00e1 activo inmediatamente despu\u00e9s de tu compra en la pesta\u00f1a VER EL PROGRAMA.<\/p>\n<p>* Se requiere una CUENTA DE USUARIO para asistir a la representaci\u00f3n. La cuenta no se puede compartir.<\/p>\n<\/div>\n<p><!--more--><\/p>\n<div class=\"col-md-10 mb-5\">\n<h2>INSTRUCCIONES PARA CANJEAR EL BILLETE REGALO<\/h2>\n<ol class=\"pl-4\">\n<li style=\"list-style-type: none;\">\n<ol class=\"pl-4\">\n<li style=\"list-style-type: none;\">\n<ol class=\"pl-4\">\n<li>En el enlace <a href=\"https:\/\/thirdstage.eu\/es\/\">thirdstage.eu<\/a> , busca la actuaci\u00f3n para la que has recibido una entrada regalo.<\/li>\n<li>Puede hacer clic en el programa para obtener m\u00e1s informaci\u00f3n o hacer clic en el bot\u00f3n &#8220;CANJEAR&#8221;.<\/li>\n<li>En el campo C\u00d3DIGO DE CUP\u00d3N, ingrese el c\u00f3digo que recibi\u00f3 como boleto de regalo y haga clic en APLICAR CUP\u00d3N. Si el c\u00f3digo introducido es correcto el importe a abonar ser\u00e1 de 0,00 euros.<\/li>\n<li class=\"mt-1\">Haga clic en el bot\u00f3n FINALIZAR COMPRA.<\/li>\n<li class=\"mt-1\">Ingresa tu informaci\u00f3n y crea una CUENTA DE USUARIO.*<\/li>\n<li class=\"mt-1\">Encima del bot\u00f3n REALIZAR EL PEDIDO, marque que acepta los t\u00e9rminos.<\/li>\n<li>Haga clic en el bot\u00f3n REALIZAR EL PEDIDO.<\/li>\n<\/ol>\n<\/li>\n<\/ol>\n<\/li>\n<\/ol>\n<h3>\u00a1ESO ES TODO!<\/h3>\n<p>El enlace para ver la actuaci\u00f3n estar\u00e1 activo inmediatamente despu\u00e9s de tu compra en la pesta\u00f1a VER EL PROGRAMA.<\/p>\n<p>* Se requiere una CUENTA DE USUARIO para asistir a la representaci\u00f3n. La cuenta no se puede compartir.<\/p>\n<p>&nbsp;<\/p>\n<h4>Para obtener m\u00e1s informaci\u00f3n, visite <a href=\"https:\/\/thirdstage.eu\/es\/preguntas-frecuentes\/\">las preguntas frecuentes<\/a><\/h4>\n<\/div>\n<div class=\"col-md-10 mb-5\">\n<p>Si no has encontrado respuesta a tu pregunta o has tenido alg\u00fan problema, estamos disponibles en el n\u00famero de tel\u00e9fono +386 (0)71 447 645.<\/p>\n<p>Tambi\u00e9n puede ponerse en contacto con nosotros por correo electr\u00f3nico en <a href=\"mailto:info@thirdstage.eu\"> info@thirdstage.eu.<\/a><\/p>\n<\/div>\n","protected":false},"excerpt":{"rendered":"<p>INSTRUCCIONES PARA COMPRAR UN BILLETE En el enlace thirdstage.eu, seleccione el espect\u00e1culo que deseas comprar. Puede hacer clic en el programa para obtener m\u00e1s informaci\u00f3n o en el bot\u00f3n COMPRAR. El sitio web le notificar\u00e1 que su producto se ha a\u00f1adido al carrito. Haga clic en la notificaci\u00f3n de la parte inferior de la p\u00e1gina &hellip; <a href=\"https:\/\/thirdstage.eu\/es\/ayuda\/\">Continued<\/a><\/p>\n","protected":false},"author":419,"featured_media":88854,"parent":0,"menu_order":0,"comment_status":"closed","ping_status":"closed","template":"","meta":{"_acf_changed":false,"inline_featured_image":false,"footnotes":""},"acf":[],"yoast_head":"<!-- This site is optimized with the Yoast SEO plugin v24.5 - https:\/\/yoast.com\/wordpress\/plugins\/seo\/ -->\n<title>Ayuda - ThirdStage.eu<\/title>\n<meta name=\"robots\" content=\"index, follow, max-snippet:-1, max-image-preview:large, max-video-preview:-1\" \/>\n<link rel=\"canonical\" href=\"https:\/\/thirdstage.eu\/es\/ayuda\/\" \/>\n<meta property=\"og:locale\" content=\"es_ES\" \/>\n<meta property=\"og:type\" content=\"article\" \/>\n<meta property=\"og:title\" content=\"Ayuda - ThirdStage.eu\" \/>\n<meta property=\"og:description\" content=\"INSTRUCCIONES PARA COMPRAR UN BILLETE En el enlace thirdstage.eu, seleccione el espect\u00e1culo que deseas comprar. Puede hacer clic en el programa para obtener m\u00e1s informaci\u00f3n o en el bot\u00f3n COMPRAR. El sitio web le notificar\u00e1 que su producto se ha a\u00f1adido al carrito. Haga clic en la notificaci\u00f3n de la parte inferior de la p\u00e1gina &hellip; Continued\" \/>\n<meta property=\"og:url\" content=\"https:\/\/thirdstage.eu\/es\/ayuda\/\" \/>\n<meta property=\"og:site_name\" content=\"ThirdStage.eu\" \/>\n<meta property=\"article:publisher\" content=\"https:\/\/thirdstage.eu\" \/>\n<meta property=\"article:modified_time\" content=\"2024-04-23T09:31:06+00:00\" \/>\n<meta property=\"og:image\" content=\"https:\/\/thirdstage.eu\/wp-content\/uploads\/2020\/12\/2020_3o_header_hero.jpg\" \/>\n\t<meta property=\"og:image:width\" content=\"2000\" \/>\n\t<meta property=\"og:image:height\" content=\"1250\" \/>\n\t<meta property=\"og:image:type\" content=\"image\/jpeg\" \/>\n<meta name=\"twitter:card\" content=\"summary_large_image\" \/>\n<meta name=\"twitter:label1\" content=\"Tiempo de lectura\" \/>\n\t<meta name=\"twitter:data1\" content=\"4 minutos\" \/>\n<script type=\"application\/ld+json\" class=\"yoast-schema-graph\">{\"@context\":\"https:\/\/schema.org\",\"@graph\":[{\"@type\":\"WebPage\",\"@id\":\"https:\/\/thirdstage.eu\/es\/ayuda\/\",\"url\":\"https:\/\/thirdstage.eu\/es\/ayuda\/\",\"name\":\"Ayuda - ThirdStage.eu\",\"isPartOf\":{\"@id\":\"https:\/\/thirdstage.eu\/es\/#website\"},\"primaryImageOfPage\":{\"@id\":\"https:\/\/thirdstage.eu\/es\/ayuda\/#primaryimage\"},\"image\":{\"@id\":\"https:\/\/thirdstage.eu\/es\/ayuda\/#primaryimage\"},\"thumbnailUrl\":\"https:\/\/thirdstage.eu\/wp-content\/uploads\/2020\/12\/2020_3o_header_hero.jpg\",\"datePublished\":\"2020-12-28T09:05:11+00:00\",\"dateModified\":\"2024-04-23T09:31:06+00:00\",\"inLanguage\":\"es\",\"potentialAction\":[{\"@type\":\"ReadAction\",\"target\":[\"https:\/\/thirdstage.eu\/es\/ayuda\/\"]}]},{\"@type\":\"ImageObject\",\"inLanguage\":\"es\",\"@id\":\"https:\/\/thirdstage.eu\/es\/ayuda\/#primaryimage\",\"url\":\"https:\/\/thirdstage.eu\/wp-content\/uploads\/2020\/12\/2020_3o_header_hero.jpg\",\"contentUrl\":\"https:\/\/thirdstage.eu\/wp-content\/uploads\/2020\/12\/2020_3o_header_hero.jpg\",\"width\":2000,\"height\":1250},{\"@type\":\"WebSite\",\"@id\":\"https:\/\/thirdstage.eu\/es\/#website\",\"url\":\"https:\/\/thirdstage.eu\/es\/\",\"name\":\"thirdstage.eu\",\"description\":\"Third Stage - Theatre. Online. Anywhere\",\"publisher\":{\"@id\":\"https:\/\/thirdstage.eu\/es\/#organization\"},\"alternateName\":\"ThirdStage\",\"potentialAction\":[{\"@type\":\"SearchAction\",\"target\":{\"@type\":\"EntryPoint\",\"urlTemplate\":\"https:\/\/thirdstage.eu\/es\/?s={search_term_string}\"},\"query-input\":{\"@type\":\"PropertyValueSpecification\",\"valueRequired\":true,\"valueName\":\"search_term_string\"}}],\"inLanguage\":\"es\"},{\"@type\":\"Organization\",\"@id\":\"https:\/\/thirdstage.eu\/es\/#organization\",\"name\":\"thirdstage.eu\",\"url\":\"https:\/\/thirdstage.eu\/es\/\",\"logo\":{\"@type\":\"ImageObject\",\"inLanguage\":\"es\",\"@id\":\"https:\/\/thirdstage.eu\/es\/#\/schema\/logo\/image\/\",\"url\":\"https:\/\/thirdstage.eu\/wp-content\/uploads\/2023\/11\/2020_3o_footer_logo_eng.png\",\"contentUrl\":\"https:\/\/thirdstage.eu\/wp-content\/uploads\/2023\/11\/2020_3o_footer_logo_eng.png\",\"width\":692,\"height\":148,\"caption\":\"thirdstage.eu\"},\"image\":{\"@id\":\"https:\/\/thirdstage.eu\/es\/#\/schema\/logo\/image\/\"},\"sameAs\":[\"https:\/\/thirdstage.eu\",\"https:\/\/www.instagram.com\/thirdstage.eu\/\"]}]}<\/script>\n<!-- \/ Yoast SEO plugin. -->","yoast_head_json":{"title":"Ayuda - ThirdStage.eu","robots":{"index":"index","follow":"follow","max-snippet":"max-snippet:-1","max-image-preview":"max-image-preview:large","max-video-preview":"max-video-preview:-1"},"canonical":"https:\/\/thirdstage.eu\/es\/ayuda\/","og_locale":"es_ES","og_type":"article","og_title":"Ayuda - ThirdStage.eu","og_description":"INSTRUCCIONES PARA COMPRAR UN BILLETE En el enlace thirdstage.eu, seleccione el espect\u00e1culo que deseas comprar. Puede hacer clic en el programa para obtener m\u00e1s informaci\u00f3n o en el bot\u00f3n COMPRAR. El sitio web le notificar\u00e1 que su producto se ha a\u00f1adido al carrito. Haga clic en la notificaci\u00f3n de la parte inferior de la p\u00e1gina &hellip; Continued","og_url":"https:\/\/thirdstage.eu\/es\/ayuda\/","og_site_name":"ThirdStage.eu","article_publisher":"https:\/\/thirdstage.eu","article_modified_time":"2024-04-23T09:31:06+00:00","og_image":[{"width":2000,"height":1250,"url":"https:\/\/thirdstage.eu\/wp-content\/uploads\/2020\/12\/2020_3o_header_hero.jpg","type":"image\/jpeg"}],"twitter_card":"summary_large_image","twitter_misc":{"Tiempo de lectura":"4 minutos"},"schema":{"@context":"https:\/\/schema.org","@graph":[{"@type":"WebPage","@id":"https:\/\/thirdstage.eu\/es\/ayuda\/","url":"https:\/\/thirdstage.eu\/es\/ayuda\/","name":"Ayuda - ThirdStage.eu","isPartOf":{"@id":"https:\/\/thirdstage.eu\/es\/#website"},"primaryImageOfPage":{"@id":"https:\/\/thirdstage.eu\/es\/ayuda\/#primaryimage"},"image":{"@id":"https:\/\/thirdstage.eu\/es\/ayuda\/#primaryimage"},"thumbnailUrl":"https:\/\/thirdstage.eu\/wp-content\/uploads\/2020\/12\/2020_3o_header_hero.jpg","datePublished":"2020-12-28T09:05:11+00:00","dateModified":"2024-04-23T09:31:06+00:00","inLanguage":"es","potentialAction":[{"@type":"ReadAction","target":["https:\/\/thirdstage.eu\/es\/ayuda\/"]}]},{"@type":"ImageObject","inLanguage":"es","@id":"https:\/\/thirdstage.eu\/es\/ayuda\/#primaryimage","url":"https:\/\/thirdstage.eu\/wp-content\/uploads\/2020\/12\/2020_3o_header_hero.jpg","contentUrl":"https:\/\/thirdstage.eu\/wp-content\/uploads\/2020\/12\/2020_3o_header_hero.jpg","width":2000,"height":1250},{"@type":"WebSite","@id":"https:\/\/thirdstage.eu\/es\/#website","url":"https:\/\/thirdstage.eu\/es\/","name":"thirdstage.eu","description":"Third Stage - Theatre. Online. Anywhere","publisher":{"@id":"https:\/\/thirdstage.eu\/es\/#organization"},"alternateName":"ThirdStage","potentialAction":[{"@type":"SearchAction","target":{"@type":"EntryPoint","urlTemplate":"https:\/\/thirdstage.eu\/es\/?s={search_term_string}"},"query-input":{"@type":"PropertyValueSpecification","valueRequired":true,"valueName":"search_term_string"}}],"inLanguage":"es"},{"@type":"Organization","@id":"https:\/\/thirdstage.eu\/es\/#organization","name":"thirdstage.eu","url":"https:\/\/thirdstage.eu\/es\/","logo":{"@type":"ImageObject","inLanguage":"es","@id":"https:\/\/thirdstage.eu\/es\/#\/schema\/logo\/image\/","url":"https:\/\/thirdstage.eu\/wp-content\/uploads\/2023\/11\/2020_3o_footer_logo_eng.png","contentUrl":"https:\/\/thirdstage.eu\/wp-content\/uploads\/2023\/11\/2020_3o_footer_logo_eng.png","width":692,"height":148,"caption":"thirdstage.eu"},"image":{"@id":"https:\/\/thirdstage.eu\/es\/#\/schema\/logo\/image\/"},"sameAs":["https:\/\/thirdstage.eu","https:\/\/www.instagram.com\/thirdstage.eu\/"]}]}},"_links":{"self":[{"href":"https:\/\/thirdstage.eu\/es\/wp-json\/wp\/v2\/pages\/96725"}],"collection":[{"href":"https:\/\/thirdstage.eu\/es\/wp-json\/wp\/v2\/pages"}],"about":[{"href":"https:\/\/thirdstage.eu\/es\/wp-json\/wp\/v2\/types\/page"}],"author":[{"embeddable":true,"href":"https:\/\/thirdstage.eu\/es\/wp-json\/wp\/v2\/users\/419"}],"replies":[{"embeddable":true,"href":"https:\/\/thirdstage.eu\/es\/wp-json\/wp\/v2\/comments?post=96725"}],"version-history":[{"count":13,"href":"https:\/\/thirdstage.eu\/es\/wp-json\/wp\/v2\/pages\/96725\/revisions"}],"predecessor-version":[{"id":100200,"href":"https:\/\/thirdstage.eu\/es\/wp-json\/wp\/v2\/pages\/96725\/revisions\/100200"}],"wp:featuredmedia":[{"embeddable":true,"href":"https:\/\/thirdstage.eu\/es\/wp-json\/wp\/v2\/media\/88854"}],"wp:attachment":[{"href":"https:\/\/thirdstage.eu\/es\/wp-json\/wp\/v2\/media?parent=96725"}],"curies":[{"name":"wp","href":"https:\/\/api.w.org\/{rel}","templated":true}]}}