{"id":96728,"date":"2021-01-08T13:11:11","date_gmt":"2021-01-08T12:11:11","guid":{"rendered":"https:\/\/thirdstage.eu\/preguntas-frecuentes\/"},"modified":"2024-04-21T21:45:43","modified_gmt":"2024-04-21T19:45:43","slug":"preguntas-frecuentes","status":"publish","type":"page","link":"https:\/\/thirdstage.eu\/es\/preguntas-frecuentes\/","title":{"rendered":"Preguntas frecuentes"},"content":{"rendered":"<h1>Preguntas frecuentes<\/h1>\n<p>&nbsp;<\/p>\n<h3><b>\u00bfQu\u00e9 es el sitio web de la Tercera Fase y qu\u00e9 puedo encontrar en \u00e9l?<\/b><\/h3>\n<p><span style=\"font-weight: 400;\">En la web <\/span><i><br \/>\n  <span style=\"font-weight: 400;\">Tercer Escenario<\/span><br \/>\n<\/i><span style=\"font-weight: 400;\"> presenta espect\u00e1culos de teatros europeos, <\/span><span style=\"font-weight: 400;\">puedes verlos desde la comodidad del sof\u00e1 de tu casa o desde un lugar remoto, cuando quieras.<\/span><\/p>\n<p><span style=\"font-weight: 400;\"><i>Third <\/i>Stage no imagina que el teatro como fen\u00f3meno pueda ser sustituido por la retransmisi\u00f3n en directo. No levanta a un espectador nuevo y perezoso de casa.<\/span><\/p>\n<p><span style=\"font-weight: 400;\">La experiencia teatral entre creadores y p\u00fablico es insustituible y <i>Third Stage<\/i><\/span><span style=\"font-weight: 400;\"> fomenta activamente la presencia personal en el teatro.<\/span><\/p>\n<p>&nbsp;<\/p>\n<h3><b>\u00bfCu\u00e1ndo puedo ver los espect\u00e1culos?  <\/b><\/h3>\n<p><span style=\"font-weight: 400;\">Durante la semana del 22. 4. hasta el 28. 4. Todas las transmisiones est\u00e1n disponibles para visionado VOD (v\u00eddeo a la carta). <strong>No<\/strong> hay actuaciones en directo. Puedes ver las actuaciones tantas veces como quieras.  <\/span><\/p>\n<p><span style=\"font-weight: 400;\"> <\/span><\/p>\n<h3><b>\u00bfD\u00f3nde puedo ver la representaci\u00f3n teatral en vivo para la que compr\u00e9 una entrada?<\/b><\/h3>\n<p><span style=\"font-weight: 400;\">Puede ver el programa en cualquier dispositivo que tenga acceso al sitio web <\/span><a href=\"https:\/\/thirdstage.eu\/es\/\"><br \/>\n  <span style=\"font-weight: 400;\">thirdstage.eu<\/span><br \/>\n<\/a><span style=\"font-weight: 400;\">. Por supuesto, tambi\u00e9n puedes ver el programa en tu televisor inteligente.<\/span><\/p>\n<p><span style=\"font-weight: 400;\">Si tiene una computadora m\u00e1s antigua, es posible que la interfaz de reproducci\u00f3n de video no funcione, as\u00ed que no dude en probar con otro navegador, en otra computadora, si es posible.<\/span><span style=\"font-weight: 400;\"> <\/span><\/p>\n<p>&nbsp;<\/p>\n<h3><b>\u00bfDesde qu\u00e9 dispositivo puedo ver el programa?<\/b><\/h3>\n<p><span style=\"font-weight: 400;\">Hay bastantes opciones: visualizaci\u00f3n en un televisor inteligente, computadora port\u00e1til, tableta, tel\u00e9fono inteligente.  <\/span><\/p>\n<p><span style=\"font-weight: 400;\">Si no tienes un televisor inteligente, puedes conectar tu computadora\/tel\u00e9fono a tu televisor mediante un cable HDMI.<\/span><b> <\/b><\/p>\n<p>&nbsp;<\/p>\n<h3><b>\u00bfC\u00f3mo puedo conectar mi computadora a mi televisor?<\/b><\/h3>\n<p><span style=\"font-weight: 400;\">Hay dos formas de conectar el sintonizador de TV a la computadora:<\/span><\/p>\n<p><span style=\"font-weight: 400;\">&#8211;<\/span> <span style=\"font-weight: 400;\"><strong>con<\/strong> cable &#8211; mediante cable HDMI<\/span><\/p>\n<p><span style=\"font-weight: 400;\">HDMI transporta una se\u00f1al de video de alta definici\u00f3n y tambi\u00e9n proporciona sonido. Para una experiencia m\u00e1s sencilla, busque un televisor y una PC m\u00e1s nuevos que utilicen esta interfaz.<\/span><\/p>\n<p><span style=\"font-weight: 400;\">&#8211;<\/span> <span style=\"font-weight: 400;\"><strong>de forma inal\u00e1mbrica<\/strong> &#8211; a trav\u00e9s de dispositivos modernos como AppleTV, Chromecast, Amazon Fire TV stick (contienen todos los asistentes para conectar f\u00e1cilmente tu dispositivo al televisor, siempre que tu ordenador lo admita).<\/span><\/p>\n<p>&nbsp;<\/p>\n<h3><b>\u00bfSe necesita alg\u00fan ajuste adicional?<\/b><\/h3>\n<p><span style=\"font-weight: 400;\">No se requieren ajustes adicionales.<\/span><b> <\/b><\/p>\n<p>&nbsp;<\/p>\n<h3><b>\u00bfEs necesario registrarse antes de comprar un billete?<\/b><\/h3>\n<p><span style=\"font-weight: 400;\">Puedes registrarte antes o cuando compres tu entrada. Es imprescindible registrarse, ya que el espect\u00e1culo s\u00f3lo puede verse con una cuenta de usuario. S\u00f3lo as\u00ed podremos restringir las representaciones a las personas que sean poseedoras de entradas y crear as\u00ed un sistema justo para los teatros asociados.<\/span><\/p>\n<p>&nbsp;<\/p>\n<h3><b>\u00bfTengo una entrada, pero no encuentro un enlace al espect\u00e1culo?<\/b><\/h3>\n<p><span style=\"font-weight: 400;\">Puede encontrar un enlace a la actuaci\u00f3n en la <\/span> pesta\u00f1a <b>Ver rendimiento<\/b><span style=\"font-weight: 400;\">. Haga clic en el bot\u00f3n Ver para verlo. Si usted es el destinatario de un boleto de regalo, primero debe canjearlo.<\/span><\/p>\n<p><span style=\"font-weight: 400;\"> <\/span><\/p>\n<h3><b>Tuve problemas para reproducir el video.<\/b><\/h3>\n<p><span style=\"font-weight: 400;\">En caso de problemas con la reproducci\u00f3n de video, recomendamos elegir otro navegador, si es posible, seleccionar otro dispositivo, verificar la conexi\u00f3n a Internet, ajustar el volumen de su dispositivo. Si nada de lo anterior funciona, ponte en contacto con nosotros (info@thirdstage.eu) o ll\u00e1manos (071 447 645).  <\/span><\/p>\n<p>&nbsp;<\/p>\n<h3><b>El programa se detuvo en mi dispositivo, \u00bfqu\u00e9 puedo hacer?<\/b><\/h3>\n<p><span style=\"font-weight: 400;\">Actualiza la p\u00e1gina o intenta abrirla en otro navegador.<\/span><\/p>\n<p><span style=\"font-weight: 400;\"> <\/span><\/p>\n<h3><b>Inici\u00e9 sesi\u00f3n en el sistema con mi nombre de usuario pero me doy cuenta de que los programas no est\u00e1n disponibles.<\/b><\/h3>\n<p><span style=\"font-weight: 400;\">Aseg\u00farate de haber utilizado el mismo nombre de usuario que cuando te registraste.<\/span><\/p>\n<p><span style=\"font-weight: 400;\">Si tienes un boleto de regalo, aseg\u00farate de haberlo canjeado correctamente. Las instrucciones se pueden encontrar <a href=\"https:\/\/thirdstage.eu\/es\/ayuda\/#darline\">aqu\u00ed<\/a>.<\/span><\/p>\n","protected":false},"excerpt":{"rendered":"<p>Preguntas frecuentes &nbsp; \u00bfQu\u00e9 es el sitio web de la Tercera Fase y qu\u00e9 puedo encontrar en \u00e9l? En la web Tercer Escenario presenta espect\u00e1culos de teatros europeos, puedes verlos desde la comodidad del sof\u00e1 de tu casa o desde un lugar remoto, cuando quieras. Third Stage no imagina que el teatro como fen\u00f3meno pueda &hellip; <a href=\"https:\/\/thirdstage.eu\/es\/preguntas-frecuentes\/\">Continued<\/a><\/p>\n","protected":false},"author":419,"featured_media":0,"parent":0,"menu_order":0,"comment_status":"closed","ping_status":"closed","template":"","meta":{"_acf_changed":false,"inline_featured_image":false,"footnotes":""},"acf":[],"yoast_head":"<!-- This site is optimized with the Yoast SEO plugin v24.5 - https:\/\/yoast.com\/wordpress\/plugins\/seo\/ -->\n<title>Preguntas frecuentes - ThirdStage.eu<\/title>\n<meta name=\"description\" content=\"Descubra todo lo que necesita saber para ver teatro en thirdstage.eu. V\u00e9ase FAQ.\" \/>\n<meta name=\"robots\" content=\"index, follow, max-snippet:-1, max-image-preview:large, max-video-preview:-1\" \/>\n<link rel=\"canonical\" href=\"https:\/\/thirdstage.eu\/es\/preguntas-frecuentes\/\" \/>\n<meta property=\"og:locale\" content=\"es_ES\" \/>\n<meta property=\"og:type\" content=\"article\" \/>\n<meta property=\"og:title\" content=\"Preguntas frecuentes - ThirdStage.eu\" \/>\n<meta property=\"og:description\" content=\"Descubra todo lo que necesita saber para ver teatro en thirdstage.eu. V\u00e9ase FAQ.\" \/>\n<meta property=\"og:url\" content=\"https:\/\/thirdstage.eu\/es\/preguntas-frecuentes\/\" \/>\n<meta property=\"og:site_name\" content=\"ThirdStage.eu\" \/>\n<meta property=\"article:publisher\" content=\"https:\/\/thirdstage.eu\" \/>\n<meta property=\"article:modified_time\" content=\"2024-04-21T19:45:43+00:00\" \/>\n<meta property=\"og:image\" content=\"https:\/\/thirdstage.eu\/wp-content\/uploads\/2023\/11\/2020_3o_footer_logo_eng.png\" \/>\n\t<meta property=\"og:image:width\" content=\"692\" \/>\n\t<meta property=\"og:image:height\" content=\"148\" \/>\n\t<meta property=\"og:image:type\" content=\"image\/png\" \/>\n<meta name=\"twitter:card\" content=\"summary_large_image\" \/>\n<meta name=\"twitter:label1\" content=\"Tiempo de lectura\" \/>\n\t<meta name=\"twitter:data1\" content=\"3 minutos\" \/>\n<script type=\"application\/ld+json\" class=\"yoast-schema-graph\">{\"@context\":\"https:\/\/schema.org\",\"@graph\":[{\"@type\":\"WebPage\",\"@id\":\"https:\/\/thirdstage.eu\/es\/preguntas-frecuentes\/\",\"url\":\"https:\/\/thirdstage.eu\/es\/preguntas-frecuentes\/\",\"name\":\"Preguntas frecuentes - ThirdStage.eu\",\"isPartOf\":{\"@id\":\"https:\/\/thirdstage.eu\/es\/#website\"},\"datePublished\":\"2021-01-08T12:11:11+00:00\",\"dateModified\":\"2024-04-21T19:45:43+00:00\",\"description\":\"Descubra todo lo que necesita saber para ver teatro en thirdstage.eu. V\u00e9ase FAQ.\",\"inLanguage\":\"es\",\"potentialAction\":[{\"@type\":\"ReadAction\",\"target\":[\"https:\/\/thirdstage.eu\/es\/preguntas-frecuentes\/\"]}]},{\"@type\":\"WebSite\",\"@id\":\"https:\/\/thirdstage.eu\/es\/#website\",\"url\":\"https:\/\/thirdstage.eu\/es\/\",\"name\":\"thirdstage.eu\",\"description\":\"Third Stage - Theatre. Online. Anywhere\",\"publisher\":{\"@id\":\"https:\/\/thirdstage.eu\/es\/#organization\"},\"alternateName\":\"ThirdStage\",\"potentialAction\":[{\"@type\":\"SearchAction\",\"target\":{\"@type\":\"EntryPoint\",\"urlTemplate\":\"https:\/\/thirdstage.eu\/es\/?s={search_term_string}\"},\"query-input\":{\"@type\":\"PropertyValueSpecification\",\"valueRequired\":true,\"valueName\":\"search_term_string\"}}],\"inLanguage\":\"es\"},{\"@type\":\"Organization\",\"@id\":\"https:\/\/thirdstage.eu\/es\/#organization\",\"name\":\"thirdstage.eu\",\"url\":\"https:\/\/thirdstage.eu\/es\/\",\"logo\":{\"@type\":\"ImageObject\",\"inLanguage\":\"es\",\"@id\":\"https:\/\/thirdstage.eu\/es\/#\/schema\/logo\/image\/\",\"url\":\"https:\/\/thirdstage.eu\/wp-content\/uploads\/2023\/11\/2020_3o_footer_logo_eng.png\",\"contentUrl\":\"https:\/\/thirdstage.eu\/wp-content\/uploads\/2023\/11\/2020_3o_footer_logo_eng.png\",\"width\":692,\"height\":148,\"caption\":\"thirdstage.eu\"},\"image\":{\"@id\":\"https:\/\/thirdstage.eu\/es\/#\/schema\/logo\/image\/\"},\"sameAs\":[\"https:\/\/thirdstage.eu\",\"https:\/\/www.instagram.com\/thirdstage.eu\/\"]}]}<\/script>\n<!-- \/ Yoast SEO plugin. -->","yoast_head_json":{"title":"Preguntas frecuentes - ThirdStage.eu","description":"Descubra todo lo que necesita saber para ver teatro en thirdstage.eu. V\u00e9ase FAQ.","robots":{"index":"index","follow":"follow","max-snippet":"max-snippet:-1","max-image-preview":"max-image-preview:large","max-video-preview":"max-video-preview:-1"},"canonical":"https:\/\/thirdstage.eu\/es\/preguntas-frecuentes\/","og_locale":"es_ES","og_type":"article","og_title":"Preguntas frecuentes - ThirdStage.eu","og_description":"Descubra todo lo que necesita saber para ver teatro en thirdstage.eu. V\u00e9ase FAQ.","og_url":"https:\/\/thirdstage.eu\/es\/preguntas-frecuentes\/","og_site_name":"ThirdStage.eu","article_publisher":"https:\/\/thirdstage.eu","article_modified_time":"2024-04-21T19:45:43+00:00","og_image":[{"width":692,"height":148,"url":"https:\/\/thirdstage.eu\/wp-content\/uploads\/2023\/11\/2020_3o_footer_logo_eng.png","type":"image\/png"}],"twitter_card":"summary_large_image","twitter_misc":{"Tiempo de lectura":"3 minutos"},"schema":{"@context":"https:\/\/schema.org","@graph":[{"@type":"WebPage","@id":"https:\/\/thirdstage.eu\/es\/preguntas-frecuentes\/","url":"https:\/\/thirdstage.eu\/es\/preguntas-frecuentes\/","name":"Preguntas frecuentes - ThirdStage.eu","isPartOf":{"@id":"https:\/\/thirdstage.eu\/es\/#website"},"datePublished":"2021-01-08T12:11:11+00:00","dateModified":"2024-04-21T19:45:43+00:00","description":"Descubra todo lo que necesita saber para ver teatro en thirdstage.eu. V\u00e9ase FAQ.","inLanguage":"es","potentialAction":[{"@type":"ReadAction","target":["https:\/\/thirdstage.eu\/es\/preguntas-frecuentes\/"]}]},{"@type":"WebSite","@id":"https:\/\/thirdstage.eu\/es\/#website","url":"https:\/\/thirdstage.eu\/es\/","name":"thirdstage.eu","description":"Third Stage - Theatre. Online. Anywhere","publisher":{"@id":"https:\/\/thirdstage.eu\/es\/#organization"},"alternateName":"ThirdStage","potentialAction":[{"@type":"SearchAction","target":{"@type":"EntryPoint","urlTemplate":"https:\/\/thirdstage.eu\/es\/?s={search_term_string}"},"query-input":{"@type":"PropertyValueSpecification","valueRequired":true,"valueName":"search_term_string"}}],"inLanguage":"es"},{"@type":"Organization","@id":"https:\/\/thirdstage.eu\/es\/#organization","name":"thirdstage.eu","url":"https:\/\/thirdstage.eu\/es\/","logo":{"@type":"ImageObject","inLanguage":"es","@id":"https:\/\/thirdstage.eu\/es\/#\/schema\/logo\/image\/","url":"https:\/\/thirdstage.eu\/wp-content\/uploads\/2023\/11\/2020_3o_footer_logo_eng.png","contentUrl":"https:\/\/thirdstage.eu\/wp-content\/uploads\/2023\/11\/2020_3o_footer_logo_eng.png","width":692,"height":148,"caption":"thirdstage.eu"},"image":{"@id":"https:\/\/thirdstage.eu\/es\/#\/schema\/logo\/image\/"},"sameAs":["https:\/\/thirdstage.eu","https:\/\/www.instagram.com\/thirdstage.eu\/"]}]}},"_links":{"self":[{"href":"https:\/\/thirdstage.eu\/es\/wp-json\/wp\/v2\/pages\/96728"}],"collection":[{"href":"https:\/\/thirdstage.eu\/es\/wp-json\/wp\/v2\/pages"}],"about":[{"href":"https:\/\/thirdstage.eu\/es\/wp-json\/wp\/v2\/types\/page"}],"author":[{"embeddable":true,"href":"https:\/\/thirdstage.eu\/es\/wp-json\/wp\/v2\/users\/419"}],"replies":[{"embeddable":true,"href":"https:\/\/thirdstage.eu\/es\/wp-json\/wp\/v2\/comments?post=96728"}],"version-history":[{"count":2,"href":"https:\/\/thirdstage.eu\/es\/wp-json\/wp\/v2\/pages\/96728\/revisions"}],"predecessor-version":[{"id":104758,"href":"https:\/\/thirdstage.eu\/es\/wp-json\/wp\/v2\/pages\/96728\/revisions\/104758"}],"wp:attachment":[{"href":"https:\/\/thirdstage.eu\/es\/wp-json\/wp\/v2\/media?parent=96728"}],"curies":[{"name":"wp","href":"https:\/\/api.w.org\/{rel}","templated":true}]}}