{"id":99701,"date":"2024-04-05T16:12:50","date_gmt":"2024-04-05T14:12:50","guid":{"rendered":"https:\/\/thirdstage.eu\/muestra\/compania-de-teatro-de-facto-walk-on-the-wild-side-17-04-a-las-1600\/"},"modified":"2024-04-21T07:20:21","modified_gmt":"2024-04-21T05:20:21","slug":"de-facto-theatre-company-walk-on-the-wild-side-17-04-a-las-1600","status":"publish","type":"page","link":"https:\/\/thirdstage.eu\/es\/muestra\/de-facto-theatre-company-walk-on-the-wild-side-17-04-a-las-1600\/","title":{"rendered":"Compa\u00f1\u00eda teatral de facto &#8211; Walk on the Wild Side"},"content":{"rendered":"","protected":false},"excerpt":{"rendered":"","protected":false},"author":71,"featured_media":0,"parent":95689,"menu_order":0,"comment_status":"closed","ping_status":"closed","template":"views\/template-VOD.blade.php","meta":{"_acf_changed":false,"inline_featured_image":false,"footnotes":""},"acf":[],"yoast_head":"<!-- This site is optimized with the Yoast SEO plugin v24.5 - https:\/\/yoast.com\/wordpress\/plugins\/seo\/ -->\n<title>Compa\u00f1\u00eda teatral de facto - Walk on the Wild Side - ThirdStage.eu<\/title>\n<meta name=\"description\" content=\"Explore la fusi\u00f3n de danza y teatro en &quot;Walk on the Wild Side&quot;, un espect\u00e1culo \u00fanico que ahonda en la intimidad, el voyeurismo y el poder del contacto corporal.\" \/>\n<meta name=\"robots\" content=\"index, follow, max-snippet:-1, max-image-preview:large, max-video-preview:-1\" \/>\n<link rel=\"canonical\" href=\"https:\/\/thirdstage.eu\/es\/muestra\/de-facto-theatre-company-walk-on-the-wild-side-17-04-a-las-1600\/\" \/>\n<meta property=\"og:locale\" content=\"es_ES\" \/>\n<meta property=\"og:type\" content=\"article\" \/>\n<meta property=\"og:title\" content=\"Compa\u00f1\u00eda teatral de facto - Walk on the Wild Side - ThirdStage.eu\" \/>\n<meta property=\"og:description\" content=\"Explore la fusi\u00f3n de danza y teatro en &quot;Walk on the Wild Side&quot;, un espect\u00e1culo \u00fanico que ahonda en la intimidad, el voyeurismo y el poder del contacto corporal.\" \/>\n<meta property=\"og:url\" content=\"https:\/\/thirdstage.eu\/es\/muestra\/de-facto-theatre-company-walk-on-the-wild-side-17-04-a-las-1600\/\" \/>\n<meta property=\"og:site_name\" content=\"ThirdStage.eu\" \/>\n<meta property=\"article:publisher\" content=\"https:\/\/thirdstage.eu\" \/>\n<meta property=\"article:modified_time\" content=\"2024-04-21T05:20:21+00:00\" \/>\n<meta property=\"og:image\" content=\"https:\/\/thirdstage.eu\/wp-content\/uploads\/2023\/11\/2020_3o_footer_logo_eng.png\" \/>\n\t<meta property=\"og:image:width\" content=\"692\" \/>\n\t<meta property=\"og:image:height\" content=\"148\" \/>\n\t<meta property=\"og:image:type\" content=\"image\/png\" \/>\n<meta name=\"twitter:card\" content=\"summary_large_image\" \/>\n<script type=\"application\/ld+json\" class=\"yoast-schema-graph\">{\"@context\":\"https:\/\/schema.org\",\"@graph\":[{\"@type\":\"WebPage\",\"@id\":\"https:\/\/thirdstage.eu\/es\/muestra\/de-facto-theatre-company-walk-on-the-wild-side-17-04-a-las-1600\/\",\"url\":\"https:\/\/thirdstage.eu\/es\/muestra\/de-facto-theatre-company-walk-on-the-wild-side-17-04-a-las-1600\/\",\"name\":\"Compa\u00f1\u00eda teatral de facto - Walk on the Wild Side - ThirdStage.eu\",\"isPartOf\":{\"@id\":\"https:\/\/thirdstage.eu\/es\/#website\"},\"datePublished\":\"2024-04-05T14:12:50+00:00\",\"dateModified\":\"2024-04-21T05:20:21+00:00\",\"description\":\"Explore la fusi\u00f3n de danza y teatro en \\\"Walk on the Wild Side\\\", un espect\u00e1culo \u00fanico que ahonda en la intimidad, el voyeurismo y el poder del contacto corporal.\",\"breadcrumb\":{\"@id\":\"https:\/\/thirdstage.eu\/es\/muestra\/de-facto-theatre-company-walk-on-the-wild-side-17-04-a-las-1600\/#breadcrumb\"},\"inLanguage\":\"es\",\"potentialAction\":[{\"@type\":\"ReadAction\",\"target\":[\"https:\/\/thirdstage.eu\/es\/muestra\/de-facto-theatre-company-walk-on-the-wild-side-17-04-a-las-1600\/\"]}]},{\"@type\":\"BreadcrumbList\",\"@id\":\"https:\/\/thirdstage.eu\/es\/muestra\/de-facto-theatre-company-walk-on-the-wild-side-17-04-a-las-1600\/#breadcrumb\",\"itemListElement\":[{\"@type\":\"ListItem\",\"position\":1,\"name\":\"Actuaciones\",\"item\":\"https:\/\/thirdstage.eu\/es\/muestra\/\"},{\"@type\":\"ListItem\",\"position\":2,\"name\":\"Compa\u00f1\u00eda teatral de facto &#8211; Walk on the Wild Side\"}]},{\"@type\":\"WebSite\",\"@id\":\"https:\/\/thirdstage.eu\/es\/#website\",\"url\":\"https:\/\/thirdstage.eu\/es\/\",\"name\":\"thirdstage.eu\",\"description\":\"Third Stage - Theatre. Online. Anywhere\",\"publisher\":{\"@id\":\"https:\/\/thirdstage.eu\/es\/#organization\"},\"alternateName\":\"ThirdStage\",\"potentialAction\":[{\"@type\":\"SearchAction\",\"target\":{\"@type\":\"EntryPoint\",\"urlTemplate\":\"https:\/\/thirdstage.eu\/es\/?s={search_term_string}\"},\"query-input\":{\"@type\":\"PropertyValueSpecification\",\"valueRequired\":true,\"valueName\":\"search_term_string\"}}],\"inLanguage\":\"es\"},{\"@type\":\"Organization\",\"@id\":\"https:\/\/thirdstage.eu\/es\/#organization\",\"name\":\"thirdstage.eu\",\"url\":\"https:\/\/thirdstage.eu\/es\/\",\"logo\":{\"@type\":\"ImageObject\",\"inLanguage\":\"es\",\"@id\":\"https:\/\/thirdstage.eu\/es\/#\/schema\/logo\/image\/\",\"url\":\"https:\/\/thirdstage.eu\/wp-content\/uploads\/2023\/11\/2020_3o_footer_logo_eng.png\",\"contentUrl\":\"https:\/\/thirdstage.eu\/wp-content\/uploads\/2023\/11\/2020_3o_footer_logo_eng.png\",\"width\":692,\"height\":148,\"caption\":\"thirdstage.eu\"},\"image\":{\"@id\":\"https:\/\/thirdstage.eu\/es\/#\/schema\/logo\/image\/\"},\"sameAs\":[\"https:\/\/thirdstage.eu\",\"https:\/\/www.instagram.com\/thirdstage.eu\/\"]}]}<\/script>\n<!-- \/ Yoast SEO plugin. -->","yoast_head_json":{"title":"Compa\u00f1\u00eda teatral de facto - Walk on the Wild Side - ThirdStage.eu","description":"Explore la fusi\u00f3n de danza y teatro en \"Walk on the Wild Side\", un espect\u00e1culo \u00fanico que ahonda en la intimidad, el voyeurismo y el poder del contacto corporal.","robots":{"index":"index","follow":"follow","max-snippet":"max-snippet:-1","max-image-preview":"max-image-preview:large","max-video-preview":"max-video-preview:-1"},"canonical":"https:\/\/thirdstage.eu\/es\/muestra\/de-facto-theatre-company-walk-on-the-wild-side-17-04-a-las-1600\/","og_locale":"es_ES","og_type":"article","og_title":"Compa\u00f1\u00eda teatral de facto - Walk on the Wild Side - ThirdStage.eu","og_description":"Explore la fusi\u00f3n de danza y teatro en \"Walk on the Wild Side\", un espect\u00e1culo \u00fanico que ahonda en la intimidad, el voyeurismo y el poder del contacto corporal.","og_url":"https:\/\/thirdstage.eu\/es\/muestra\/de-facto-theatre-company-walk-on-the-wild-side-17-04-a-las-1600\/","og_site_name":"ThirdStage.eu","article_publisher":"https:\/\/thirdstage.eu","article_modified_time":"2024-04-21T05:20:21+00:00","og_image":[{"width":692,"height":148,"url":"https:\/\/thirdstage.eu\/wp-content\/uploads\/2023\/11\/2020_3o_footer_logo_eng.png","type":"image\/png"}],"twitter_card":"summary_large_image","schema":{"@context":"https:\/\/schema.org","@graph":[{"@type":"WebPage","@id":"https:\/\/thirdstage.eu\/es\/muestra\/de-facto-theatre-company-walk-on-the-wild-side-17-04-a-las-1600\/","url":"https:\/\/thirdstage.eu\/es\/muestra\/de-facto-theatre-company-walk-on-the-wild-side-17-04-a-las-1600\/","name":"Compa\u00f1\u00eda teatral de facto - Walk on the Wild Side - ThirdStage.eu","isPartOf":{"@id":"https:\/\/thirdstage.eu\/es\/#website"},"datePublished":"2024-04-05T14:12:50+00:00","dateModified":"2024-04-21T05:20:21+00:00","description":"Explore la fusi\u00f3n de danza y teatro en \"Walk on the Wild Side\", un espect\u00e1culo \u00fanico que ahonda en la intimidad, el voyeurismo y el poder del contacto corporal.","breadcrumb":{"@id":"https:\/\/thirdstage.eu\/es\/muestra\/de-facto-theatre-company-walk-on-the-wild-side-17-04-a-las-1600\/#breadcrumb"},"inLanguage":"es","potentialAction":[{"@type":"ReadAction","target":["https:\/\/thirdstage.eu\/es\/muestra\/de-facto-theatre-company-walk-on-the-wild-side-17-04-a-las-1600\/"]}]},{"@type":"BreadcrumbList","@id":"https:\/\/thirdstage.eu\/es\/muestra\/de-facto-theatre-company-walk-on-the-wild-side-17-04-a-las-1600\/#breadcrumb","itemListElement":[{"@type":"ListItem","position":1,"name":"Actuaciones","item":"https:\/\/thirdstage.eu\/es\/muestra\/"},{"@type":"ListItem","position":2,"name":"Compa\u00f1\u00eda teatral de facto &#8211; Walk on the Wild Side"}]},{"@type":"WebSite","@id":"https:\/\/thirdstage.eu\/es\/#website","url":"https:\/\/thirdstage.eu\/es\/","name":"thirdstage.eu","description":"Third Stage - Theatre. Online. Anywhere","publisher":{"@id":"https:\/\/thirdstage.eu\/es\/#organization"},"alternateName":"ThirdStage","potentialAction":[{"@type":"SearchAction","target":{"@type":"EntryPoint","urlTemplate":"https:\/\/thirdstage.eu\/es\/?s={search_term_string}"},"query-input":{"@type":"PropertyValueSpecification","valueRequired":true,"valueName":"search_term_string"}}],"inLanguage":"es"},{"@type":"Organization","@id":"https:\/\/thirdstage.eu\/es\/#organization","name":"thirdstage.eu","url":"https:\/\/thirdstage.eu\/es\/","logo":{"@type":"ImageObject","inLanguage":"es","@id":"https:\/\/thirdstage.eu\/es\/#\/schema\/logo\/image\/","url":"https:\/\/thirdstage.eu\/wp-content\/uploads\/2023\/11\/2020_3o_footer_logo_eng.png","contentUrl":"https:\/\/thirdstage.eu\/wp-content\/uploads\/2023\/11\/2020_3o_footer_logo_eng.png","width":692,"height":148,"caption":"thirdstage.eu"},"image":{"@id":"https:\/\/thirdstage.eu\/es\/#\/schema\/logo\/image\/"},"sameAs":["https:\/\/thirdstage.eu","https:\/\/www.instagram.com\/thirdstage.eu\/"]}]}},"_links":{"self":[{"href":"https:\/\/thirdstage.eu\/es\/wp-json\/wp\/v2\/pages\/99701"}],"collection":[{"href":"https:\/\/thirdstage.eu\/es\/wp-json\/wp\/v2\/pages"}],"about":[{"href":"https:\/\/thirdstage.eu\/es\/wp-json\/wp\/v2\/types\/page"}],"author":[{"embeddable":true,"href":"https:\/\/thirdstage.eu\/es\/wp-json\/wp\/v2\/users\/71"}],"replies":[{"embeddable":true,"href":"https:\/\/thirdstage.eu\/es\/wp-json\/wp\/v2\/comments?post=99701"}],"version-history":[{"count":5,"href":"https:\/\/thirdstage.eu\/es\/wp-json\/wp\/v2\/pages\/99701\/revisions"}],"predecessor-version":[{"id":104437,"href":"https:\/\/thirdstage.eu\/es\/wp-json\/wp\/v2\/pages\/99701\/revisions\/104437"}],"up":[{"embeddable":true,"href":"https:\/\/thirdstage.eu\/es\/wp-json\/wp\/v2\/pages\/95689"}],"wp:attachment":[{"href":"https:\/\/thirdstage.eu\/es\/wp-json\/wp\/v2\/media?parent=99701"}],"curies":[{"name":"wp","href":"https:\/\/api.w.org\/{rel}","templated":true}]}}