{"id":100291,"date":"2024-04-06T21:39:56","date_gmt":"2024-04-06T19:39:56","guid":{"rendered":"https:\/\/thirdstage.eu\/accueil\/"},"modified":"2024-04-29T12:17:29","modified_gmt":"2024-04-29T10:17:29","slug":"accueil","status":"publish","type":"page","link":"https:\/\/thirdstage.eu\/fr\/","title":{"rendered":"Accueil"},"content":{"rendered":"","protected":false},"excerpt":{"rendered":"","protected":false},"author":10171,"featured_media":88851,"parent":0,"menu_order":0,"comment_status":"closed","ping_status":"closed","template":"views\/front-page.blade.php","meta":{"_acf_changed":false,"inline_featured_image":false,"footnotes":""},"acf":[],"yoast_head":"<!-- This site is optimized with the Yoast SEO plugin v24.5 - https:\/\/yoast.com\/wordpress\/plugins\/seo\/ -->\n<title>Third Stage - Th\u00e9\u00e2tre. En direct. N&#039;importe o\u00f9.<\/title>\n<meta name=\"description\" content=\"Dans un remarquable m\u00e9lange de culture et de technologie, Third Stage fait tomber les barri\u00e8res g\u00e9ographiques et physiques, permettant l&#039;acc\u00e8s \u00e0 un th\u00e9\u00e2tre de qualit\u00e9 pour tous.\" \/>\n<meta name=\"robots\" content=\"index, follow, max-snippet:-1, max-image-preview:large, max-video-preview:-1\" \/>\n<link rel=\"canonical\" href=\"https:\/\/thirdstage.eu\/fr\/\" \/>\n<meta property=\"og:locale\" content=\"fr_FR\" \/>\n<meta property=\"og:type\" content=\"article\" \/>\n<meta property=\"og:title\" content=\"Third Stage - Th\u00e9\u00e2tre. En direct. N&#039;importe o\u00f9.\" \/>\n<meta property=\"og:description\" content=\"Dans un remarquable m\u00e9lange de culture et de technologie, Third Stage fait tomber les barri\u00e8res g\u00e9ographiques et physiques, permettant l&#039;acc\u00e8s \u00e0 un th\u00e9\u00e2tre de qualit\u00e9 pour tous.\" \/>\n<meta property=\"og:url\" content=\"https:\/\/thirdstage.eu\/fr\/\" \/>\n<meta property=\"og:site_name\" content=\"Third Stage.eu\" \/>\n<meta property=\"article:publisher\" content=\"https:\/\/thirdstage.eu\" \/>\n<meta property=\"article:modified_time\" content=\"2024-04-29T10:17:29+00:00\" \/>\n<meta property=\"og:image\" content=\"https:\/\/thirdstage.eu\/wp-content\/uploads\/2020\/12\/2020_3o_header_hero.jpg\" \/>\n\t<meta property=\"og:image:width\" content=\"2000\" \/>\n\t<meta property=\"og:image:height\" content=\"1250\" \/>\n\t<meta property=\"og:image:type\" content=\"image\/jpeg\" \/>\n<meta name=\"twitter:card\" content=\"summary_large_image\" \/>\n<meta name=\"twitter:label1\" content=\"Dur\u00e9e de lecture estim\u00e9e\" \/>\n\t<meta name=\"twitter:data1\" content=\"1 minute\" \/>\n<script type=\"application\/ld+json\" class=\"yoast-schema-graph\">{\"@context\":\"https:\/\/schema.org\",\"@graph\":[{\"@type\":\"WebPage\",\"@id\":\"https:\/\/thirdstage.eu\/fr\/\",\"url\":\"https:\/\/thirdstage.eu\/fr\/\",\"name\":\"Third Stage - Th\u00e9\u00e2tre. En direct. N'importe o\u00f9.\",\"isPartOf\":{\"@id\":\"https:\/\/thirdstage.eu\/fr\/#website\"},\"primaryImageOfPage\":{\"@id\":\"https:\/\/thirdstage.eu\/fr\/#primaryimage\"},\"image\":{\"@id\":\"https:\/\/thirdstage.eu\/fr\/#primaryimage\"},\"thumbnailUrl\":\"https:\/\/thirdstage.eu\/wp-content\/uploads\/2020\/12\/2020_3o_header_hero.jpg\",\"datePublished\":\"2024-04-06T19:39:56+00:00\",\"dateModified\":\"2024-04-29T10:17:29+00:00\",\"description\":\"Dans un remarquable m\u00e9lange de culture et de technologie, Third Stage fait tomber les barri\u00e8res g\u00e9ographiques et physiques, permettant l'acc\u00e8s \u00e0 un th\u00e9\u00e2tre de qualit\u00e9 pour tous.\",\"inLanguage\":\"fr-FR\",\"potentialAction\":[{\"@type\":\"ReadAction\",\"target\":[\"https:\/\/thirdstage.eu\/fr\/\"]}]},{\"@type\":\"ImageObject\",\"inLanguage\":\"fr-FR\",\"@id\":\"https:\/\/thirdstage.eu\/fr\/#primaryimage\",\"url\":\"https:\/\/thirdstage.eu\/wp-content\/uploads\/2020\/12\/2020_3o_header_hero.jpg\",\"contentUrl\":\"https:\/\/thirdstage.eu\/wp-content\/uploads\/2020\/12\/2020_3o_header_hero.jpg\",\"width\":2000,\"height\":1250},{\"@type\":\"WebSite\",\"@id\":\"https:\/\/thirdstage.eu\/fr\/#website\",\"url\":\"https:\/\/thirdstage.eu\/fr\/\",\"name\":\"thirdstage.eu\",\"description\":\"Third Stage - Theatre. Online. Anywhere\",\"publisher\":{\"@id\":\"https:\/\/thirdstage.eu\/fr\/#organization\"},\"alternateName\":\"ThirdStage\",\"potentialAction\":[{\"@type\":\"SearchAction\",\"target\":{\"@type\":\"EntryPoint\",\"urlTemplate\":\"https:\/\/thirdstage.eu\/fr\/?s={search_term_string}\"},\"query-input\":{\"@type\":\"PropertyValueSpecification\",\"valueRequired\":true,\"valueName\":\"search_term_string\"}}],\"inLanguage\":\"fr-FR\"},{\"@type\":\"Organization\",\"@id\":\"https:\/\/thirdstage.eu\/fr\/#organization\",\"name\":\"thirdstage.eu\",\"url\":\"https:\/\/thirdstage.eu\/fr\/\",\"logo\":{\"@type\":\"ImageObject\",\"inLanguage\":\"fr-FR\",\"@id\":\"https:\/\/thirdstage.eu\/fr\/#\/schema\/logo\/image\/\",\"url\":\"https:\/\/thirdstage.eu\/wp-content\/uploads\/2023\/11\/2020_3o_footer_logo_eng.png\",\"contentUrl\":\"https:\/\/thirdstage.eu\/wp-content\/uploads\/2023\/11\/2020_3o_footer_logo_eng.png\",\"width\":692,\"height\":148,\"caption\":\"thirdstage.eu\"},\"image\":{\"@id\":\"https:\/\/thirdstage.eu\/fr\/#\/schema\/logo\/image\/\"},\"sameAs\":[\"https:\/\/thirdstage.eu\",\"https:\/\/www.instagram.com\/thirdstage.eu\/\"]}]}<\/script>\n<!-- \/ Yoast SEO plugin. -->","yoast_head_json":{"title":"Third Stage - Th\u00e9\u00e2tre. En direct. N'importe o\u00f9.","description":"Dans un remarquable m\u00e9lange de culture et de technologie, Third Stage fait tomber les barri\u00e8res g\u00e9ographiques et physiques, permettant l'acc\u00e8s \u00e0 un th\u00e9\u00e2tre de qualit\u00e9 pour tous.","robots":{"index":"index","follow":"follow","max-snippet":"max-snippet:-1","max-image-preview":"max-image-preview:large","max-video-preview":"max-video-preview:-1"},"canonical":"https:\/\/thirdstage.eu\/fr\/","og_locale":"fr_FR","og_type":"article","og_title":"Third Stage - Th\u00e9\u00e2tre. En direct. N'importe o\u00f9.","og_description":"Dans un remarquable m\u00e9lange de culture et de technologie, Third Stage fait tomber les barri\u00e8res g\u00e9ographiques et physiques, permettant l'acc\u00e8s \u00e0 un th\u00e9\u00e2tre de qualit\u00e9 pour tous.","og_url":"https:\/\/thirdstage.eu\/fr\/","og_site_name":"Third Stage.eu","article_publisher":"https:\/\/thirdstage.eu","article_modified_time":"2024-04-29T10:17:29+00:00","og_image":[{"width":2000,"height":1250,"url":"https:\/\/thirdstage.eu\/wp-content\/uploads\/2020\/12\/2020_3o_header_hero.jpg","type":"image\/jpeg"}],"twitter_card":"summary_large_image","twitter_misc":{"Dur\u00e9e de lecture estim\u00e9e":"1 minute"},"schema":{"@context":"https:\/\/schema.org","@graph":[{"@type":"WebPage","@id":"https:\/\/thirdstage.eu\/fr\/","url":"https:\/\/thirdstage.eu\/fr\/","name":"Third Stage - Th\u00e9\u00e2tre. En direct. N'importe o\u00f9.","isPartOf":{"@id":"https:\/\/thirdstage.eu\/fr\/#website"},"primaryImageOfPage":{"@id":"https:\/\/thirdstage.eu\/fr\/#primaryimage"},"image":{"@id":"https:\/\/thirdstage.eu\/fr\/#primaryimage"},"thumbnailUrl":"https:\/\/thirdstage.eu\/wp-content\/uploads\/2020\/12\/2020_3o_header_hero.jpg","datePublished":"2024-04-06T19:39:56+00:00","dateModified":"2024-04-29T10:17:29+00:00","description":"Dans un remarquable m\u00e9lange de culture et de technologie, Third Stage fait tomber les barri\u00e8res g\u00e9ographiques et physiques, permettant l'acc\u00e8s \u00e0 un th\u00e9\u00e2tre de qualit\u00e9 pour tous.","inLanguage":"fr-FR","potentialAction":[{"@type":"ReadAction","target":["https:\/\/thirdstage.eu\/fr\/"]}]},{"@type":"ImageObject","inLanguage":"fr-FR","@id":"https:\/\/thirdstage.eu\/fr\/#primaryimage","url":"https:\/\/thirdstage.eu\/wp-content\/uploads\/2020\/12\/2020_3o_header_hero.jpg","contentUrl":"https:\/\/thirdstage.eu\/wp-content\/uploads\/2020\/12\/2020_3o_header_hero.jpg","width":2000,"height":1250},{"@type":"WebSite","@id":"https:\/\/thirdstage.eu\/fr\/#website","url":"https:\/\/thirdstage.eu\/fr\/","name":"thirdstage.eu","description":"Third Stage - Theatre. Online. Anywhere","publisher":{"@id":"https:\/\/thirdstage.eu\/fr\/#organization"},"alternateName":"ThirdStage","potentialAction":[{"@type":"SearchAction","target":{"@type":"EntryPoint","urlTemplate":"https:\/\/thirdstage.eu\/fr\/?s={search_term_string}"},"query-input":{"@type":"PropertyValueSpecification","valueRequired":true,"valueName":"search_term_string"}}],"inLanguage":"fr-FR"},{"@type":"Organization","@id":"https:\/\/thirdstage.eu\/fr\/#organization","name":"thirdstage.eu","url":"https:\/\/thirdstage.eu\/fr\/","logo":{"@type":"ImageObject","inLanguage":"fr-FR","@id":"https:\/\/thirdstage.eu\/fr\/#\/schema\/logo\/image\/","url":"https:\/\/thirdstage.eu\/wp-content\/uploads\/2023\/11\/2020_3o_footer_logo_eng.png","contentUrl":"https:\/\/thirdstage.eu\/wp-content\/uploads\/2023\/11\/2020_3o_footer_logo_eng.png","width":692,"height":148,"caption":"thirdstage.eu"},"image":{"@id":"https:\/\/thirdstage.eu\/fr\/#\/schema\/logo\/image\/"},"sameAs":["https:\/\/thirdstage.eu","https:\/\/www.instagram.com\/thirdstage.eu\/"]}]}},"_links":{"self":[{"href":"https:\/\/thirdstage.eu\/fr\/wp-json\/wp\/v2\/pages\/100291"}],"collection":[{"href":"https:\/\/thirdstage.eu\/fr\/wp-json\/wp\/v2\/pages"}],"about":[{"href":"https:\/\/thirdstage.eu\/fr\/wp-json\/wp\/v2\/types\/page"}],"author":[{"embeddable":true,"href":"https:\/\/thirdstage.eu\/fr\/wp-json\/wp\/v2\/users\/10171"}],"replies":[{"embeddable":true,"href":"https:\/\/thirdstage.eu\/fr\/wp-json\/wp\/v2\/comments?post=100291"}],"version-history":[{"count":25,"href":"https:\/\/thirdstage.eu\/fr\/wp-json\/wp\/v2\/pages\/100291\/revisions"}],"predecessor-version":[{"id":105504,"href":"https:\/\/thirdstage.eu\/fr\/wp-json\/wp\/v2\/pages\/100291\/revisions\/105504"}],"wp:featuredmedia":[{"embeddable":true,"href":"https:\/\/thirdstage.eu\/fr\/wp-json\/wp\/v2\/media\/88851"}],"wp:attachment":[{"href":"https:\/\/thirdstage.eu\/fr\/wp-json\/wp\/v2\/media?parent=100291"}],"curies":[{"name":"wp","href":"https:\/\/api.w.org\/{rel}","templated":true}]}}