{"id":95993,"date":"2021-01-26T09:19:40","date_gmt":"2021-01-26T08:19:40","guid":{"rendered":"https:\/\/thirdstage.eu\/contact-1\/"},"modified":"2024-04-23T10:48:04","modified_gmt":"2024-04-23T08:48:04","slug":"contact","status":"publish","type":"page","link":"https:\/\/thirdstage.eu\/fr\/contact\/","title":{"rendered":"Contact"},"content":{"rendered":"","protected":false},"excerpt":{"rendered":"","protected":false},"author":419,"featured_media":88796,"parent":0,"menu_order":0,"comment_status":"closed","ping_status":"closed","template":"views\/template-kontakt.blade.php","meta":{"_acf_changed":false,"inline_featured_image":false,"footnotes":""},"acf":[],"yoast_head":"<!-- This site is optimized with the Yoast SEO plugin v24.5 - https:\/\/yoast.com\/wordpress\/plugins\/seo\/ -->\n<title>Contact - thirdoder.si<\/title>\n<meta name=\"description\" content=\"Nous sommes \u00e0 votre disposition au num\u00e9ro de t\u00e9l\u00e9phone 040 530 244, du lundi au vendredi, entre 14h et 16h, et 1 heure avant les repr\u00e9sentations.\" \/>\n<meta name=\"robots\" content=\"index, follow, max-snippet:-1, max-image-preview:large, max-video-preview:-1\" \/>\n<link rel=\"canonical\" href=\"https:\/\/thirdstage.eu\/fr\/contact\/\" \/>\n<meta property=\"og:locale\" content=\"fr_FR\" \/>\n<meta property=\"og:type\" content=\"article\" \/>\n<meta property=\"og:title\" content=\"Contact - thirdoder.si\" \/>\n<meta property=\"og:description\" content=\"Nous sommes \u00e0 votre disposition au num\u00e9ro de t\u00e9l\u00e9phone 040 530 244, du lundi au vendredi, entre 14h et 16h, et 1 heure avant les repr\u00e9sentations.\" \/>\n<meta property=\"og:url\" content=\"https:\/\/thirdstage.eu\/fr\/contact\/\" \/>\n<meta property=\"og:site_name\" content=\"Third Stage.eu\" \/>\n<meta property=\"article:publisher\" content=\"https:\/\/thirdstage.eu\" \/>\n<meta property=\"article:modified_time\" content=\"2024-04-23T08:48:04+00:00\" \/>\n<meta property=\"og:image\" content=\"https:\/\/thirdstage.eu\/wp-content\/uploads\/2020\/12\/hero-dark.jpg\" \/>\n\t<meta property=\"og:image:width\" content=\"2400\" \/>\n\t<meta property=\"og:image:height\" content=\"1600\" \/>\n\t<meta property=\"og:image:type\" content=\"image\/jpeg\" \/>\n<meta name=\"twitter:card\" content=\"summary_large_image\" \/>\n<meta name=\"twitter:label1\" content=\"Dur\u00e9e de lecture estim\u00e9e\" \/>\n\t<meta name=\"twitter:data1\" content=\"1 minute\" \/>\n<script type=\"application\/ld+json\" class=\"yoast-schema-graph\">{\"@context\":\"https:\/\/schema.org\",\"@graph\":[{\"@type\":\"WebPage\",\"@id\":\"https:\/\/thirdstage.eu\/fr\/contact\/\",\"url\":\"https:\/\/thirdstage.eu\/fr\/contact\/\",\"name\":\"Contact - thirdoder.si\",\"isPartOf\":{\"@id\":\"https:\/\/thirdstage.eu\/fr\/#website\"},\"primaryImageOfPage\":{\"@id\":\"https:\/\/thirdstage.eu\/fr\/contact\/#primaryimage\"},\"image\":{\"@id\":\"https:\/\/thirdstage.eu\/fr\/contact\/#primaryimage\"},\"thumbnailUrl\":\"https:\/\/thirdstage.eu\/wp-content\/uploads\/2020\/12\/hero-dark.jpg\",\"datePublished\":\"2021-01-26T08:19:40+00:00\",\"dateModified\":\"2024-04-23T08:48:04+00:00\",\"description\":\"Nous sommes \u00e0 votre disposition au num\u00e9ro de t\u00e9l\u00e9phone 040 530 244, du lundi au vendredi, entre 14h et 16h, et 1 heure avant les repr\u00e9sentations.\",\"inLanguage\":\"fr-FR\",\"potentialAction\":[{\"@type\":\"ReadAction\",\"target\":[\"https:\/\/thirdstage.eu\/fr\/contact\/\"]}]},{\"@type\":\"ImageObject\",\"inLanguage\":\"fr-FR\",\"@id\":\"https:\/\/thirdstage.eu\/fr\/contact\/#primaryimage\",\"url\":\"https:\/\/thirdstage.eu\/wp-content\/uploads\/2020\/12\/hero-dark.jpg\",\"contentUrl\":\"https:\/\/thirdstage.eu\/wp-content\/uploads\/2020\/12\/hero-dark.jpg\",\"width\":2400,\"height\":1600},{\"@type\":\"WebSite\",\"@id\":\"https:\/\/thirdstage.eu\/fr\/#website\",\"url\":\"https:\/\/thirdstage.eu\/fr\/\",\"name\":\"thirdstage.eu\",\"description\":\"Third Stage - Theatre. Online. Anywhere\",\"publisher\":{\"@id\":\"https:\/\/thirdstage.eu\/fr\/#organization\"},\"alternateName\":\"ThirdStage\",\"potentialAction\":[{\"@type\":\"SearchAction\",\"target\":{\"@type\":\"EntryPoint\",\"urlTemplate\":\"https:\/\/thirdstage.eu\/fr\/?s={search_term_string}\"},\"query-input\":{\"@type\":\"PropertyValueSpecification\",\"valueRequired\":true,\"valueName\":\"search_term_string\"}}],\"inLanguage\":\"fr-FR\"},{\"@type\":\"Organization\",\"@id\":\"https:\/\/thirdstage.eu\/fr\/#organization\",\"name\":\"thirdstage.eu\",\"url\":\"https:\/\/thirdstage.eu\/fr\/\",\"logo\":{\"@type\":\"ImageObject\",\"inLanguage\":\"fr-FR\",\"@id\":\"https:\/\/thirdstage.eu\/fr\/#\/schema\/logo\/image\/\",\"url\":\"https:\/\/thirdstage.eu\/wp-content\/uploads\/2023\/11\/2020_3o_footer_logo_eng.png\",\"contentUrl\":\"https:\/\/thirdstage.eu\/wp-content\/uploads\/2023\/11\/2020_3o_footer_logo_eng.png\",\"width\":692,\"height\":148,\"caption\":\"thirdstage.eu\"},\"image\":{\"@id\":\"https:\/\/thirdstage.eu\/fr\/#\/schema\/logo\/image\/\"},\"sameAs\":[\"https:\/\/thirdstage.eu\",\"https:\/\/www.instagram.com\/thirdstage.eu\/\"]}]}<\/script>\n<!-- \/ Yoast SEO plugin. -->","yoast_head_json":{"title":"Contact - thirdoder.si","description":"Nous sommes \u00e0 votre disposition au num\u00e9ro de t\u00e9l\u00e9phone 040 530 244, du lundi au vendredi, entre 14h et 16h, et 1 heure avant les repr\u00e9sentations.","robots":{"index":"index","follow":"follow","max-snippet":"max-snippet:-1","max-image-preview":"max-image-preview:large","max-video-preview":"max-video-preview:-1"},"canonical":"https:\/\/thirdstage.eu\/fr\/contact\/","og_locale":"fr_FR","og_type":"article","og_title":"Contact - thirdoder.si","og_description":"Nous sommes \u00e0 votre disposition au num\u00e9ro de t\u00e9l\u00e9phone 040 530 244, du lundi au vendredi, entre 14h et 16h, et 1 heure avant les repr\u00e9sentations.","og_url":"https:\/\/thirdstage.eu\/fr\/contact\/","og_site_name":"Third Stage.eu","article_publisher":"https:\/\/thirdstage.eu","article_modified_time":"2024-04-23T08:48:04+00:00","og_image":[{"width":2400,"height":1600,"url":"https:\/\/thirdstage.eu\/wp-content\/uploads\/2020\/12\/hero-dark.jpg","type":"image\/jpeg"}],"twitter_card":"summary_large_image","twitter_misc":{"Dur\u00e9e de lecture estim\u00e9e":"1 minute"},"schema":{"@context":"https:\/\/schema.org","@graph":[{"@type":"WebPage","@id":"https:\/\/thirdstage.eu\/fr\/contact\/","url":"https:\/\/thirdstage.eu\/fr\/contact\/","name":"Contact - thirdoder.si","isPartOf":{"@id":"https:\/\/thirdstage.eu\/fr\/#website"},"primaryImageOfPage":{"@id":"https:\/\/thirdstage.eu\/fr\/contact\/#primaryimage"},"image":{"@id":"https:\/\/thirdstage.eu\/fr\/contact\/#primaryimage"},"thumbnailUrl":"https:\/\/thirdstage.eu\/wp-content\/uploads\/2020\/12\/hero-dark.jpg","datePublished":"2021-01-26T08:19:40+00:00","dateModified":"2024-04-23T08:48:04+00:00","description":"Nous sommes \u00e0 votre disposition au num\u00e9ro de t\u00e9l\u00e9phone 040 530 244, du lundi au vendredi, entre 14h et 16h, et 1 heure avant les repr\u00e9sentations.","inLanguage":"fr-FR","potentialAction":[{"@type":"ReadAction","target":["https:\/\/thirdstage.eu\/fr\/contact\/"]}]},{"@type":"ImageObject","inLanguage":"fr-FR","@id":"https:\/\/thirdstage.eu\/fr\/contact\/#primaryimage","url":"https:\/\/thirdstage.eu\/wp-content\/uploads\/2020\/12\/hero-dark.jpg","contentUrl":"https:\/\/thirdstage.eu\/wp-content\/uploads\/2020\/12\/hero-dark.jpg","width":2400,"height":1600},{"@type":"WebSite","@id":"https:\/\/thirdstage.eu\/fr\/#website","url":"https:\/\/thirdstage.eu\/fr\/","name":"thirdstage.eu","description":"Third Stage - Theatre. Online. Anywhere","publisher":{"@id":"https:\/\/thirdstage.eu\/fr\/#organization"},"alternateName":"ThirdStage","potentialAction":[{"@type":"SearchAction","target":{"@type":"EntryPoint","urlTemplate":"https:\/\/thirdstage.eu\/fr\/?s={search_term_string}"},"query-input":{"@type":"PropertyValueSpecification","valueRequired":true,"valueName":"search_term_string"}}],"inLanguage":"fr-FR"},{"@type":"Organization","@id":"https:\/\/thirdstage.eu\/fr\/#organization","name":"thirdstage.eu","url":"https:\/\/thirdstage.eu\/fr\/","logo":{"@type":"ImageObject","inLanguage":"fr-FR","@id":"https:\/\/thirdstage.eu\/fr\/#\/schema\/logo\/image\/","url":"https:\/\/thirdstage.eu\/wp-content\/uploads\/2023\/11\/2020_3o_footer_logo_eng.png","contentUrl":"https:\/\/thirdstage.eu\/wp-content\/uploads\/2023\/11\/2020_3o_footer_logo_eng.png","width":692,"height":148,"caption":"thirdstage.eu"},"image":{"@id":"https:\/\/thirdstage.eu\/fr\/#\/schema\/logo\/image\/"},"sameAs":["https:\/\/thirdstage.eu","https:\/\/www.instagram.com\/thirdstage.eu\/"]}]}},"_links":{"self":[{"href":"https:\/\/thirdstage.eu\/fr\/wp-json\/wp\/v2\/pages\/95993"}],"collection":[{"href":"https:\/\/thirdstage.eu\/fr\/wp-json\/wp\/v2\/pages"}],"about":[{"href":"https:\/\/thirdstage.eu\/fr\/wp-json\/wp\/v2\/types\/page"}],"author":[{"embeddable":true,"href":"https:\/\/thirdstage.eu\/fr\/wp-json\/wp\/v2\/users\/419"}],"replies":[{"embeddable":true,"href":"https:\/\/thirdstage.eu\/fr\/wp-json\/wp\/v2\/comments?post=95993"}],"version-history":[{"count":5,"href":"https:\/\/thirdstage.eu\/fr\/wp-json\/wp\/v2\/pages\/95993\/revisions"}],"predecessor-version":[{"id":105118,"href":"https:\/\/thirdstage.eu\/fr\/wp-json\/wp\/v2\/pages\/95993\/revisions\/105118"}],"wp:featuredmedia":[{"embeddable":true,"href":"https:\/\/thirdstage.eu\/fr\/wp-json\/wp\/v2\/media\/88796"}],"wp:attachment":[{"href":"https:\/\/thirdstage.eu\/fr\/wp-json\/wp\/v2\/media?parent=95993"}],"curies":[{"name":"wp","href":"https:\/\/api.w.org\/{rel}","templated":true}]}}