{"id":96717,"date":"2020-02-01T23:02:02","date_gmt":"2020-02-01T22:02:02","guid":{"rendered":"https:\/\/thirdstage.eu\/conditions-generales-de-vente\/"},"modified":"2024-04-07T10:32:16","modified_gmt":"2024-04-07T08:32:16","slug":"conditions-generales-de-vente","status":"publish","type":"page","link":"https:\/\/thirdstage.eu\/fr\/conditions-generales-de-vente\/","title":{"rendered":"Conditions g\u00e9n\u00e9rales de vente"},"content":{"rendered":"<p>&nbsp;<\/p>\n<p>&nbsp;<\/p>\n<h1>Protection des donn\u00e9es personnelles<\/h1>\n<p>Periskop d.o.o. (ci-apr\u00e8s d\u00e9nomm\u00e9 le &#8220;contr\u00f4leur&#8221;) respecte la vie priv\u00e9e de tous ceux qui visitent ses sites web (ci-apr\u00e8s d\u00e9nomm\u00e9s l'&#8221;utilisateur&#8221;). L\u2019acquisition, le traitement et l\u2019utilisation des donn\u00e9es sont effectu\u00e9s conform\u00e9ment \u00e0 la l\u00e9gislation slov\u00e8ne applicable (loi sur la protection des donn\u00e9es personnelles : ZVOP-1) et europ\u00e9enne dans le domaine de la protection des donn\u00e9es personnelles (RGPD \u2013 r\u00e8glement g\u00e9n\u00e9ral sur la protection des donn\u00e9es).<\/p>\n<p>Nous collectons et traitons des donn\u00e9es personnelles (noms et pr\u00e9noms, adresses \u00e9lectroniques) dans le but de vous informer sur le programme et les avantages particuliers de Periskop d.o.o., dans le but d&#8217;\u00e9valuer nos services, et uniquement si vous choisissez volontairement de le faire. Dans le cadre de notre collecte de donn\u00e9es personnelles, nous enregistrons les noms et adresses e-mail que nous avons obtenus en nous abonnant \u00e0 e-news sur le site Web www.thirdstage.eu et avec le consentement pour vous informer lors d\u2019un achat dans notre boutique en ligne. Dans tous les cas mentionn\u00e9s, vous acceptez les pr\u00e9sentes conditions d\u2019utilisation. Nous ne conservons les donn\u00e9es personnelles ainsi obtenues que jusqu\u2019\u00e0 votre annulation. Si vous ne souhaitez plus recevoir notre contenu, vous avez la possibilit\u00e9 de vous d\u00e9sabonner \u00e0 tout moment. Au moment de la d\u00e9sinscription, nous supprimerons \u00e9galement vos donn\u00e9es de toutes nos collectes de donn\u00e9es personnelles.<\/p>\n<p>Dans notre base de donn\u00e9es de donn\u00e9es personnelles, nous collectons et traitons \u00e9galement les donn\u00e9es personnelles (noms et pr\u00e9noms, adresses e-mail) de TOUS LES ACHETEURS EN LIGNE, uniquement dans le but de communiquer avec le client li\u00e9 \u00e0 l\u2019achat de nos services et de v\u00e9rifier la satisfaction du client li\u00e9e \u00e0 l\u2019objet de l\u2019achat. Une fois le service fourni, toutes les donn\u00e9es personnelles collect\u00e9es seront supprim\u00e9es de toutes les bases de donn\u00e9es.<\/p>\n<p>L\u2019administrateur assure un niveau \u00e9lev\u00e9 de protection des donn\u00e9es personnelles et s\u2019engage \u00e0 stocker et \u00e0 utiliser soigneusement toutes les donn\u00e9es personnelles re\u00e7ues uniquement aux fins d\u00e9crites ci-dessus. Afin d\u2019am\u00e9liorer la qualit\u00e9 de nos services et \u00e0 des fins statistiques, nous traitons \u00e9galement des donn\u00e9es relatives \u00e0 l\u2019affichage des messages re\u00e7us et aux clics sur les liens contenus dans les messages re\u00e7us.<\/p>\n<p>Les donn\u00e9es obtenues ne seront pas utilis\u00e9es, trait\u00e9es ou transmises \u00e0 des tiers dans la mesure o\u00f9 elles d\u00e9passent les limites l\u00e9galement autoris\u00e9es ou votre consentement. Nous ne partagerons des donn\u00e9es que si nous y sommes contraints sur la base de demandes officielles ou d\u2019ordonnances judiciaires.<\/p>\n<p>L\u2019utilisateur r\u00e9pond que toutes les donn\u00e9es transmises sont vraies et exactes. L\u2019administrateur n\u2019est pas responsable des cons\u00e9quences des fausses donn\u00e9es.<\/p>\n<p>Afin de garantir un traitement \u00e9quitable et transparent des donn\u00e9es \u00e0 caract\u00e8re personnel collect\u00e9es, l\u2019utilisateur a le droit de demander au responsable du traitement l\u2019acc\u00e8s aux donn\u00e9es \u00e0 caract\u00e8re personnel et la rectification ou l\u2019effacement des donn\u00e9es \u00e0 caract\u00e8re personnel ou la limitation du traitement concernant la personne concern\u00e9e ou a le droit de s\u2019opposer au traitement et le droit \u00e0 la portabilit\u00e9 des donn\u00e9es.<\/p>\n<p>L\u2019utilisateur a le droit de d\u00e9poser une plainte aupr\u00e8s du Commissaire \u00e0 l\u2019information concernant la collecte et le traitement des donn\u00e9es personnelles le concernant.<\/p>\n<p>L\u2019utilisateur lui-m\u00eame est \u00e9galement responsable de la protection des donn\u00e9es personnelles en veillant \u00e0 la s\u00e9curit\u00e9 de son nom d\u2019utilisateur et de son mot de passe, \u00e0 la s\u00e9curit\u00e9 de sa bo\u00eete e-mail et \u00e0 la protection logicielle (antivirus) appropri\u00e9e de l\u2019appareil avec lequel il visite le site web.<\/p>\n<h2><\/h2>\n<h2>Limitation de responsabilit\u00e9<\/h2>\n<p><span style=\"font-weight: 400;\">L\u2019administrateur se r\u00e9serve le droit de faire des erreurs sur tous ses sites web, tant dans la partie image que dans la partie texte, et n\u2019assume aucune responsabilit\u00e9 pour celles-ci.<\/span><\/p>\n<p><span style=\"font-weight: 400;\">L\u2019administrateur n\u2019est pas responsable de l\u2019\u00e9chec de la prestation en cas de probl\u00e8mes de connexion Internet ou de probl\u00e8mes techniques du c\u00f4t\u00e9 du spectateur\/acheteur.<\/span><\/p>\n<p><span style=\"font-weight: 400;\">L\u2019administrateur se r\u00e9serve le droit de modifier ce site web et ces conditions \u00e0 tout moment, sans autorisation sp\u00e9ciale ni en informer l\u2019utilisateur. Toutefois, les conditions d\u2019utilisation modifi\u00e9es entreront en vigueur le jour de la publication des modifications sur le site web.<\/span><\/p>\n<p><span style=\"font-weight: 400;\">Les conditions d\u2019utilisation d\u00e9crites ci-dessus ne s\u2019appliquent pas aux sites Web externes auxquels il est possible d\u2019acc\u00e9der via des liens hypertextes fournis sur notre site Web.<\/span><\/p>\n<p><span style=\"font-weight: 400;\">La consultation du contenu de ce site web, l\u2019abonnement \u00e0 e-news et\/ou l\u2019utilisation du formulaire de contact entra\u00eenent automatiquement l\u2019acceptation de toutes les conditions d\u2019utilisation d\u00e9crites ci-dessus.<\/span><\/p>\n<p><strong>Coordonn\u00e9es<\/strong><\/p>\n<p><span style=\"font-weight: 400;\">Periskop d.o.o.<\/span><\/p>\n<p><span style=\"font-weight: 400;\">Ulica bratov U\u010dakar 60<\/span><\/p>\n<p><span style=\"font-weight: 400;\">1000 Ljubljana<\/span><\/p>\n<p>Slovenia<\/p>\n<h2><\/h2>\n<h2>Billets cadeaux<\/h2>\n<p>En achetant un billet cadeau, l\u2019acheteur re\u00e7oit un code unique sur l\u2019adresse e-mail qu\u2019il peut donner \u00e0 n\u2019importe quelle personne. Utilisez le code sur le site <a href=\"https:\/\/thirdstage.eu\/fr\/\">www.thirdstage.eu<\/a> et \u00e9changez-le contre la date de repr\u00e9sentation de votre choix. <b class=\"\">Les billets-cadeaux sont utilisables pour la repr\u00e9sentation et la date choisies au moment de l&#8217;achat du billet-cadeau.<\/b><\/p>\n<h2><\/h2>\n<h2>Modes de paiement<\/h2>\n<p><span style=\"font-weight: 400;\">Vous pouvez effectuer un achat sur www.thirdstage.eu en utilisant les m\u00e9thodes de paiement suivantes :<\/span><\/p>\n<ul>\n<li style=\"font-weight: 400;\"><span style=\"font-weight: 400;\">Cartes de cr\u00e9dit<\/span><\/li>\n<li style=\"font-weight: 400;\"><span style=\"font-weight: 400;\">Paypal<\/span><\/li>\n<li>GoCrypto<\/li>\n<\/ul>\n<p><span style=\"font-weight: 400;\"><br \/>\nATTENTION : Le syst\u00e8me de paiement par carte de cr\u00e9dit n&#8217;est pas sous la responsabilit\u00e9 du fournisseur de billets (site web thirdstage.eu), le paiement est effectu\u00e9 sur Stripe ! Toutes les conditions de paiement et les protocoles de s\u00e9curit\u00e9 sont d\u00e9termin\u00e9s et ex\u00e9cut\u00e9s par Stripe.<\/span><\/p>\n<h2><\/h2>\n<h2>Acheter des billets &#8211; entrer le code CVC<\/h2>\n<p><span style=\"font-weight: 400;\">Lors d\u2019un achat par carte de cr\u00e9dit, il est obligatoire de saisir le code CVC de la carte de paiement. Le code est le dernier num\u00e9ro \u00e0 3 ou 4 chiffres figurant au dos de la carte bancaire dans le champ de saisie de la signature.<\/span><\/p>\n<h2><\/h2>\n<h2>Statut de l\u2019achat<\/h2>\n<p><span style=\"font-weight: 400;\">Sous <\/span><b>Mon compte<\/b><span style=\"font-weight: 400;\"> Les utilisateurs peuvent (lors de la pr\u00e9-inscription) v\u00e9rifier l\u2019\u00e9tat des achats. L\u2019examen comprend toutes les transactions effectu\u00e9es avec succ\u00e8s, avec indication des noms de performance, des dates d\u2019achat, des num\u00e9ros de confirmation et d\u2019autres informations sur les achats. <\/span><\/p>\n<p><span style=\"font-weight: 400;\">Si vous avez plusieurs noms d\u2019utilisateur (sous des adresses e-mail diff\u00e9rentes), lorsque vous consultez les achats, faites attention au nom d\u2019utilisateur sous lequel vous \u00eates connect\u00e9 ; Les transactions sont li\u00e9es \u00e0 votre nom d\u2019utilisateur !<\/span><\/p>\n<h2><\/h2>\n<h2>L\u2019achat en ligne est d\u00e9finitif<\/h2>\n<p><span style=\"font-weight: 400;\">Avant de cliquer sur <strong>Payer<\/strong> , l\u2019acheteur est tenu de v\u00e9rifier attentivement toutes les informations relatives \u00e0 l\u2019achat (date et montant de l\u2019achat, organisateur, nom de la repr\u00e9sentation, nombre de places, etc.). Dans la derni\u00e8re case avant le paiement, il est toujours possible de modifier l\u2019un des \u00e9l\u00e9ments d\u2019achat &#8211; \u00e9v\u00e9nement, date, heure. Apr\u00e8s la transaction, qui est effectu\u00e9e indirectement apr\u00e8s avoir cliqu\u00e9 sur le paiement, les modifications ou le retrait de l\u2019achat ne sont plus possibles.<\/span><\/p>\n<h2><\/h2>\n<h2>Erreurs lors de l\u2019achat<\/h2>\n<p><span style=\"font-weight: 400;\">Dans le cas o\u00f9 le moteur de recherche fournit une notification d\u2019erreur lors de l\u2019achat, ou si d\u2019autres probl\u00e8mes \u00e9vidents surviennent au moment de l\u2019achat, l\u2019acheteur v\u00e9rifie d\u2019abord l\u2019\u00e9tat des achats dans <\/span> la <b>section Mon compte &#8211; Commandes<\/b> avant de r\u00e9essayer<span style=\"font-weight: 400;\">. Si aucune confirmation de l\u2019\u00e9v\u00e9nement souhait\u00e9 n\u2019est enregistr\u00e9e, la transaction n\u2019a pas \u00e9t\u00e9 effectu\u00e9e ! <\/span><\/p>\n<p><span style=\"font-weight: 400;\">L\u2019acheteur fournit les informations suivantes sur l\u2019achat par e-mail :<\/span><\/p>\n<p><span style=\"font-weight: 400;\">* la date et l\u2019heure de l\u2019achat ;<\/span><\/p>\n<p><span style=\"font-weight: 400;\">* le titre de la repr\u00e9sentation\u00a0;<\/span><\/p>\n<p><span style=\"font-weight: 400;\">* nombre de billets\u00a0;<\/span><\/p>\n<p><span style=\"font-weight: 400;\">* l\u2019adresse e-mail utilis\u00e9e au moment de l\u2019achat ;<\/span><\/p>\n<p><span style=\"font-weight: 400;\">* le mode de paiement utilis\u00e9 ;<\/span><\/p>\n<p><span style=\"font-weight: 400;\">* \u00e0 quelle \u00e9tape de l\u2019achat le probl\u00e8me est survenu\u00a0;<\/span><\/p>\n<p><span style=\"font-weight: 400;\">* Notification qui s\u2019est affich\u00e9e.<\/span><\/p>\n<p><span style=\"font-weight: 400;\">Le gestionnaire du portail n\u2019est pas responsable des cons\u00e9quences d\u00e9coulant de l\u2019absence de l\u2019acheteur \u00e0 fournir les informations requises sur l\u2019achat.<\/span><\/p>\n<h2><\/h2>\n<h2>D\u00e9claration de confidentialit\u00e9<\/h2>\n<p><span style=\"font-weight: 400;\">En visitant le site, vous consentez \u00e0 la collecte et \u00e0 l\u2019utilisation de vos donn\u00e9es conform\u00e9ment \u00e0 la politique de la boutique en ligne. La politique de la boutique en ligne est conforme \u00e0 la loi sur la protection des donn\u00e9es personnelles (ZVOP-1, your.l.RS n\u00b0 86\/2004, 113\/2005)<\/span><\/p>\n<h2><\/h2>\n<h2>Modifications de la politique de confidentialit\u00e9<\/h2>\n<p><span style=\"font-weight: 400;\">Nous nous r\u00e9servons le droit de modifier cette politique \u00e0 tout moment. Ce faisant, nous vous informerons toujours d\u2019une modification substantielle de la politique en publiant la modification sur la page d\u2019accueil du site Web ou en vous envoyant un avis de modification. <\/span><\/p>\n","protected":false},"excerpt":{"rendered":"<p>&nbsp; &nbsp; Protection des donn\u00e9es personnelles Periskop d.o.o. (ci-apr\u00e8s d\u00e9nomm\u00e9 le &#8220;contr\u00f4leur&#8221;) respecte la vie priv\u00e9e de tous ceux qui visitent ses sites web (ci-apr\u00e8s d\u00e9nomm\u00e9s l&#8217;&#8221;utilisateur&#8221;). L\u2019acquisition, le traitement et l\u2019utilisation des donn\u00e9es sont effectu\u00e9s conform\u00e9ment \u00e0 la l\u00e9gislation slov\u00e8ne applicable (loi sur la protection des donn\u00e9es personnelles : ZVOP-1) et europ\u00e9enne dans le &hellip; <a href=\"https:\/\/thirdstage.eu\/fr\/conditions-generales-de-vente\/\">Continued<\/a><\/p>\n","protected":false},"author":71,"featured_media":0,"parent":0,"menu_order":0,"comment_status":"closed","ping_status":"open","template":"","meta":{"_acf_changed":false,"inline_featured_image":false,"footnotes":""},"acf":[],"yoast_head":"<!-- This site is optimized with the Yoast SEO plugin v24.5 - https:\/\/yoast.com\/wordpress\/plugins\/seo\/ -->\n<title>Conditions g\u00e9n\u00e9rales de vente - Third Stage.eu<\/title>\n<meta name=\"robots\" content=\"index, follow, max-snippet:-1, max-image-preview:large, max-video-preview:-1\" \/>\n<link rel=\"canonical\" href=\"https:\/\/thirdstage.eu\/fr\/conditions-generales-de-vente\/\" \/>\n<meta property=\"og:locale\" content=\"fr_FR\" \/>\n<meta property=\"og:type\" content=\"article\" \/>\n<meta property=\"og:title\" content=\"Conditions g\u00e9n\u00e9rales de vente - Third Stage.eu\" \/>\n<meta property=\"og:description\" content=\"&nbsp; &nbsp; Protection des donn\u00e9es personnelles Periskop d.o.o. (ci-apr\u00e8s d\u00e9nomm\u00e9 le &#8220;contr\u00f4leur&#8221;) respecte la vie priv\u00e9e de tous ceux qui visitent ses sites web (ci-apr\u00e8s d\u00e9nomm\u00e9s l&#039;&#8221;utilisateur&#8221;). L\u2019acquisition, le traitement et l\u2019utilisation des donn\u00e9es sont effectu\u00e9s conform\u00e9ment \u00e0 la l\u00e9gislation slov\u00e8ne applicable (loi sur la protection des donn\u00e9es personnelles : ZVOP-1) et europ\u00e9enne dans le &hellip; Continued\" \/>\n<meta property=\"og:url\" content=\"https:\/\/thirdstage.eu\/fr\/conditions-generales-de-vente\/\" \/>\n<meta property=\"og:site_name\" content=\"Third Stage.eu\" \/>\n<meta property=\"article:publisher\" content=\"https:\/\/thirdstage.eu\" \/>\n<meta property=\"article:modified_time\" content=\"2024-04-07T08:32:16+00:00\" \/>\n<meta property=\"og:image\" content=\"https:\/\/thirdstage.eu\/wp-content\/uploads\/2023\/11\/2020_3o_footer_logo_eng.png\" \/>\n\t<meta property=\"og:image:width\" content=\"692\" \/>\n\t<meta property=\"og:image:height\" content=\"148\" \/>\n\t<meta property=\"og:image:type\" content=\"image\/png\" \/>\n<meta name=\"twitter:card\" content=\"summary_large_image\" \/>\n<meta name=\"twitter:label1\" content=\"Dur\u00e9e de lecture estim\u00e9e\" \/>\n\t<meta name=\"twitter:data1\" content=\"8 minutes\" \/>\n<script type=\"application\/ld+json\" class=\"yoast-schema-graph\">{\"@context\":\"https:\/\/schema.org\",\"@graph\":[{\"@type\":\"WebPage\",\"@id\":\"https:\/\/thirdstage.eu\/fr\/conditions-generales-de-vente\/\",\"url\":\"https:\/\/thirdstage.eu\/fr\/conditions-generales-de-vente\/\",\"name\":\"Conditions g\u00e9n\u00e9rales de vente - Third Stage.eu\",\"isPartOf\":{\"@id\":\"https:\/\/thirdstage.eu\/fr\/#website\"},\"datePublished\":\"2020-02-01T22:02:02+00:00\",\"dateModified\":\"2024-04-07T08:32:16+00:00\",\"inLanguage\":\"fr-FR\",\"potentialAction\":[{\"@type\":\"ReadAction\",\"target\":[\"https:\/\/thirdstage.eu\/fr\/conditions-generales-de-vente\/\"]}]},{\"@type\":\"WebSite\",\"@id\":\"https:\/\/thirdstage.eu\/fr\/#website\",\"url\":\"https:\/\/thirdstage.eu\/fr\/\",\"name\":\"thirdstage.eu\",\"description\":\"Third Stage - Theatre. Online. Anywhere\",\"publisher\":{\"@id\":\"https:\/\/thirdstage.eu\/fr\/#organization\"},\"alternateName\":\"ThirdStage\",\"potentialAction\":[{\"@type\":\"SearchAction\",\"target\":{\"@type\":\"EntryPoint\",\"urlTemplate\":\"https:\/\/thirdstage.eu\/fr\/?s={search_term_string}\"},\"query-input\":{\"@type\":\"PropertyValueSpecification\",\"valueRequired\":true,\"valueName\":\"search_term_string\"}}],\"inLanguage\":\"fr-FR\"},{\"@type\":\"Organization\",\"@id\":\"https:\/\/thirdstage.eu\/fr\/#organization\",\"name\":\"thirdstage.eu\",\"url\":\"https:\/\/thirdstage.eu\/fr\/\",\"logo\":{\"@type\":\"ImageObject\",\"inLanguage\":\"fr-FR\",\"@id\":\"https:\/\/thirdstage.eu\/fr\/#\/schema\/logo\/image\/\",\"url\":\"https:\/\/thirdstage.eu\/wp-content\/uploads\/2023\/11\/2020_3o_footer_logo_eng.png\",\"contentUrl\":\"https:\/\/thirdstage.eu\/wp-content\/uploads\/2023\/11\/2020_3o_footer_logo_eng.png\",\"width\":692,\"height\":148,\"caption\":\"thirdstage.eu\"},\"image\":{\"@id\":\"https:\/\/thirdstage.eu\/fr\/#\/schema\/logo\/image\/\"},\"sameAs\":[\"https:\/\/thirdstage.eu\",\"https:\/\/www.instagram.com\/thirdstage.eu\/\"]}]}<\/script>\n<!-- \/ Yoast SEO plugin. -->","yoast_head_json":{"title":"Conditions g\u00e9n\u00e9rales de vente - Third Stage.eu","robots":{"index":"index","follow":"follow","max-snippet":"max-snippet:-1","max-image-preview":"max-image-preview:large","max-video-preview":"max-video-preview:-1"},"canonical":"https:\/\/thirdstage.eu\/fr\/conditions-generales-de-vente\/","og_locale":"fr_FR","og_type":"article","og_title":"Conditions g\u00e9n\u00e9rales de vente - Third Stage.eu","og_description":"&nbsp; &nbsp; Protection des donn\u00e9es personnelles Periskop d.o.o. (ci-apr\u00e8s d\u00e9nomm\u00e9 le &#8220;contr\u00f4leur&#8221;) respecte la vie priv\u00e9e de tous ceux qui visitent ses sites web (ci-apr\u00e8s d\u00e9nomm\u00e9s l'&#8221;utilisateur&#8221;). L\u2019acquisition, le traitement et l\u2019utilisation des donn\u00e9es sont effectu\u00e9s conform\u00e9ment \u00e0 la l\u00e9gislation slov\u00e8ne applicable (loi sur la protection des donn\u00e9es personnelles : ZVOP-1) et europ\u00e9enne dans le &hellip; Continued","og_url":"https:\/\/thirdstage.eu\/fr\/conditions-generales-de-vente\/","og_site_name":"Third Stage.eu","article_publisher":"https:\/\/thirdstage.eu","article_modified_time":"2024-04-07T08:32:16+00:00","og_image":[{"width":692,"height":148,"url":"https:\/\/thirdstage.eu\/wp-content\/uploads\/2023\/11\/2020_3o_footer_logo_eng.png","type":"image\/png"}],"twitter_card":"summary_large_image","twitter_misc":{"Dur\u00e9e de lecture estim\u00e9e":"8 minutes"},"schema":{"@context":"https:\/\/schema.org","@graph":[{"@type":"WebPage","@id":"https:\/\/thirdstage.eu\/fr\/conditions-generales-de-vente\/","url":"https:\/\/thirdstage.eu\/fr\/conditions-generales-de-vente\/","name":"Conditions g\u00e9n\u00e9rales de vente - Third Stage.eu","isPartOf":{"@id":"https:\/\/thirdstage.eu\/fr\/#website"},"datePublished":"2020-02-01T22:02:02+00:00","dateModified":"2024-04-07T08:32:16+00:00","inLanguage":"fr-FR","potentialAction":[{"@type":"ReadAction","target":["https:\/\/thirdstage.eu\/fr\/conditions-generales-de-vente\/"]}]},{"@type":"WebSite","@id":"https:\/\/thirdstage.eu\/fr\/#website","url":"https:\/\/thirdstage.eu\/fr\/","name":"thirdstage.eu","description":"Third Stage - Theatre. Online. Anywhere","publisher":{"@id":"https:\/\/thirdstage.eu\/fr\/#organization"},"alternateName":"ThirdStage","potentialAction":[{"@type":"SearchAction","target":{"@type":"EntryPoint","urlTemplate":"https:\/\/thirdstage.eu\/fr\/?s={search_term_string}"},"query-input":{"@type":"PropertyValueSpecification","valueRequired":true,"valueName":"search_term_string"}}],"inLanguage":"fr-FR"},{"@type":"Organization","@id":"https:\/\/thirdstage.eu\/fr\/#organization","name":"thirdstage.eu","url":"https:\/\/thirdstage.eu\/fr\/","logo":{"@type":"ImageObject","inLanguage":"fr-FR","@id":"https:\/\/thirdstage.eu\/fr\/#\/schema\/logo\/image\/","url":"https:\/\/thirdstage.eu\/wp-content\/uploads\/2023\/11\/2020_3o_footer_logo_eng.png","contentUrl":"https:\/\/thirdstage.eu\/wp-content\/uploads\/2023\/11\/2020_3o_footer_logo_eng.png","width":692,"height":148,"caption":"thirdstage.eu"},"image":{"@id":"https:\/\/thirdstage.eu\/fr\/#\/schema\/logo\/image\/"},"sameAs":["https:\/\/thirdstage.eu","https:\/\/www.instagram.com\/thirdstage.eu\/"]}]}},"_links":{"self":[{"href":"https:\/\/thirdstage.eu\/fr\/wp-json\/wp\/v2\/pages\/96717"}],"collection":[{"href":"https:\/\/thirdstage.eu\/fr\/wp-json\/wp\/v2\/pages"}],"about":[{"href":"https:\/\/thirdstage.eu\/fr\/wp-json\/wp\/v2\/types\/page"}],"author":[{"embeddable":true,"href":"https:\/\/thirdstage.eu\/fr\/wp-json\/wp\/v2\/users\/71"}],"replies":[{"embeddable":true,"href":"https:\/\/thirdstage.eu\/fr\/wp-json\/wp\/v2\/comments?post=96717"}],"version-history":[{"count":4,"href":"https:\/\/thirdstage.eu\/fr\/wp-json\/wp\/v2\/pages\/96717\/revisions"}],"predecessor-version":[{"id":100239,"href":"https:\/\/thirdstage.eu\/fr\/wp-json\/wp\/v2\/pages\/96717\/revisions\/100239"}],"wp:attachment":[{"href":"https:\/\/thirdstage.eu\/fr\/wp-json\/wp\/v2\/media?parent=96717"}],"curies":[{"name":"wp","href":"https:\/\/api.w.org\/{rel}","templated":true}]}}