{"id":96723,"date":"2020-12-28T10:05:11","date_gmt":"2020-12-28T09:05:11","guid":{"rendered":"https:\/\/thirdstage.eu\/aide\/"},"modified":"2024-04-23T11:25:42","modified_gmt":"2024-04-23T09:25:42","slug":"aide","status":"publish","type":"page","link":"https:\/\/thirdstage.eu\/fr\/aide\/","title":{"rendered":"Aide"},"content":{"rendered":"<div class=\"col-md-10 mb-5\">\n<h1>INSTRUCTIONS POUR L\u2019ACHAT D\u2019UN BILLET<\/h1>\n<ol class=\"pl-4\">\n<li class=\"mt-1\">Sur la premi\u00e8re page de <a href=\"https:\/\/thirdstage.eu\/fr\/\">thirdstage.eu<\/a>, s\u00e9lectionnez le spectacle que vous souhaitez acheter.<\/li>\n<li class=\"mt-1\">Vous pouvez cliquer sur le spectacle pour plus d&#8217;informations ou cliquer sur le bouton ACHETER.<\/li>\n<li>Le site web vous informera que votre produit a \u00e9t\u00e9 ajout\u00e9 au panier.<\/li>\n<li class=\"mt-1\">Cliquez sur la notification en bas de la page, ou cliquez sur le bouton COMMANDER dans le coin sup\u00e9rieur droit.<\/li>\n<li>Si vous avez un code de r\u00e9duction, vous pouvez le saisir dans le champ au-dessus de vos coordonn\u00e9es (cliquez ici pour saisir votre code).<\/li>\n<li>Suivez la proc\u00e9dure pour compl\u00e9ter votre commande.<\/li>\n<li class=\"mt-1\">Saisissez vos coordonn\u00e9es et cr\u00e9ez un COMPTE UTILISATEUR*.<\/li>\n<li class=\"mt-1\">S\u00e9lectionnez un mode de paiement et suivez les instructions de paiement.<\/li>\n<li class=\"mt-1\">Au-dessus du bouton COMMANDER \/ PAYER AVEC PAYPAL, indiquez que vous acceptez les conditions.<\/li>\n<li class=\"mt-1\">Cliquez sur le bouton COMMANDER \/ PAYER AVEC PAYPAL.<\/li>\n<\/ol>\n<p>&nbsp;<\/p>\n<h3>VOIL\u00c0!<\/h3>\n<p>Le lien pour regarder la repr\u00e9sentation sera activ\u00e9 imm\u00e9diatement apr\u00e8s votre achat sous l&#8217;onglet REGARDEZ L&#8217;EMISSION.<\/p>\n<p>* Un COMPTE D&#8217;UTILISATEUR est n\u00e9cessaire pour assister \u00e0 la repr\u00e9sentation. Le compte ne peut pas \u00eatre partag\u00e9.<\/p>\n<\/div>\n<p><!--more--><\/p>\n<div class=\"col-md-10 mb-5\">\n<h2 id=\"darline\">INSTRUCTIONS POUR L\u2019ACHAT D\u2019UN BILLET CADEAU<\/h2>\n<ol class=\"pl-4\">\n<li>Sur la premi\u00e8re page de <a href=\"https:\/\/thirdstage.eu\/fr\/\">thirdstage.eu<\/a>, s\u00e9lectionnez le spectacle que vous souhaitez acheter\/regarder.<\/li>\n<li class=\"mt-1\">Recherchez le spectacle de votre choix dans le segment <a href=\"https:\/\/thirdstage.eu\/#darilo\">FAIRE PART D&#8217;UNE EXPERIENCE<\/a>.<\/li>\n<li>Le site web vous informera que votre produit a \u00e9t\u00e9 ajout\u00e9 au panier.<\/li>\n<li class=\"mt-1\">Cliquez sur la notification en bas de la page, ou cliquez sur le bouton COMMANDER dans le coin sup\u00e9rieur droit.<\/li>\n<li>Si vous avez un code de r\u00e9duction, vous pouvez le saisir dans le champ au-dessus de vos coordonn\u00e9es (cliquez ici pour saisir votre code).<\/li>\n<li>Suivez la proc\u00e9dure pour compl\u00e9ter votre commande.<\/li>\n<li class=\"mt-1\">Saisissez vos coordonn\u00e9es et cr\u00e9ez un COMPTE UTILISATEUR*.<\/li>\n<li>Dans l&#8217;option mot de passe, choisissez si vous souhaitez que le billet-cadeau soit cr\u00e9dit\u00e9 sur votre compte ou envoy\u00e9 directement au destinataire.<\/li>\n<li class=\"mt-1\">S\u00e9lectionnez un mode de paiement et suivez les instructions de paiement.<\/li>\n<li class=\"mt-1\">Au-dessus du bouton COMMANDER \/ PAYER AVEC PAYPAL, indiquez que vous acceptez les conditions.<\/li>\n<li class=\"mt-1\">Cliquez sur le bouton COMMANDER \/ PAYER AVEC PAYPAL.<\/li>\n<li class=\"mt-1\">Apr\u00e8s l\u2019achat confirm\u00e9, vous recevrez un code de billet unique \u00e0 votre adresse e-mail, que vous pourrez donner. Le destinataire utilise le billet cadeau conform\u00e9ment aux instructions pour l\u2019utilisation du billet cadeau.<\/li>\n<\/ol>\n<h3>VOIL\u00c0!<\/h3>\n<p>Le lien pour regarder la repr\u00e9sentation sera activ\u00e9 imm\u00e9diatement apr\u00e8s votre achat sous l&#8217;onglet REGARDEZ L&#8217;EMISSION.<\/p>\n<p>* Un COMPTE D&#8217;UTILISATEUR est n\u00e9cessaire pour assister \u00e0 la repr\u00e9sentation. Le compte ne peut pas \u00eatre partag\u00e9.<\/p>\n<\/div>\n<p><!--more--><\/p>\n<div class=\"col-md-10 mb-5\">\n<h2>INSTRUCTIONS POUR \u00c9CHANGER LE BILLET CADEAU<\/h2>\n<ol>\n<li>Sur le lien <a href=\"https:\/\/thirdstage.eu\/fr\/\">thirdstage.eu<\/a>, recherchez le spectacle pour lequel vous avez re\u00e7u un billet cadeau.<\/li>\n<li>Vous pouvez cliquer sur l&#8217;\u00e9mission pour plus d&#8217;informations ou cliquer sur le bouton \u00abUTILISER\u00bb.<\/li>\n<li>Dans le champ CODE PROMO, entrez le code que vous avez re\u00e7u comme billet cadeau et cliquez sur APPLIQUER LE CODE. Si le code saisi est correct, le montant \u00e0 payer sera de 0,00 euro.<\/li>\n<li>Cliquez sur le bouton VALIDER LA COMMANDE.<\/li>\n<li>Saisissez vos informations pour cr\u00e9er un COMPTE UTILISATEUR.*<\/li>\n<li>Au-dessus du bouton COMMANDER, indiquez que vous acceptez les conditions.<\/li>\n<li>Cliquez sur le bouton COMMANDER.<\/li>\n<\/ol>\n<h3>C&#8217;EST \u00c7A!<\/h3>\n<p>Le lien pour regarder la repr\u00e9sentation sera activ\u00e9 imm\u00e9diatement apr\u00e8s votre achat sous l&#8217;onglet REGARDEZ L&#8217;EMISSION.<\/p>\n<p>* Un COMPTE D&#8217;UTILISATEUR est n\u00e9cessaire pour assister \u00e0 la repr\u00e9sentation. Le compte ne peut pas \u00eatre partag\u00e9.<\/p>\n<p>&nbsp;<\/p>\n<h4>Pour plus d\u2019informations, consultez <a href=\"https:\/\/thirdstage.eu\/fr\/foire-aux-questions\/\">la FAQ<\/a><\/h4>\n<\/div>\n<div class=\"col-md-10 mb-5\">\n<p>Si vous n&#8217;avez pas trouv\u00e9 de r\u00e9ponse \u00e0 votre question ou si vous avez rencontr\u00e9 un probl\u00e8me, nous sommes disponibles au num\u00e9ro de t\u00e9l\u00e9phone +386 (0) 71 447 645.<\/p>\n<p>Vous pouvez \u00e9galement nous contacter par courrier \u00e9lectronique \u00e0 l&#8217;adresse <a href=\"mailto:info@thirdstage.eu\"> info@thirdstage.eu<\/a>.<\/p>\n<\/div>\n","protected":false},"excerpt":{"rendered":"<p>INSTRUCTIONS POUR L\u2019ACHAT D\u2019UN BILLET Sur la premi\u00e8re page de thirdstage.eu, s\u00e9lectionnez le spectacle que vous souhaitez acheter. Vous pouvez cliquer sur le spectacle pour plus d&#8217;informations ou cliquer sur le bouton ACHETER. Le site web vous informera que votre produit a \u00e9t\u00e9 ajout\u00e9 au panier. Cliquez sur la notification en bas de la page, &hellip; <a href=\"https:\/\/thirdstage.eu\/fr\/aide\/\">Continued<\/a><\/p>\n","protected":false},"author":419,"featured_media":88851,"parent":0,"menu_order":0,"comment_status":"closed","ping_status":"closed","template":"","meta":{"_acf_changed":false,"inline_featured_image":false,"footnotes":""},"acf":[],"yoast_head":"<!-- This site is optimized with the Yoast SEO plugin v24.5 - https:\/\/yoast.com\/wordpress\/plugins\/seo\/ -->\n<title>Aide - Third Stage.eu<\/title>\n<meta name=\"robots\" content=\"index, follow, max-snippet:-1, max-image-preview:large, max-video-preview:-1\" \/>\n<link rel=\"canonical\" href=\"https:\/\/thirdstage.eu\/fr\/aide\/\" \/>\n<meta property=\"og:locale\" content=\"fr_FR\" \/>\n<meta property=\"og:type\" content=\"article\" \/>\n<meta property=\"og:title\" content=\"Aide - Third Stage.eu\" \/>\n<meta property=\"og:description\" content=\"INSTRUCTIONS POUR L\u2019ACHAT D\u2019UN BILLET Sur la premi\u00e8re page de thirdstage.eu, s\u00e9lectionnez le spectacle que vous souhaitez acheter. Vous pouvez cliquer sur le spectacle pour plus d&#8217;informations ou cliquer sur le bouton ACHETER. Le site web vous informera que votre produit a \u00e9t\u00e9 ajout\u00e9 au panier. Cliquez sur la notification en bas de la page, &hellip; Continued\" \/>\n<meta property=\"og:url\" content=\"https:\/\/thirdstage.eu\/fr\/aide\/\" \/>\n<meta property=\"og:site_name\" content=\"Third Stage.eu\" \/>\n<meta property=\"article:publisher\" content=\"https:\/\/thirdstage.eu\" \/>\n<meta property=\"article:modified_time\" content=\"2024-04-23T09:25:42+00:00\" \/>\n<meta property=\"og:image\" content=\"https:\/\/thirdstage.eu\/wp-content\/uploads\/2020\/12\/2020_3o_header_hero.jpg\" \/>\n\t<meta property=\"og:image:width\" content=\"2000\" \/>\n\t<meta property=\"og:image:height\" content=\"1250\" \/>\n\t<meta property=\"og:image:type\" content=\"image\/jpeg\" \/>\n<meta name=\"twitter:card\" content=\"summary_large_image\" \/>\n<meta name=\"twitter:label1\" content=\"Dur\u00e9e de lecture estim\u00e9e\" \/>\n\t<meta name=\"twitter:data1\" content=\"4 minutes\" \/>\n<script type=\"application\/ld+json\" class=\"yoast-schema-graph\">{\"@context\":\"https:\/\/schema.org\",\"@graph\":[{\"@type\":\"WebPage\",\"@id\":\"https:\/\/thirdstage.eu\/fr\/aide\/\",\"url\":\"https:\/\/thirdstage.eu\/fr\/aide\/\",\"name\":\"Aide - Third Stage.eu\",\"isPartOf\":{\"@id\":\"https:\/\/thirdstage.eu\/fr\/#website\"},\"primaryImageOfPage\":{\"@id\":\"https:\/\/thirdstage.eu\/fr\/aide\/#primaryimage\"},\"image\":{\"@id\":\"https:\/\/thirdstage.eu\/fr\/aide\/#primaryimage\"},\"thumbnailUrl\":\"https:\/\/thirdstage.eu\/wp-content\/uploads\/2020\/12\/2020_3o_header_hero.jpg\",\"datePublished\":\"2020-12-28T09:05:11+00:00\",\"dateModified\":\"2024-04-23T09:25:42+00:00\",\"inLanguage\":\"fr-FR\",\"potentialAction\":[{\"@type\":\"ReadAction\",\"target\":[\"https:\/\/thirdstage.eu\/fr\/aide\/\"]}]},{\"@type\":\"ImageObject\",\"inLanguage\":\"fr-FR\",\"@id\":\"https:\/\/thirdstage.eu\/fr\/aide\/#primaryimage\",\"url\":\"https:\/\/thirdstage.eu\/wp-content\/uploads\/2020\/12\/2020_3o_header_hero.jpg\",\"contentUrl\":\"https:\/\/thirdstage.eu\/wp-content\/uploads\/2020\/12\/2020_3o_header_hero.jpg\",\"width\":2000,\"height\":1250},{\"@type\":\"WebSite\",\"@id\":\"https:\/\/thirdstage.eu\/fr\/#website\",\"url\":\"https:\/\/thirdstage.eu\/fr\/\",\"name\":\"thirdstage.eu\",\"description\":\"Third Stage - Theatre. Online. Anywhere\",\"publisher\":{\"@id\":\"https:\/\/thirdstage.eu\/fr\/#organization\"},\"alternateName\":\"ThirdStage\",\"potentialAction\":[{\"@type\":\"SearchAction\",\"target\":{\"@type\":\"EntryPoint\",\"urlTemplate\":\"https:\/\/thirdstage.eu\/fr\/?s={search_term_string}\"},\"query-input\":{\"@type\":\"PropertyValueSpecification\",\"valueRequired\":true,\"valueName\":\"search_term_string\"}}],\"inLanguage\":\"fr-FR\"},{\"@type\":\"Organization\",\"@id\":\"https:\/\/thirdstage.eu\/fr\/#organization\",\"name\":\"thirdstage.eu\",\"url\":\"https:\/\/thirdstage.eu\/fr\/\",\"logo\":{\"@type\":\"ImageObject\",\"inLanguage\":\"fr-FR\",\"@id\":\"https:\/\/thirdstage.eu\/fr\/#\/schema\/logo\/image\/\",\"url\":\"https:\/\/thirdstage.eu\/wp-content\/uploads\/2023\/11\/2020_3o_footer_logo_eng.png\",\"contentUrl\":\"https:\/\/thirdstage.eu\/wp-content\/uploads\/2023\/11\/2020_3o_footer_logo_eng.png\",\"width\":692,\"height\":148,\"caption\":\"thirdstage.eu\"},\"image\":{\"@id\":\"https:\/\/thirdstage.eu\/fr\/#\/schema\/logo\/image\/\"},\"sameAs\":[\"https:\/\/thirdstage.eu\",\"https:\/\/www.instagram.com\/thirdstage.eu\/\"]}]}<\/script>\n<!-- \/ Yoast SEO plugin. -->","yoast_head_json":{"title":"Aide - Third Stage.eu","robots":{"index":"index","follow":"follow","max-snippet":"max-snippet:-1","max-image-preview":"max-image-preview:large","max-video-preview":"max-video-preview:-1"},"canonical":"https:\/\/thirdstage.eu\/fr\/aide\/","og_locale":"fr_FR","og_type":"article","og_title":"Aide - Third Stage.eu","og_description":"INSTRUCTIONS POUR L\u2019ACHAT D\u2019UN BILLET Sur la premi\u00e8re page de thirdstage.eu, s\u00e9lectionnez le spectacle que vous souhaitez acheter. Vous pouvez cliquer sur le spectacle pour plus d&#8217;informations ou cliquer sur le bouton ACHETER. Le site web vous informera que votre produit a \u00e9t\u00e9 ajout\u00e9 au panier. Cliquez sur la notification en bas de la page, &hellip; Continued","og_url":"https:\/\/thirdstage.eu\/fr\/aide\/","og_site_name":"Third Stage.eu","article_publisher":"https:\/\/thirdstage.eu","article_modified_time":"2024-04-23T09:25:42+00:00","og_image":[{"width":2000,"height":1250,"url":"https:\/\/thirdstage.eu\/wp-content\/uploads\/2020\/12\/2020_3o_header_hero.jpg","type":"image\/jpeg"}],"twitter_card":"summary_large_image","twitter_misc":{"Dur\u00e9e de lecture estim\u00e9e":"4 minutes"},"schema":{"@context":"https:\/\/schema.org","@graph":[{"@type":"WebPage","@id":"https:\/\/thirdstage.eu\/fr\/aide\/","url":"https:\/\/thirdstage.eu\/fr\/aide\/","name":"Aide - Third Stage.eu","isPartOf":{"@id":"https:\/\/thirdstage.eu\/fr\/#website"},"primaryImageOfPage":{"@id":"https:\/\/thirdstage.eu\/fr\/aide\/#primaryimage"},"image":{"@id":"https:\/\/thirdstage.eu\/fr\/aide\/#primaryimage"},"thumbnailUrl":"https:\/\/thirdstage.eu\/wp-content\/uploads\/2020\/12\/2020_3o_header_hero.jpg","datePublished":"2020-12-28T09:05:11+00:00","dateModified":"2024-04-23T09:25:42+00:00","inLanguage":"fr-FR","potentialAction":[{"@type":"ReadAction","target":["https:\/\/thirdstage.eu\/fr\/aide\/"]}]},{"@type":"ImageObject","inLanguage":"fr-FR","@id":"https:\/\/thirdstage.eu\/fr\/aide\/#primaryimage","url":"https:\/\/thirdstage.eu\/wp-content\/uploads\/2020\/12\/2020_3o_header_hero.jpg","contentUrl":"https:\/\/thirdstage.eu\/wp-content\/uploads\/2020\/12\/2020_3o_header_hero.jpg","width":2000,"height":1250},{"@type":"WebSite","@id":"https:\/\/thirdstage.eu\/fr\/#website","url":"https:\/\/thirdstage.eu\/fr\/","name":"thirdstage.eu","description":"Third Stage - Theatre. Online. Anywhere","publisher":{"@id":"https:\/\/thirdstage.eu\/fr\/#organization"},"alternateName":"ThirdStage","potentialAction":[{"@type":"SearchAction","target":{"@type":"EntryPoint","urlTemplate":"https:\/\/thirdstage.eu\/fr\/?s={search_term_string}"},"query-input":{"@type":"PropertyValueSpecification","valueRequired":true,"valueName":"search_term_string"}}],"inLanguage":"fr-FR"},{"@type":"Organization","@id":"https:\/\/thirdstage.eu\/fr\/#organization","name":"thirdstage.eu","url":"https:\/\/thirdstage.eu\/fr\/","logo":{"@type":"ImageObject","inLanguage":"fr-FR","@id":"https:\/\/thirdstage.eu\/fr\/#\/schema\/logo\/image\/","url":"https:\/\/thirdstage.eu\/wp-content\/uploads\/2023\/11\/2020_3o_footer_logo_eng.png","contentUrl":"https:\/\/thirdstage.eu\/wp-content\/uploads\/2023\/11\/2020_3o_footer_logo_eng.png","width":692,"height":148,"caption":"thirdstage.eu"},"image":{"@id":"https:\/\/thirdstage.eu\/fr\/#\/schema\/logo\/image\/"},"sameAs":["https:\/\/thirdstage.eu","https:\/\/www.instagram.com\/thirdstage.eu\/"]}]}},"_links":{"self":[{"href":"https:\/\/thirdstage.eu\/fr\/wp-json\/wp\/v2\/pages\/96723"}],"collection":[{"href":"https:\/\/thirdstage.eu\/fr\/wp-json\/wp\/v2\/pages"}],"about":[{"href":"https:\/\/thirdstage.eu\/fr\/wp-json\/wp\/v2\/types\/page"}],"author":[{"embeddable":true,"href":"https:\/\/thirdstage.eu\/fr\/wp-json\/wp\/v2\/users\/419"}],"replies":[{"embeddable":true,"href":"https:\/\/thirdstage.eu\/fr\/wp-json\/wp\/v2\/comments?post=96723"}],"version-history":[{"count":16,"href":"https:\/\/thirdstage.eu\/fr\/wp-json\/wp\/v2\/pages\/96723\/revisions"}],"predecessor-version":[{"id":105125,"href":"https:\/\/thirdstage.eu\/fr\/wp-json\/wp\/v2\/pages\/96723\/revisions\/105125"}],"wp:featuredmedia":[{"embeddable":true,"href":"https:\/\/thirdstage.eu\/fr\/wp-json\/wp\/v2\/media\/88851"}],"wp:attachment":[{"href":"https:\/\/thirdstage.eu\/fr\/wp-json\/wp\/v2\/media?parent=96723"}],"curies":[{"name":"wp","href":"https:\/\/api.w.org\/{rel}","templated":true}]}}