{"id":96733,"date":"2021-01-08T13:11:11","date_gmt":"2021-01-08T12:11:11","guid":{"rendered":"https:\/\/thirdstage.eu\/foire-aux-questions\/"},"modified":"2024-04-21T21:45:40","modified_gmt":"2024-04-21T19:45:40","slug":"foire-aux-questions","status":"publish","type":"page","link":"https:\/\/thirdstage.eu\/fr\/foire-aux-questions\/","title":{"rendered":"Foire aux questions"},"content":{"rendered":"<h1>Foire aux questions<\/h1>\n<p>&nbsp;<\/p>\n<h3><b>Qu&#8217;est-ce que le site web de la troisi\u00e8me phase et que puis-je y trouver ?<\/b><\/h3>\n<p><span style=\"font-weight: 400;\">Sur le site web <\/span><i><br \/>\n  <span style=\"font-weight: 400;\">Troisi\u00e8me sc\u00e8ne<\/span><br \/>\n<\/i><span style=\"font-weight: 400;\"> pr\u00e9sente des spectacles de th\u00e9\u00e2tres europ\u00e9ens, <\/span><span style=\"font-weight: 400;\">vous pouvez les regarder depuis le confort de votre canap\u00e9 ou d&#8217;un endroit \u00e9loign\u00e9, quand vous le souhaitez.<\/span><\/p>\n<p><span style=\"font-weight: 400;\"><i>Third Stage <\/i>n&#8217;imagine pas que le th\u00e9\u00e2tre en tant que ph\u00e9nom\u00e8ne puisse \u00eatre remplac\u00e9 par le streaming en direct ! Il n\u2019\u00e9l\u00e8ve pas un nouveau spectateur paresseux \u00e0 la maison.<\/span><\/p>\n<p><span style=\"font-weight: 400;\">L&#8217;exp\u00e9rience th\u00e9\u00e2trale entre les cr\u00e9ateurs et le public est irrempla\u00e7able et <i>Third Stage<\/i><\/span><span style=\"font-weight: 400;\"> encourage activement une pr\u00e9sence personnelle dans le th\u00e9\u00e2tre.<\/span><\/p>\n<p>&nbsp;<\/p>\n<h3><b>Quand puis-je voir les spectacles ?  <\/b><\/h3>\n<p><span style=\"font-weight: 400;\">Pendant la semaine du 22. 4. jusqu&#8217;\u00e0 28. 4. Toutes les transmissions sont disponibles pour la VOD (vid\u00e9o \u00e0 la demande). Il <strong>n&#8217;y a pas<\/strong> de spectacles en direct. Les repr\u00e9sentations sont disponibles pour \u00eatre visionn\u00e9es aussi souvent que vous le souhaitez.  <\/span><\/p>\n<p><span style=\"font-weight: 400;\"> <\/span><\/p>\n<h3><b>O\u00f9 puis-je assister \u00e0 la repr\u00e9sentation th\u00e9\u00e2trale pour laquelle j\u2019ai achet\u00e9 un billet ?<\/b><\/h3>\n<p><span style=\"font-weight: 400;\">Vous pouvez regarder l&#8217;\u00e9mission sur n&#8217;importe quel appareil pouvant acc\u00e9der au site web <\/span><a href=\"https:\/\/thirdstage.eu\/fr\/\"><br \/>\n  <span style=\"font-weight: 400;\">thirdstage.eu<\/span><br \/>\n<\/a><span style=\"font-weight: 400;\">. Bien s\u00fbr, vous pouvez \u00e9galement regarder l\u2019\u00e9mission sur votre t\u00e9l\u00e9viseur intelligent.<\/span><\/p>\n<p><span style=\"font-weight: 400;\">Si vous avez un ordinateur plus ancien, il est possible que l\u2019interface de lecture vid\u00e9o ne fonctionne pas, alors n\u2019h\u00e9sitez pas \u00e0 essayer un autre navigateur, sur un autre ordinateur, si possible.<\/span><span style=\"font-weight: 400;\"> <\/span><\/p>\n<p>&nbsp;<\/p>\n<h3><b>\u00c0 partir de quel appareil puis-je regarder l\u2019\u00e9mission ?<\/b><\/h3>\n<p><span style=\"font-weight: 400;\">Il existe un certain nombre d\u2019options &#8211; visualisation sur un t\u00e9l\u00e9viseur intelligent, un ordinateur portable, une tablette, un smartphone.  <\/span><\/p>\n<p><span style=\"font-weight: 400;\">Si vous n\u2019avez pas de t\u00e9l\u00e9viseur intelligent, vous pouvez connecter votre ordinateur\/t\u00e9l\u00e9phone \u00e0 votre t\u00e9l\u00e9viseur \u00e0 l\u2019aide d\u2019un c\u00e2ble HDMI.<\/span><b> <\/b><\/p>\n<p>&nbsp;<\/p>\n<h3><b>Comment puis-je connecter mon ordinateur \u00e0 mon t\u00e9l\u00e9viseur ?<\/b><\/h3>\n<p><span style=\"font-weight: 400;\">Il existe deux fa\u00e7ons de connecter votre tuner TV \u00e0 votre ordinateur :<\/span><\/p>\n<p><span style=\"font-weight: 400;\">&#8211;<\/span> <span style=\"font-weight: 400;\"><strong>c\u00e2bl\u00e9<\/strong> &#8211; via un c\u00e2ble HDMI<\/span><\/p>\n<p><span style=\"font-weight: 400;\">HDMI transporte un signal vid\u00e9o haute d\u00e9finition et fournit \u00e9galement du son. Pour une exp\u00e9rience plus simple, recherchez un t\u00e9l\u00e9viseur et un PC plus r\u00e9cents qui utilisent cette interface.<\/span><\/p>\n<p><span style=\"font-weight: 400;\">&#8211;<\/span> <span style=\"font-weight: 400;\"><strong>sans fil<\/strong> &#8211; via des appareils modernes tels que AppleTV, Chromecast, Amazon Fire TV stick (ils contiennent tous les assistants n\u00e9cessaires pour connecter facilement votre appareil \u00e0 votre t\u00e9l\u00e9viseur, \u00e0 condition que votre ordinateur le prenne en charge).<\/span><\/p>\n<p>&nbsp;<\/p>\n<h3><b>Des param\u00e8tres suppl\u00e9mentaires sont-ils n\u00e9cessaires ?<\/b><\/h3>\n<p><span style=\"font-weight: 400;\">Aucun r\u00e9glage suppl\u00e9mentaire n\u2019est requis.<\/span><b> <\/b><\/p>\n<p>&nbsp;<\/p>\n<h3><b>Est-il n\u00e9cessaire de s\u2019inscrire avant d\u2019acheter un billet ?<\/b><\/h3>\n<p><span style=\"font-weight: 400;\">Vous pouvez vous inscrire plus t\u00f4t ou lors de l\u2019achat de votre billet. L&#8217;inscription est indispensable car le spectacle ne peut \u00eatre visionn\u00e9 qu&#8217;avec un compte d&#8217;utilisateur. Ce n&#8217;est qu&#8217;ainsi que nous pourrons limiter les repr\u00e9sentations aux d\u00e9tenteurs de billets et cr\u00e9er ainsi un syst\u00e8me \u00e9quitable pour les th\u00e9\u00e2tres partenaires.<\/span><\/p>\n<p>&nbsp;<\/p>\n<h3><b>J\u2019ai un billet, mais je ne trouve pas de lien vers le spectacle ?<\/b><\/h3>\n<p><span style=\"font-weight: 400;\">Vous trouverez un lien vers la performance dans l\u2019onglet Afficher les <\/span><b>performances<\/b><span style=\"font-weight: 400;\">. Cliquez sur le bouton Voir pour voir. Si vous \u00eates le destinataire d\u2019un ch\u00e8que-cadeau, vous devez d\u2019abord l\u2019\u00e9changer.<\/span><\/p>\n<p><span style=\"font-weight: 400;\"> <\/span><\/p>\n<h3><b>J\u2019ai rencontr\u00e9 des probl\u00e8mes lors de la lecture de la vid\u00e9o.<\/b><\/h3>\n<p><span style=\"font-weight: 400;\">En cas de probl\u00e8mes de lecture vid\u00e9o, nous vous recommandons de choisir un autre navigateur, si possible, s\u00e9lectionnez un autre appareil, v\u00e9rifiez la connexion Internet, r\u00e9glez le volume de votre appareil. Si aucune des solutions ci-dessus ne fonctionne, veuillez nous contacter (info@thirdstage.eu) ou nous appeler (071 447 645).  <\/span><\/p>\n<p>&nbsp;<\/p>\n<h3><b>L\u2019\u00e9mission s\u2019est arr\u00eat\u00e9e sur mon appareil, que puis-je faire ?<\/b><\/h3>\n<p><span style=\"font-weight: 400;\">Actualisez la page ou essayez de l&#8217;ouvrir dans un autre navigateur.<\/span><\/p>\n<p><span style=\"font-weight: 400;\"> <\/span><\/p>\n<h3><b>Je me suis connect\u00e9 au syst\u00e8me avec mon nom d\u2019utilisateur, mais j\u2019affiche que les \u00e9missions ne sont pas disponibles ?<\/b><\/h3>\n<p><span style=\"font-weight: 400;\">Assurez-vous d\u2019avoir utilis\u00e9 le m\u00eame nom d\u2019utilisateur que lors de votre inscription.<\/span><\/p>\n<p><span style=\"font-weight: 400;\">Si vous avez un billet cadeau, assurez-vous de l\u2019avoir d\u00e9j\u00e0 utilis\u00e9 correctement. Les instructions peuvent \u00eatre trouv\u00e9es <a href=\"https:\/\/thirdstage.eu\/fr\/aide\/#darline\">ici<\/a>.<\/span><\/p>\n","protected":false},"excerpt":{"rendered":"<p>Foire aux questions &nbsp; Qu&#8217;est-ce que le site web de la troisi\u00e8me phase et que puis-je y trouver ? Sur le site web Troisi\u00e8me sc\u00e8ne pr\u00e9sente des spectacles de th\u00e9\u00e2tres europ\u00e9ens, vous pouvez les regarder depuis le confort de votre canap\u00e9 ou d&#8217;un endroit \u00e9loign\u00e9, quand vous le souhaitez. Third Stage n&#8217;imagine pas que le &hellip; <a href=\"https:\/\/thirdstage.eu\/fr\/foire-aux-questions\/\">Continued<\/a><\/p>\n","protected":false},"author":419,"featured_media":0,"parent":0,"menu_order":0,"comment_status":"closed","ping_status":"closed","template":"","meta":{"_acf_changed":false,"inline_featured_image":false,"footnotes":""},"acf":[],"yoast_head":"<!-- This site is optimized with the Yoast SEO plugin v24.5 - https:\/\/yoast.com\/wordpress\/plugins\/seo\/ -->\n<title>Foire aux questions - Third Stage.eu<\/title>\n<meta name=\"description\" content=\"D\u00e9couvrez tout ce que vous devez savoir sur le th\u00e9\u00e2tre sur thirdstage.eu. Voir FAQ.\" \/>\n<meta name=\"robots\" content=\"index, follow, max-snippet:-1, max-image-preview:large, max-video-preview:-1\" \/>\n<link rel=\"canonical\" href=\"https:\/\/thirdstage.eu\/fr\/foire-aux-questions\/\" \/>\n<meta property=\"og:locale\" content=\"fr_FR\" \/>\n<meta property=\"og:type\" content=\"article\" \/>\n<meta property=\"og:title\" content=\"Foire aux questions - Third Stage.eu\" \/>\n<meta property=\"og:description\" content=\"D\u00e9couvrez tout ce que vous devez savoir sur le th\u00e9\u00e2tre sur thirdstage.eu. Voir FAQ.\" \/>\n<meta property=\"og:url\" content=\"https:\/\/thirdstage.eu\/fr\/foire-aux-questions\/\" \/>\n<meta property=\"og:site_name\" content=\"Third Stage.eu\" \/>\n<meta property=\"article:publisher\" content=\"https:\/\/thirdstage.eu\" \/>\n<meta property=\"article:modified_time\" content=\"2024-04-21T19:45:40+00:00\" \/>\n<meta property=\"og:image\" content=\"https:\/\/thirdstage.eu\/wp-content\/uploads\/2023\/11\/2020_3o_footer_logo_eng.png\" \/>\n\t<meta property=\"og:image:width\" content=\"692\" \/>\n\t<meta property=\"og:image:height\" content=\"148\" \/>\n\t<meta property=\"og:image:type\" content=\"image\/png\" \/>\n<meta name=\"twitter:card\" content=\"summary_large_image\" \/>\n<meta name=\"twitter:label1\" content=\"Dur\u00e9e de lecture estim\u00e9e\" \/>\n\t<meta name=\"twitter:data1\" content=\"3 minutes\" \/>\n<script type=\"application\/ld+json\" class=\"yoast-schema-graph\">{\"@context\":\"https:\/\/schema.org\",\"@graph\":[{\"@type\":\"WebPage\",\"@id\":\"https:\/\/thirdstage.eu\/fr\/foire-aux-questions\/\",\"url\":\"https:\/\/thirdstage.eu\/fr\/foire-aux-questions\/\",\"name\":\"Foire aux questions - Third Stage.eu\",\"isPartOf\":{\"@id\":\"https:\/\/thirdstage.eu\/fr\/#website\"},\"datePublished\":\"2021-01-08T12:11:11+00:00\",\"dateModified\":\"2024-04-21T19:45:40+00:00\",\"description\":\"D\u00e9couvrez tout ce que vous devez savoir sur le th\u00e9\u00e2tre sur thirdstage.eu. Voir FAQ.\",\"inLanguage\":\"fr-FR\",\"potentialAction\":[{\"@type\":\"ReadAction\",\"target\":[\"https:\/\/thirdstage.eu\/fr\/foire-aux-questions\/\"]}]},{\"@type\":\"WebSite\",\"@id\":\"https:\/\/thirdstage.eu\/fr\/#website\",\"url\":\"https:\/\/thirdstage.eu\/fr\/\",\"name\":\"thirdstage.eu\",\"description\":\"Third Stage - Theatre. Online. Anywhere\",\"publisher\":{\"@id\":\"https:\/\/thirdstage.eu\/fr\/#organization\"},\"alternateName\":\"ThirdStage\",\"potentialAction\":[{\"@type\":\"SearchAction\",\"target\":{\"@type\":\"EntryPoint\",\"urlTemplate\":\"https:\/\/thirdstage.eu\/fr\/?s={search_term_string}\"},\"query-input\":{\"@type\":\"PropertyValueSpecification\",\"valueRequired\":true,\"valueName\":\"search_term_string\"}}],\"inLanguage\":\"fr-FR\"},{\"@type\":\"Organization\",\"@id\":\"https:\/\/thirdstage.eu\/fr\/#organization\",\"name\":\"thirdstage.eu\",\"url\":\"https:\/\/thirdstage.eu\/fr\/\",\"logo\":{\"@type\":\"ImageObject\",\"inLanguage\":\"fr-FR\",\"@id\":\"https:\/\/thirdstage.eu\/fr\/#\/schema\/logo\/image\/\",\"url\":\"https:\/\/thirdstage.eu\/wp-content\/uploads\/2023\/11\/2020_3o_footer_logo_eng.png\",\"contentUrl\":\"https:\/\/thirdstage.eu\/wp-content\/uploads\/2023\/11\/2020_3o_footer_logo_eng.png\",\"width\":692,\"height\":148,\"caption\":\"thirdstage.eu\"},\"image\":{\"@id\":\"https:\/\/thirdstage.eu\/fr\/#\/schema\/logo\/image\/\"},\"sameAs\":[\"https:\/\/thirdstage.eu\",\"https:\/\/www.instagram.com\/thirdstage.eu\/\"]}]}<\/script>\n<!-- \/ Yoast SEO plugin. -->","yoast_head_json":{"title":"Foire aux questions - Third Stage.eu","description":"D\u00e9couvrez tout ce que vous devez savoir sur le th\u00e9\u00e2tre sur thirdstage.eu. Voir FAQ.","robots":{"index":"index","follow":"follow","max-snippet":"max-snippet:-1","max-image-preview":"max-image-preview:large","max-video-preview":"max-video-preview:-1"},"canonical":"https:\/\/thirdstage.eu\/fr\/foire-aux-questions\/","og_locale":"fr_FR","og_type":"article","og_title":"Foire aux questions - Third Stage.eu","og_description":"D\u00e9couvrez tout ce que vous devez savoir sur le th\u00e9\u00e2tre sur thirdstage.eu. Voir FAQ.","og_url":"https:\/\/thirdstage.eu\/fr\/foire-aux-questions\/","og_site_name":"Third Stage.eu","article_publisher":"https:\/\/thirdstage.eu","article_modified_time":"2024-04-21T19:45:40+00:00","og_image":[{"width":692,"height":148,"url":"https:\/\/thirdstage.eu\/wp-content\/uploads\/2023\/11\/2020_3o_footer_logo_eng.png","type":"image\/png"}],"twitter_card":"summary_large_image","twitter_misc":{"Dur\u00e9e de lecture estim\u00e9e":"3 minutes"},"schema":{"@context":"https:\/\/schema.org","@graph":[{"@type":"WebPage","@id":"https:\/\/thirdstage.eu\/fr\/foire-aux-questions\/","url":"https:\/\/thirdstage.eu\/fr\/foire-aux-questions\/","name":"Foire aux questions - Third Stage.eu","isPartOf":{"@id":"https:\/\/thirdstage.eu\/fr\/#website"},"datePublished":"2021-01-08T12:11:11+00:00","dateModified":"2024-04-21T19:45:40+00:00","description":"D\u00e9couvrez tout ce que vous devez savoir sur le th\u00e9\u00e2tre sur thirdstage.eu. Voir FAQ.","inLanguage":"fr-FR","potentialAction":[{"@type":"ReadAction","target":["https:\/\/thirdstage.eu\/fr\/foire-aux-questions\/"]}]},{"@type":"WebSite","@id":"https:\/\/thirdstage.eu\/fr\/#website","url":"https:\/\/thirdstage.eu\/fr\/","name":"thirdstage.eu","description":"Third Stage - Theatre. Online. Anywhere","publisher":{"@id":"https:\/\/thirdstage.eu\/fr\/#organization"},"alternateName":"ThirdStage","potentialAction":[{"@type":"SearchAction","target":{"@type":"EntryPoint","urlTemplate":"https:\/\/thirdstage.eu\/fr\/?s={search_term_string}"},"query-input":{"@type":"PropertyValueSpecification","valueRequired":true,"valueName":"search_term_string"}}],"inLanguage":"fr-FR"},{"@type":"Organization","@id":"https:\/\/thirdstage.eu\/fr\/#organization","name":"thirdstage.eu","url":"https:\/\/thirdstage.eu\/fr\/","logo":{"@type":"ImageObject","inLanguage":"fr-FR","@id":"https:\/\/thirdstage.eu\/fr\/#\/schema\/logo\/image\/","url":"https:\/\/thirdstage.eu\/wp-content\/uploads\/2023\/11\/2020_3o_footer_logo_eng.png","contentUrl":"https:\/\/thirdstage.eu\/wp-content\/uploads\/2023\/11\/2020_3o_footer_logo_eng.png","width":692,"height":148,"caption":"thirdstage.eu"},"image":{"@id":"https:\/\/thirdstage.eu\/fr\/#\/schema\/logo\/image\/"},"sameAs":["https:\/\/thirdstage.eu","https:\/\/www.instagram.com\/thirdstage.eu\/"]}]}},"_links":{"self":[{"href":"https:\/\/thirdstage.eu\/fr\/wp-json\/wp\/v2\/pages\/96733"}],"collection":[{"href":"https:\/\/thirdstage.eu\/fr\/wp-json\/wp\/v2\/pages"}],"about":[{"href":"https:\/\/thirdstage.eu\/fr\/wp-json\/wp\/v2\/types\/page"}],"author":[{"embeddable":true,"href":"https:\/\/thirdstage.eu\/fr\/wp-json\/wp\/v2\/users\/419"}],"replies":[{"embeddable":true,"href":"https:\/\/thirdstage.eu\/fr\/wp-json\/wp\/v2\/comments?post=96733"}],"version-history":[{"count":2,"href":"https:\/\/thirdstage.eu\/fr\/wp-json\/wp\/v2\/pages\/96733\/revisions"}],"predecessor-version":[{"id":104755,"href":"https:\/\/thirdstage.eu\/fr\/wp-json\/wp\/v2\/pages\/96733\/revisions\/104755"}],"wp:attachment":[{"href":"https:\/\/thirdstage.eu\/fr\/wp-json\/wp\/v2\/media?parent=96733"}],"curies":[{"name":"wp","href":"https:\/\/api.w.org\/{rel}","templated":true}]}}