{"id":97757,"date":"2024-03-21T17:50:48","date_gmt":"2024-03-21T16:50:48","guid":{"rendered":"https:\/\/thirdstage.eu\/spectacles\/ratibor-rocket-sugar-factorlee-le-17-4-2024-a-1800\/"},"modified":"2024-04-21T07:25:31","modified_gmt":"2024-04-21T05:25:31","slug":"ratibor-rocket-sugar-factorlee-le-17-4-2024-a-1800","status":"publish","type":"page","link":"https:\/\/thirdstage.eu\/fr\/spectacles\/ratibor-rocket-sugar-factorlee-le-17-4-2024-a-1800\/","title":{"rendered":"Th\u00e9\u00e2tre Ratibor &#8211; Rocket Sugar FactorLEE"},"content":{"rendered":"","protected":false},"excerpt":{"rendered":"","protected":false},"author":71,"featured_media":0,"parent":95694,"menu_order":0,"comment_status":"closed","ping_status":"closed","template":"views\/template-VOD.blade.php","meta":{"_acf_changed":false,"inline_featured_image":false,"footnotes":""},"acf":[],"yoast_head":"<!-- This site is optimized with the Yoast SEO plugin v24.5 - https:\/\/yoast.com\/wordpress\/plugins\/seo\/ -->\n<title>Th\u00e9\u00e2tre Ratibor - Rocket Sugar FactorLEE - Third Stage.eu<\/title>\n<meta name=\"description\" content=\"Une fois tous les 1000 ans, les \u00e9toiles se mettent en place, nos chakras s&#039;alignent et nos emplois du temps se synchronisent, et nous assistons \u00e0 un \u00e9v\u00e9nement c\u00e9leste \u00e0 Ratibor.\" \/>\n<meta name=\"robots\" content=\"index, follow, max-snippet:-1, max-image-preview:large, max-video-preview:-1\" \/>\n<link rel=\"canonical\" href=\"https:\/\/thirdstage.eu\/fr\/spectacles\/ratibor-rocket-sugar-factorlee-le-17-4-2024-a-1800\/\" \/>\n<meta property=\"og:locale\" content=\"fr_FR\" \/>\n<meta property=\"og:type\" content=\"article\" \/>\n<meta property=\"og:title\" content=\"Th\u00e9\u00e2tre Ratibor - Rocket Sugar FactorLEE - Third Stage.eu\" \/>\n<meta property=\"og:description\" content=\"Une fois tous les 1000 ans, les \u00e9toiles se mettent en place, nos chakras s&#039;alignent et nos emplois du temps se synchronisent, et nous assistons \u00e0 un \u00e9v\u00e9nement c\u00e9leste \u00e0 Ratibor.\" \/>\n<meta property=\"og:url\" content=\"https:\/\/thirdstage.eu\/fr\/spectacles\/ratibor-rocket-sugar-factorlee-le-17-4-2024-a-1800\/\" \/>\n<meta property=\"og:site_name\" content=\"Third Stage.eu\" \/>\n<meta property=\"article:publisher\" content=\"https:\/\/thirdstage.eu\" \/>\n<meta property=\"article:modified_time\" content=\"2024-04-21T05:25:31+00:00\" \/>\n<meta property=\"og:image\" content=\"https:\/\/thirdstage.eu\/wp-content\/uploads\/2023\/11\/2020_3o_footer_logo_eng.png\" \/>\n\t<meta property=\"og:image:width\" content=\"692\" \/>\n\t<meta property=\"og:image:height\" content=\"148\" \/>\n\t<meta property=\"og:image:type\" content=\"image\/png\" \/>\n<meta name=\"twitter:card\" content=\"summary_large_image\" \/>\n<script type=\"application\/ld+json\" class=\"yoast-schema-graph\">{\"@context\":\"https:\/\/schema.org\",\"@graph\":[{\"@type\":\"WebPage\",\"@id\":\"https:\/\/thirdstage.eu\/fr\/spectacles\/ratibor-rocket-sugar-factorlee-le-17-4-2024-a-1800\/\",\"url\":\"https:\/\/thirdstage.eu\/fr\/spectacles\/ratibor-rocket-sugar-factorlee-le-17-4-2024-a-1800\/\",\"name\":\"Th\u00e9\u00e2tre Ratibor - Rocket Sugar FactorLEE - Third Stage.eu\",\"isPartOf\":{\"@id\":\"https:\/\/thirdstage.eu\/fr\/#website\"},\"datePublished\":\"2024-03-21T16:50:48+00:00\",\"dateModified\":\"2024-04-21T05:25:31+00:00\",\"description\":\"Une fois tous les 1000 ans, les \u00e9toiles se mettent en place, nos chakras s'alignent et nos emplois du temps se synchronisent, et nous assistons \u00e0 un \u00e9v\u00e9nement c\u00e9leste \u00e0 Ratibor.\",\"breadcrumb\":{\"@id\":\"https:\/\/thirdstage.eu\/fr\/spectacles\/ratibor-rocket-sugar-factorlee-le-17-4-2024-a-1800\/#breadcrumb\"},\"inLanguage\":\"fr-FR\",\"potentialAction\":[{\"@type\":\"ReadAction\",\"target\":[\"https:\/\/thirdstage.eu\/fr\/spectacles\/ratibor-rocket-sugar-factorlee-le-17-4-2024-a-1800\/\"]}]},{\"@type\":\"BreadcrumbList\",\"@id\":\"https:\/\/thirdstage.eu\/fr\/spectacles\/ratibor-rocket-sugar-factorlee-le-17-4-2024-a-1800\/#breadcrumb\",\"itemListElement\":[{\"@type\":\"ListItem\",\"position\":1,\"name\":\"Performances\",\"item\":\"https:\/\/thirdstage.eu\/fr\/spectacles\/\"},{\"@type\":\"ListItem\",\"position\":2,\"name\":\"Th\u00e9\u00e2tre Ratibor &#8211; Rocket Sugar FactorLEE\"}]},{\"@type\":\"WebSite\",\"@id\":\"https:\/\/thirdstage.eu\/fr\/#website\",\"url\":\"https:\/\/thirdstage.eu\/fr\/\",\"name\":\"thirdstage.eu\",\"description\":\"Third Stage - Theatre. Online. Anywhere\",\"publisher\":{\"@id\":\"https:\/\/thirdstage.eu\/fr\/#organization\"},\"alternateName\":\"ThirdStage\",\"potentialAction\":[{\"@type\":\"SearchAction\",\"target\":{\"@type\":\"EntryPoint\",\"urlTemplate\":\"https:\/\/thirdstage.eu\/fr\/?s={search_term_string}\"},\"query-input\":{\"@type\":\"PropertyValueSpecification\",\"valueRequired\":true,\"valueName\":\"search_term_string\"}}],\"inLanguage\":\"fr-FR\"},{\"@type\":\"Organization\",\"@id\":\"https:\/\/thirdstage.eu\/fr\/#organization\",\"name\":\"thirdstage.eu\",\"url\":\"https:\/\/thirdstage.eu\/fr\/\",\"logo\":{\"@type\":\"ImageObject\",\"inLanguage\":\"fr-FR\",\"@id\":\"https:\/\/thirdstage.eu\/fr\/#\/schema\/logo\/image\/\",\"url\":\"https:\/\/thirdstage.eu\/wp-content\/uploads\/2023\/11\/2020_3o_footer_logo_eng.png\",\"contentUrl\":\"https:\/\/thirdstage.eu\/wp-content\/uploads\/2023\/11\/2020_3o_footer_logo_eng.png\",\"width\":692,\"height\":148,\"caption\":\"thirdstage.eu\"},\"image\":{\"@id\":\"https:\/\/thirdstage.eu\/fr\/#\/schema\/logo\/image\/\"},\"sameAs\":[\"https:\/\/thirdstage.eu\",\"https:\/\/www.instagram.com\/thirdstage.eu\/\"]}]}<\/script>\n<!-- \/ Yoast SEO plugin. -->","yoast_head_json":{"title":"Th\u00e9\u00e2tre Ratibor - Rocket Sugar FactorLEE - Third Stage.eu","description":"Une fois tous les 1000 ans, les \u00e9toiles se mettent en place, nos chakras s'alignent et nos emplois du temps se synchronisent, et nous assistons \u00e0 un \u00e9v\u00e9nement c\u00e9leste \u00e0 Ratibor.","robots":{"index":"index","follow":"follow","max-snippet":"max-snippet:-1","max-image-preview":"max-image-preview:large","max-video-preview":"max-video-preview:-1"},"canonical":"https:\/\/thirdstage.eu\/fr\/spectacles\/ratibor-rocket-sugar-factorlee-le-17-4-2024-a-1800\/","og_locale":"fr_FR","og_type":"article","og_title":"Th\u00e9\u00e2tre Ratibor - Rocket Sugar FactorLEE - Third Stage.eu","og_description":"Une fois tous les 1000 ans, les \u00e9toiles se mettent en place, nos chakras s'alignent et nos emplois du temps se synchronisent, et nous assistons \u00e0 un \u00e9v\u00e9nement c\u00e9leste \u00e0 Ratibor.","og_url":"https:\/\/thirdstage.eu\/fr\/spectacles\/ratibor-rocket-sugar-factorlee-le-17-4-2024-a-1800\/","og_site_name":"Third Stage.eu","article_publisher":"https:\/\/thirdstage.eu","article_modified_time":"2024-04-21T05:25:31+00:00","og_image":[{"width":692,"height":148,"url":"https:\/\/thirdstage.eu\/wp-content\/uploads\/2023\/11\/2020_3o_footer_logo_eng.png","type":"image\/png"}],"twitter_card":"summary_large_image","schema":{"@context":"https:\/\/schema.org","@graph":[{"@type":"WebPage","@id":"https:\/\/thirdstage.eu\/fr\/spectacles\/ratibor-rocket-sugar-factorlee-le-17-4-2024-a-1800\/","url":"https:\/\/thirdstage.eu\/fr\/spectacles\/ratibor-rocket-sugar-factorlee-le-17-4-2024-a-1800\/","name":"Th\u00e9\u00e2tre Ratibor - Rocket Sugar FactorLEE - Third Stage.eu","isPartOf":{"@id":"https:\/\/thirdstage.eu\/fr\/#website"},"datePublished":"2024-03-21T16:50:48+00:00","dateModified":"2024-04-21T05:25:31+00:00","description":"Une fois tous les 1000 ans, les \u00e9toiles se mettent en place, nos chakras s'alignent et nos emplois du temps se synchronisent, et nous assistons \u00e0 un \u00e9v\u00e9nement c\u00e9leste \u00e0 Ratibor.","breadcrumb":{"@id":"https:\/\/thirdstage.eu\/fr\/spectacles\/ratibor-rocket-sugar-factorlee-le-17-4-2024-a-1800\/#breadcrumb"},"inLanguage":"fr-FR","potentialAction":[{"@type":"ReadAction","target":["https:\/\/thirdstage.eu\/fr\/spectacles\/ratibor-rocket-sugar-factorlee-le-17-4-2024-a-1800\/"]}]},{"@type":"BreadcrumbList","@id":"https:\/\/thirdstage.eu\/fr\/spectacles\/ratibor-rocket-sugar-factorlee-le-17-4-2024-a-1800\/#breadcrumb","itemListElement":[{"@type":"ListItem","position":1,"name":"Performances","item":"https:\/\/thirdstage.eu\/fr\/spectacles\/"},{"@type":"ListItem","position":2,"name":"Th\u00e9\u00e2tre Ratibor &#8211; Rocket Sugar FactorLEE"}]},{"@type":"WebSite","@id":"https:\/\/thirdstage.eu\/fr\/#website","url":"https:\/\/thirdstage.eu\/fr\/","name":"thirdstage.eu","description":"Third Stage - Theatre. Online. Anywhere","publisher":{"@id":"https:\/\/thirdstage.eu\/fr\/#organization"},"alternateName":"ThirdStage","potentialAction":[{"@type":"SearchAction","target":{"@type":"EntryPoint","urlTemplate":"https:\/\/thirdstage.eu\/fr\/?s={search_term_string}"},"query-input":{"@type":"PropertyValueSpecification","valueRequired":true,"valueName":"search_term_string"}}],"inLanguage":"fr-FR"},{"@type":"Organization","@id":"https:\/\/thirdstage.eu\/fr\/#organization","name":"thirdstage.eu","url":"https:\/\/thirdstage.eu\/fr\/","logo":{"@type":"ImageObject","inLanguage":"fr-FR","@id":"https:\/\/thirdstage.eu\/fr\/#\/schema\/logo\/image\/","url":"https:\/\/thirdstage.eu\/wp-content\/uploads\/2023\/11\/2020_3o_footer_logo_eng.png","contentUrl":"https:\/\/thirdstage.eu\/wp-content\/uploads\/2023\/11\/2020_3o_footer_logo_eng.png","width":692,"height":148,"caption":"thirdstage.eu"},"image":{"@id":"https:\/\/thirdstage.eu\/fr\/#\/schema\/logo\/image\/"},"sameAs":["https:\/\/thirdstage.eu","https:\/\/www.instagram.com\/thirdstage.eu\/"]}]}},"_links":{"self":[{"href":"https:\/\/thirdstage.eu\/fr\/wp-json\/wp\/v2\/pages\/97757"}],"collection":[{"href":"https:\/\/thirdstage.eu\/fr\/wp-json\/wp\/v2\/pages"}],"about":[{"href":"https:\/\/thirdstage.eu\/fr\/wp-json\/wp\/v2\/types\/page"}],"author":[{"embeddable":true,"href":"https:\/\/thirdstage.eu\/fr\/wp-json\/wp\/v2\/users\/71"}],"replies":[{"embeddable":true,"href":"https:\/\/thirdstage.eu\/fr\/wp-json\/wp\/v2\/comments?post=97757"}],"version-history":[{"count":8,"href":"https:\/\/thirdstage.eu\/fr\/wp-json\/wp\/v2\/pages\/97757\/revisions"}],"predecessor-version":[{"id":104456,"href":"https:\/\/thirdstage.eu\/fr\/wp-json\/wp\/v2\/pages\/97757\/revisions\/104456"}],"up":[{"embeddable":true,"href":"https:\/\/thirdstage.eu\/fr\/wp-json\/wp\/v2\/pages\/95694"}],"wp:attachment":[{"href":"https:\/\/thirdstage.eu\/fr\/wp-json\/wp\/v2\/media?parent=97757"}],"curies":[{"name":"wp","href":"https:\/\/api.w.org\/{rel}","templated":true}]}}