{"id":99703,"date":"2024-04-05T16:12:50","date_gmt":"2024-04-05T14:12:50","guid":{"rendered":"https:\/\/thirdstage.eu\/spectacles\/de-facto-theatre-company-walk-on-the-wild-side-17-04-a-16h00\/"},"modified":"2024-04-21T07:19:12","modified_gmt":"2024-04-21T05:19:12","slug":"de-facto-theatre-company-walk-on-the-wild-side-17-04-a-16h00","status":"publish","type":"page","link":"https:\/\/thirdstage.eu\/fr\/spectacles\/de-facto-theatre-company-walk-on-the-wild-side-17-04-a-16h00\/","title":{"rendered":"compagnie th\u00e9\u00e2trale de fait &#8211; Walking on the Wild Side"},"content":{"rendered":"","protected":false},"excerpt":{"rendered":"","protected":false},"author":71,"featured_media":0,"parent":95694,"menu_order":0,"comment_status":"closed","ping_status":"closed","template":"views\/template-VOD.blade.php","meta":{"_acf_changed":false,"inline_featured_image":false,"footnotes":""},"acf":[],"yoast_head":"<!-- This site is optimized with the Yoast SEO plugin v24.5 - https:\/\/yoast.com\/wordpress\/plugins\/seo\/ -->\n<title>compagnie th\u00e9\u00e2trale de fait - Walking on the Wild Side - Third Stage.eu<\/title>\n<meta name=\"description\" content=\"Explorez la fusion de la danse et du th\u00e9\u00e2tre dans &quot;Walk on the Wild Side&quot;, un spectacle unique qui explore l&#039;intimit\u00e9, le voyeurisme et le pouvoir du contact corporel.\" \/>\n<meta name=\"robots\" content=\"index, follow, max-snippet:-1, max-image-preview:large, max-video-preview:-1\" \/>\n<link rel=\"canonical\" href=\"https:\/\/thirdstage.eu\/fr\/spectacles\/de-facto-theatre-company-walk-on-the-wild-side-17-04-a-16h00\/\" \/>\n<meta property=\"og:locale\" content=\"fr_FR\" \/>\n<meta property=\"og:type\" content=\"article\" \/>\n<meta property=\"og:title\" content=\"compagnie th\u00e9\u00e2trale de fait - Walking on the Wild Side - Third Stage.eu\" \/>\n<meta property=\"og:description\" content=\"Explorez la fusion de la danse et du th\u00e9\u00e2tre dans &quot;Walk on the Wild Side&quot;, un spectacle unique qui explore l&#039;intimit\u00e9, le voyeurisme et le pouvoir du contact corporel.\" \/>\n<meta property=\"og:url\" content=\"https:\/\/thirdstage.eu\/fr\/spectacles\/de-facto-theatre-company-walk-on-the-wild-side-17-04-a-16h00\/\" \/>\n<meta property=\"og:site_name\" content=\"Third Stage.eu\" \/>\n<meta property=\"article:publisher\" content=\"https:\/\/thirdstage.eu\" \/>\n<meta property=\"article:modified_time\" content=\"2024-04-21T05:19:12+00:00\" \/>\n<meta property=\"og:image\" content=\"https:\/\/thirdstage.eu\/wp-content\/uploads\/2023\/11\/2020_3o_footer_logo_eng.png\" \/>\n\t<meta property=\"og:image:width\" content=\"692\" \/>\n\t<meta property=\"og:image:height\" content=\"148\" \/>\n\t<meta property=\"og:image:type\" content=\"image\/png\" \/>\n<meta name=\"twitter:card\" content=\"summary_large_image\" \/>\n<script type=\"application\/ld+json\" class=\"yoast-schema-graph\">{\"@context\":\"https:\/\/schema.org\",\"@graph\":[{\"@type\":\"WebPage\",\"@id\":\"https:\/\/thirdstage.eu\/fr\/spectacles\/de-facto-theatre-company-walk-on-the-wild-side-17-04-a-16h00\/\",\"url\":\"https:\/\/thirdstage.eu\/fr\/spectacles\/de-facto-theatre-company-walk-on-the-wild-side-17-04-a-16h00\/\",\"name\":\"compagnie th\u00e9\u00e2trale de fait - Walking on the Wild Side - Third Stage.eu\",\"isPartOf\":{\"@id\":\"https:\/\/thirdstage.eu\/fr\/#website\"},\"datePublished\":\"2024-04-05T14:12:50+00:00\",\"dateModified\":\"2024-04-21T05:19:12+00:00\",\"description\":\"Explorez la fusion de la danse et du th\u00e9\u00e2tre dans \\\"Walk on the Wild Side\\\", un spectacle unique qui explore l'intimit\u00e9, le voyeurisme et le pouvoir du contact corporel.\",\"breadcrumb\":{\"@id\":\"https:\/\/thirdstage.eu\/fr\/spectacles\/de-facto-theatre-company-walk-on-the-wild-side-17-04-a-16h00\/#breadcrumb\"},\"inLanguage\":\"fr-FR\",\"potentialAction\":[{\"@type\":\"ReadAction\",\"target\":[\"https:\/\/thirdstage.eu\/fr\/spectacles\/de-facto-theatre-company-walk-on-the-wild-side-17-04-a-16h00\/\"]}]},{\"@type\":\"BreadcrumbList\",\"@id\":\"https:\/\/thirdstage.eu\/fr\/spectacles\/de-facto-theatre-company-walk-on-the-wild-side-17-04-a-16h00\/#breadcrumb\",\"itemListElement\":[{\"@type\":\"ListItem\",\"position\":1,\"name\":\"Performances\",\"item\":\"https:\/\/thirdstage.eu\/fr\/spectacles\/\"},{\"@type\":\"ListItem\",\"position\":2,\"name\":\"compagnie th\u00e9\u00e2trale de fait &#8211; Walking on the Wild Side\"}]},{\"@type\":\"WebSite\",\"@id\":\"https:\/\/thirdstage.eu\/fr\/#website\",\"url\":\"https:\/\/thirdstage.eu\/fr\/\",\"name\":\"thirdstage.eu\",\"description\":\"Third Stage - Theatre. Online. Anywhere\",\"publisher\":{\"@id\":\"https:\/\/thirdstage.eu\/fr\/#organization\"},\"alternateName\":\"ThirdStage\",\"potentialAction\":[{\"@type\":\"SearchAction\",\"target\":{\"@type\":\"EntryPoint\",\"urlTemplate\":\"https:\/\/thirdstage.eu\/fr\/?s={search_term_string}\"},\"query-input\":{\"@type\":\"PropertyValueSpecification\",\"valueRequired\":true,\"valueName\":\"search_term_string\"}}],\"inLanguage\":\"fr-FR\"},{\"@type\":\"Organization\",\"@id\":\"https:\/\/thirdstage.eu\/fr\/#organization\",\"name\":\"thirdstage.eu\",\"url\":\"https:\/\/thirdstage.eu\/fr\/\",\"logo\":{\"@type\":\"ImageObject\",\"inLanguage\":\"fr-FR\",\"@id\":\"https:\/\/thirdstage.eu\/fr\/#\/schema\/logo\/image\/\",\"url\":\"https:\/\/thirdstage.eu\/wp-content\/uploads\/2023\/11\/2020_3o_footer_logo_eng.png\",\"contentUrl\":\"https:\/\/thirdstage.eu\/wp-content\/uploads\/2023\/11\/2020_3o_footer_logo_eng.png\",\"width\":692,\"height\":148,\"caption\":\"thirdstage.eu\"},\"image\":{\"@id\":\"https:\/\/thirdstage.eu\/fr\/#\/schema\/logo\/image\/\"},\"sameAs\":[\"https:\/\/thirdstage.eu\",\"https:\/\/www.instagram.com\/thirdstage.eu\/\"]}]}<\/script>\n<!-- \/ Yoast SEO plugin. -->","yoast_head_json":{"title":"compagnie th\u00e9\u00e2trale de fait - Walking on the Wild Side - Third Stage.eu","description":"Explorez la fusion de la danse et du th\u00e9\u00e2tre dans \"Walk on the Wild Side\", un spectacle unique qui explore l'intimit\u00e9, le voyeurisme et le pouvoir du contact corporel.","robots":{"index":"index","follow":"follow","max-snippet":"max-snippet:-1","max-image-preview":"max-image-preview:large","max-video-preview":"max-video-preview:-1"},"canonical":"https:\/\/thirdstage.eu\/fr\/spectacles\/de-facto-theatre-company-walk-on-the-wild-side-17-04-a-16h00\/","og_locale":"fr_FR","og_type":"article","og_title":"compagnie th\u00e9\u00e2trale de fait - Walking on the Wild Side - Third Stage.eu","og_description":"Explorez la fusion de la danse et du th\u00e9\u00e2tre dans \"Walk on the Wild Side\", un spectacle unique qui explore l'intimit\u00e9, le voyeurisme et le pouvoir du contact corporel.","og_url":"https:\/\/thirdstage.eu\/fr\/spectacles\/de-facto-theatre-company-walk-on-the-wild-side-17-04-a-16h00\/","og_site_name":"Third Stage.eu","article_publisher":"https:\/\/thirdstage.eu","article_modified_time":"2024-04-21T05:19:12+00:00","og_image":[{"width":692,"height":148,"url":"https:\/\/thirdstage.eu\/wp-content\/uploads\/2023\/11\/2020_3o_footer_logo_eng.png","type":"image\/png"}],"twitter_card":"summary_large_image","schema":{"@context":"https:\/\/schema.org","@graph":[{"@type":"WebPage","@id":"https:\/\/thirdstage.eu\/fr\/spectacles\/de-facto-theatre-company-walk-on-the-wild-side-17-04-a-16h00\/","url":"https:\/\/thirdstage.eu\/fr\/spectacles\/de-facto-theatre-company-walk-on-the-wild-side-17-04-a-16h00\/","name":"compagnie th\u00e9\u00e2trale de fait - Walking on the Wild Side - Third Stage.eu","isPartOf":{"@id":"https:\/\/thirdstage.eu\/fr\/#website"},"datePublished":"2024-04-05T14:12:50+00:00","dateModified":"2024-04-21T05:19:12+00:00","description":"Explorez la fusion de la danse et du th\u00e9\u00e2tre dans \"Walk on the Wild Side\", un spectacle unique qui explore l'intimit\u00e9, le voyeurisme et le pouvoir du contact corporel.","breadcrumb":{"@id":"https:\/\/thirdstage.eu\/fr\/spectacles\/de-facto-theatre-company-walk-on-the-wild-side-17-04-a-16h00\/#breadcrumb"},"inLanguage":"fr-FR","potentialAction":[{"@type":"ReadAction","target":["https:\/\/thirdstage.eu\/fr\/spectacles\/de-facto-theatre-company-walk-on-the-wild-side-17-04-a-16h00\/"]}]},{"@type":"BreadcrumbList","@id":"https:\/\/thirdstage.eu\/fr\/spectacles\/de-facto-theatre-company-walk-on-the-wild-side-17-04-a-16h00\/#breadcrumb","itemListElement":[{"@type":"ListItem","position":1,"name":"Performances","item":"https:\/\/thirdstage.eu\/fr\/spectacles\/"},{"@type":"ListItem","position":2,"name":"compagnie th\u00e9\u00e2trale de fait &#8211; Walking on the Wild Side"}]},{"@type":"WebSite","@id":"https:\/\/thirdstage.eu\/fr\/#website","url":"https:\/\/thirdstage.eu\/fr\/","name":"thirdstage.eu","description":"Third Stage - Theatre. Online. Anywhere","publisher":{"@id":"https:\/\/thirdstage.eu\/fr\/#organization"},"alternateName":"ThirdStage","potentialAction":[{"@type":"SearchAction","target":{"@type":"EntryPoint","urlTemplate":"https:\/\/thirdstage.eu\/fr\/?s={search_term_string}"},"query-input":{"@type":"PropertyValueSpecification","valueRequired":true,"valueName":"search_term_string"}}],"inLanguage":"fr-FR"},{"@type":"Organization","@id":"https:\/\/thirdstage.eu\/fr\/#organization","name":"thirdstage.eu","url":"https:\/\/thirdstage.eu\/fr\/","logo":{"@type":"ImageObject","inLanguage":"fr-FR","@id":"https:\/\/thirdstage.eu\/fr\/#\/schema\/logo\/image\/","url":"https:\/\/thirdstage.eu\/wp-content\/uploads\/2023\/11\/2020_3o_footer_logo_eng.png","contentUrl":"https:\/\/thirdstage.eu\/wp-content\/uploads\/2023\/11\/2020_3o_footer_logo_eng.png","width":692,"height":148,"caption":"thirdstage.eu"},"image":{"@id":"https:\/\/thirdstage.eu\/fr\/#\/schema\/logo\/image\/"},"sameAs":["https:\/\/thirdstage.eu","https:\/\/www.instagram.com\/thirdstage.eu\/"]}]}},"_links":{"self":[{"href":"https:\/\/thirdstage.eu\/fr\/wp-json\/wp\/v2\/pages\/99703"}],"collection":[{"href":"https:\/\/thirdstage.eu\/fr\/wp-json\/wp\/v2\/pages"}],"about":[{"href":"https:\/\/thirdstage.eu\/fr\/wp-json\/wp\/v2\/types\/page"}],"author":[{"embeddable":true,"href":"https:\/\/thirdstage.eu\/fr\/wp-json\/wp\/v2\/users\/71"}],"replies":[{"embeddable":true,"href":"https:\/\/thirdstage.eu\/fr\/wp-json\/wp\/v2\/comments?post=99703"}],"version-history":[{"count":5,"href":"https:\/\/thirdstage.eu\/fr\/wp-json\/wp\/v2\/pages\/99703\/revisions"}],"predecessor-version":[{"id":104433,"href":"https:\/\/thirdstage.eu\/fr\/wp-json\/wp\/v2\/pages\/99703\/revisions\/104433"}],"up":[{"embeddable":true,"href":"https:\/\/thirdstage.eu\/fr\/wp-json\/wp\/v2\/pages\/95694"}],"wp:attachment":[{"href":"https:\/\/thirdstage.eu\/fr\/wp-json\/wp\/v2\/media?parent=99703"}],"curies":[{"name":"wp","href":"https:\/\/api.w.org\/{rel}","templated":true}]}}