{"id":96719,"date":"2020-02-01T23:02:02","date_gmt":"2020-02-01T22:02:02","guid":{"rendered":"https:\/\/thirdstage.eu\/termini-e-condizioni-generali\/"},"modified":"2024-04-07T10:32:19","modified_gmt":"2024-04-07T08:32:19","slug":"termini-e-condizioni-generali","status":"publish","type":"page","link":"https:\/\/thirdstage.eu\/it\/termini-e-condizioni-generali\/","title":{"rendered":"Termini e condizioni generali"},"content":{"rendered":"<p>&nbsp;<\/p>\n<p>&nbsp;<\/p>\n<h1>Protezione dei dati personali<\/h1>\n<p>Periskop d.o.o. (di seguito denominata &#8220;Titolare&#8221;) rispetta la privacy di tutti coloro che visitano i nostri siti web (di seguito denominati &#8220;Utente&#8221;). L&#8217;acquisizione, l&#8217;elaborazione e l&#8217;utilizzo dei dati vengono effettuati in conformit\u00e0 con la legislazione slovena applicabile (legge sulla protezione dei dati personali: ZVOP-1) e dell&#8217;UE in materia di protezione dei dati personali (GDPR \u2013 Regolamento generale sulla protezione dei dati).<\/p>\n<p>Raccogliamo ed elaboriamo i dati personali (nomi e cognomi, indirizzi e-mail) allo scopo di informarvi sul programma e sui vantaggi speciali di Periskop d.o.o., allo scopo di valutare i nostri servizi, e solo se scegliete volontariamente di farlo. Nella nostra raccolta di dati personali, memorizziamo i nomi e gli indirizzi e-mail che abbiamo ottenuto iscrivendoci alle e-news sul sito web www.thirdstage.eu e con il consenso a informarti quando effettui un acquisto nel nostro negozio online. In tutti i casi menzionati, l&#8217;utente accetta le presenti Condizioni d&#8217;uso. Conserviamo i dati personali cos\u00ec ottenuti solo fino alla tua cancellazione. Nel caso in cui non desideri pi\u00f9 ricevere i nostri contenuti, hai la possibilit\u00e0 di annullare l&#8217;iscrizione in qualsiasi momento. Al momento dell&#8217;annullamento dell&#8217;iscrizione, cancelleremo anche i tuoi dati da tutte le nostre raccolte di dati personali.<\/p>\n<p>Nel nostro database di dati personali, raccogliamo e trattiamo anche i dati personali (nomi e cognomi, indirizzi e-mail) di TUTTI GLI ACQUIRENTI ONLINE, al solo fine di comunicare con il cliente in relazione all&#8217;acquisto dei nostri servizi e verificare la soddisfazione del cliente in relazione all&#8217;oggetto dell&#8217;acquisto. Dopo l&#8217;erogazione del servizio, tutti i dati personali raccolti saranno cancellati da tutti i database.<\/p>\n<p>L&#8217;amministratore garantisce un elevato livello di protezione dei dati personali e si impegna a conservare e utilizzare con cura tutti i dati personali ricevuti solo per gli scopi sopra descritti. Al fine di migliorare la qualit\u00e0 dei nostri servizi e a fini statistici, trattiamo anche i dati sulla visualizzazione dei messaggi ricevuti e sui clic sui link nei messaggi ricevuti.<\/p>\n<p>I dati ottenuti non saranno utilizzati, elaborati o trasmessi a terzi nella misura in cui vada oltre i limiti consentiti dalla legge o il consenso dell&#8217;utente. Condivideremo i dati solo se siamo obbligati a farlo sulla base di richieste ufficiali o ordinanze del tribunale.<\/p>\n<p>L&#8217;utente risponde che tutti i dati trasmessi sono veritieri e accurati. L&#8217;amministratore non \u00e8 responsabile delle conseguenze di dati falsi.<\/p>\n<p>Al fine di garantire un trattamento equo e trasparente dei dati personali raccolti, l&#8217;utente ha il diritto di chiedere al titolare del trattamento l&#8217;accesso ai dati personali e la rettifica o la cancellazione dei dati personali o la limitazione del trattamento che lo riguardano o ha il diritto di opporsi al trattamento e il diritto alla portabilit\u00e0 dei dati.<\/p>\n<p>L&#8217;utente ha il diritto di presentare un reclamo all&#8217;Information Commissioner in merito alla raccolta e al trattamento dei dati personali che lo riguardano.<\/p>\n<p>L&#8217;utente stesso \u00e8 inoltre responsabile della protezione dei dati personali occupandosi della sicurezza del suo nome utente e della sua password, della sicurezza della sua casella di posta elettronica e di un&#8217;adeguata protezione software (antivirus) del dispositivo con cui visita il sito web.<\/p>\n<h2><\/h2>\n<h2>Limitazione di responsabilit\u00e0<\/h2>\n<p><span style=\"font-weight: 400;\">L&#8217;amministratore si riserva il diritto di commettere errori su tutti i suoi siti web, sia nella parte di immagine che di testo, e non si assume alcuna responsabilit\u00e0 per essi.<\/span><\/p>\n<p><span style=\"font-weight: 400;\">L&#8217;amministratore non \u00e8 responsabile per il mancato funzionamento delle prestazioni in caso di problemi sulla connessione Internet o problemi tecnici da parte dello spettatore\/acquirente.<\/span><\/p>\n<p><span style=\"font-weight: 400;\">L&#8217;amministratore si riserva il diritto di modificare questo sito web e questi termini in qualsiasi momento, senza autorizzazione speciale o informando l&#8217;utente al riguardo. Tuttavia, le Condizioni d&#8217;uso modificate entreranno in vigore il giorno in cui le modifiche saranno pubblicate sul sito web.<\/span><\/p>\n<p><span style=\"font-weight: 400;\">Le condizioni di utilizzo sopra descritte non si applicano ai siti web esterni a cui \u00e8 possibile accedere tramite i collegamenti ipertestuali forniti sul nostro sito web.<\/span><\/p>\n<p><span style=\"font-weight: 400;\">La visualizzazione dei contenuti di questo sito web, l&#8217;iscrizione alle e-news e\/o l&#8217;utilizzo del modulo di contatto comportano automaticamente l&#8217;accettazione di tutte le condizioni d&#8217;uso sopra descritte.<\/span><\/p>\n<p><strong>Dati di contatto<\/strong><\/p>\n<p><span style=\"font-weight: 400;\">Periskop d.o.o.<\/span><\/p>\n<p><span style=\"font-weight: 400;\">Ulica bratov U\u010dakar 60<\/span><\/p>\n<p><span style=\"font-weight: 400;\">1000 Ljubljana<\/span><\/p>\n<p>Slovenia<\/p>\n<h2><\/h2>\n<h2>Biglietti regalo<\/h2>\n<p>Acquistando un biglietto regalo, l&#8217;acquirente riceve un codice univoco sull&#8217;indirizzo e-mail che pu\u00f2 fornire a qualsiasi persona. Riscattate il codice su <a href=\"https:\/\/thirdstage.eu\/it\/\">www.thirdstage.eu<\/a> e sostituitelo per la data dello spettacolo di vostra scelta. <b class=\"\">I biglietti regalo sono riscattabili per lo spettacolo e la data selezionati al momento dell&#8217;acquisto del biglietto regalo.<\/b><\/p>\n<h2><\/h2>\n<h2>Metodi di pagamento<\/h2>\n<p><span style=\"font-weight: 400;\">\u00c8 possibile effettuare un acquisto su www.thirdstage.eu utilizzando i seguenti metodi di pagamento:<\/span><\/p>\n<ul>\n<li style=\"font-weight: 400;\"><span style=\"font-weight: 400;\">Carte di credito<\/span><\/li>\n<li style=\"font-weight: 400;\"><span style=\"font-weight: 400;\">Paga l&#8217;amico<\/span><\/li>\n<li>GoCrypto<\/li>\n<\/ul>\n<p><span style=\"font-weight: 400;\"><br \/>\nATTENZIONE: Il sistema di pagamento con carta di credito non \u00e8 di competenza del fornitore dei biglietti (sito web thirdstage.eu), il pagamento viene effettuato su Stripe! Tutte le condizioni di pagamento e i protocolli di sicurezza sono determinati ed eseguiti da Stripe.<\/span><\/p>\n<h2><\/h2>\n<h2>Acquista i biglietti &#8211; inserisci il codice CVC<\/h2>\n<p><span style=\"font-weight: 400;\">Quando si acquista con carte di credito, \u00e8 obbligatorio inserire il codice CVC della carta di pagamento. Il codice \u00e8 l&#8217;ultimo numero di 3 o 4 cifre sul retro della carta bancaria nel campo di immissione della firma.<\/span><\/p>\n<h2><\/h2>\n<h2>Stato dell&#8217;acquisto<\/h2>\n<p><span style=\"font-weight: 400;\">Nella sezione <\/span><b>Il mio account<\/b><span style=\"font-weight: 400;\"> Gli utenti possono (previa pre-registrazione) verificare lo stato degli acquisti. La revisione include tutte le transazioni completate con successo, con l&#8217;indicazione dei nomi delle prestazioni, delle date degli acquisti, dei numeri di conferma e di altre informazioni sull&#8217;acquisto. <\/span><\/p>\n<p><span style=\"font-weight: 400;\">Nel caso in cui tu abbia pi\u00f9 nomi utente (con indirizzi e-mail diversi), quando visualizzi gli acquisti, presta attenzione a con quale nome utente hai effettuato l&#8217;accesso; Le transazioni sono legate al tuo nome utente!<\/span><\/p>\n<h2><\/h2>\n<h2>L&#8217;acquisto online \u00e8 definitivo<\/h2>\n<p><span style=\"font-weight: 400;\">Prima di cliccare su <strong>Paga<\/strong> , l&#8217;acquirente \u00e8 tenuto a verificare attentamente tutte le informazioni relative all&#8217;acquisto (data e importo dell&#8217;acquisto, organizzatore, nome dello spettacolo, numero di posti, ecc.). Nell&#8217;ultima casella prima del pagamento, \u00e8 ancora possibile modificare uno qualsiasi degli articoli di acquisto: evento, data, ora. Dopo la transazione, che viene effettuata indirettamente dopo aver cliccato sul pagamento, non sono pi\u00f9 possibili modifiche o recessi dall&#8217;acquisto.<\/span><\/p>\n<h2><\/h2>\n<h2>Errori durante l&#8217;acquisto<\/h2>\n<p><span style=\"font-weight: 400;\">Nel caso in cui il motore di ricerca fornisca una notifica di errore durante l&#8217;acquisto, o si verifichino altri problemi evidenti al momento dell&#8217;acquisto, l&#8217;acquirente controlla prima lo stato degli acquisti nella <\/span> <b>sezione Il mio account &#8211; Ordini<\/b> prima di riprovare<span style=\"font-weight: 400;\">. Se non viene registrata alcuna conferma per l&#8217;evento desiderato, la transazione non \u00e8 stata effettuata! <\/span><\/p>\n<p><span style=\"font-weight: 400;\">L&#8217;acquirente fornisce le seguenti informazioni sull&#8217;acquisto via e-mail:<\/span><\/p>\n<p><span style=\"font-weight: 400;\">* data\/ora di acquisto;<\/span><\/p>\n<p><span style=\"font-weight: 400;\">* titolo dell&#8217;esecuzione;<\/span><\/p>\n<p><span style=\"font-weight: 400;\">* numero di biglietti;<\/span><\/p>\n<p><span style=\"font-weight: 400;\">* indirizzo e-mail utilizzato al momento dell&#8217;acquisto;<\/span><\/p>\n<p><span style=\"font-weight: 400;\">* metodo di pagamento utilizzato;<\/span><\/p>\n<p><span style=\"font-weight: 400;\">* in quale fase dell&#8217;acquisto si \u00e8 verificato il problema;<\/span><\/p>\n<p><span style=\"font-weight: 400;\">* Notifica che \u00e8 apparsa.<\/span><\/p>\n<p><span style=\"font-weight: 400;\">Il gestore del portale non si assume alcuna responsabilit\u00e0 per le conseguenze derivanti dalla mancata fornitura da parte dell&#8217;acquirente delle informazioni richieste sull&#8217;acquisto.<\/span><\/p>\n<h2><\/h2>\n<h2>Informativa sulla privacy<\/h2>\n<p><span style=\"font-weight: 400;\">Visitando il sito, acconsenti alla raccolta e all&#8217;utilizzo dei tuoi dati in conformit\u00e0 con la politica del negozio online. La politica del negozio online \u00e8 conforme alla legge sulla protezione dei dati personali (ZVOP-1, your.l.RS n. 86\/2004, 113\/2005)<\/span><\/p>\n<h2><\/h2>\n<h2>Modifiche all&#8217;Informativa sulla privacy<\/h2>\n<p><span style=\"font-weight: 400;\">Ci riserviamo il diritto di modificare questa politica in qualsiasi momento. In tal modo, ti informeremo sempre di una modifica sostanziale all&#8217;informativa pubblicando la modifica sulla home page del sito Web o inviandoti un avviso della modifica. <\/span><\/p>\n","protected":false},"excerpt":{"rendered":"<p>&nbsp; &nbsp; Protezione dei dati personali Periskop d.o.o. (di seguito denominata &#8220;Titolare&#8221;) rispetta la privacy di tutti coloro che visitano i nostri siti web (di seguito denominati &#8220;Utente&#8221;). L&#8217;acquisizione, l&#8217;elaborazione e l&#8217;utilizzo dei dati vengono effettuati in conformit\u00e0 con la legislazione slovena applicabile (legge sulla protezione dei dati personali: ZVOP-1) e dell&#8217;UE in materia di &hellip; <a href=\"https:\/\/thirdstage.eu\/it\/termini-e-condizioni-generali\/\">Continued<\/a><\/p>\n","protected":false},"author":71,"featured_media":0,"parent":0,"menu_order":0,"comment_status":"closed","ping_status":"open","template":"","meta":{"_acf_changed":false,"inline_featured_image":false,"footnotes":""},"acf":[],"yoast_head":"<!-- This site is optimized with the Yoast SEO plugin v24.5 - https:\/\/yoast.com\/wordpress\/plugins\/seo\/ -->\n<title>Termini e condizioni generali - Third Stage.eu<\/title>\n<meta name=\"robots\" content=\"index, follow, max-snippet:-1, max-image-preview:large, max-video-preview:-1\" \/>\n<link rel=\"canonical\" href=\"https:\/\/thirdstage.eu\/it\/termini-e-condizioni-generali\/\" \/>\n<meta property=\"og:locale\" content=\"it_IT\" \/>\n<meta property=\"og:type\" content=\"article\" \/>\n<meta property=\"og:title\" content=\"Termini e condizioni generali - Third Stage.eu\" \/>\n<meta property=\"og:description\" content=\"&nbsp; &nbsp; Protezione dei dati personali Periskop d.o.o. (di seguito denominata &#8220;Titolare&#8221;) rispetta la privacy di tutti coloro che visitano i nostri siti web (di seguito denominati &#8220;Utente&#8221;). L&#8217;acquisizione, l&#8217;elaborazione e l&#8217;utilizzo dei dati vengono effettuati in conformit\u00e0 con la legislazione slovena applicabile (legge sulla protezione dei dati personali: ZVOP-1) e dell&#8217;UE in materia di &hellip; Continued\" \/>\n<meta property=\"og:url\" content=\"https:\/\/thirdstage.eu\/it\/termini-e-condizioni-generali\/\" \/>\n<meta property=\"og:site_name\" content=\"Third Stage.eu\" \/>\n<meta property=\"article:publisher\" content=\"https:\/\/thirdstage.eu\" \/>\n<meta property=\"article:modified_time\" content=\"2024-04-07T08:32:19+00:00\" \/>\n<meta property=\"og:image\" content=\"https:\/\/thirdstage.eu\/wp-content\/uploads\/2023\/11\/2020_3o_footer_logo_eng.png\" \/>\n\t<meta property=\"og:image:width\" content=\"692\" \/>\n\t<meta property=\"og:image:height\" content=\"148\" \/>\n\t<meta property=\"og:image:type\" content=\"image\/png\" \/>\n<meta name=\"twitter:card\" content=\"summary_large_image\" \/>\n<meta name=\"twitter:label1\" content=\"Tempo di lettura stimato\" \/>\n\t<meta name=\"twitter:data1\" content=\"7 minuti\" \/>\n<script type=\"application\/ld+json\" class=\"yoast-schema-graph\">{\"@context\":\"https:\/\/schema.org\",\"@graph\":[{\"@type\":\"WebPage\",\"@id\":\"https:\/\/thirdstage.eu\/it\/termini-e-condizioni-generali\/\",\"url\":\"https:\/\/thirdstage.eu\/it\/termini-e-condizioni-generali\/\",\"name\":\"Termini e condizioni generali - Third Stage.eu\",\"isPartOf\":{\"@id\":\"https:\/\/thirdstage.eu\/it\/#website\"},\"datePublished\":\"2020-02-01T22:02:02+00:00\",\"dateModified\":\"2024-04-07T08:32:19+00:00\",\"inLanguage\":\"it-IT\",\"potentialAction\":[{\"@type\":\"ReadAction\",\"target\":[\"https:\/\/thirdstage.eu\/it\/termini-e-condizioni-generali\/\"]}]},{\"@type\":\"WebSite\",\"@id\":\"https:\/\/thirdstage.eu\/it\/#website\",\"url\":\"https:\/\/thirdstage.eu\/it\/\",\"name\":\"thirdstage.eu\",\"description\":\"Third Stage - Theatre. Online. Anywhere\",\"publisher\":{\"@id\":\"https:\/\/thirdstage.eu\/it\/#organization\"},\"alternateName\":\"ThirdStage\",\"potentialAction\":[{\"@type\":\"SearchAction\",\"target\":{\"@type\":\"EntryPoint\",\"urlTemplate\":\"https:\/\/thirdstage.eu\/it\/?s={search_term_string}\"},\"query-input\":{\"@type\":\"PropertyValueSpecification\",\"valueRequired\":true,\"valueName\":\"search_term_string\"}}],\"inLanguage\":\"it-IT\"},{\"@type\":\"Organization\",\"@id\":\"https:\/\/thirdstage.eu\/it\/#organization\",\"name\":\"thirdstage.eu\",\"url\":\"https:\/\/thirdstage.eu\/it\/\",\"logo\":{\"@type\":\"ImageObject\",\"inLanguage\":\"it-IT\",\"@id\":\"https:\/\/thirdstage.eu\/it\/#\/schema\/logo\/image\/\",\"url\":\"https:\/\/thirdstage.eu\/wp-content\/uploads\/2023\/11\/2020_3o_footer_logo_eng.png\",\"contentUrl\":\"https:\/\/thirdstage.eu\/wp-content\/uploads\/2023\/11\/2020_3o_footer_logo_eng.png\",\"width\":692,\"height\":148,\"caption\":\"thirdstage.eu\"},\"image\":{\"@id\":\"https:\/\/thirdstage.eu\/it\/#\/schema\/logo\/image\/\"},\"sameAs\":[\"https:\/\/thirdstage.eu\",\"https:\/\/www.instagram.com\/thirdstage.eu\/\"]}]}<\/script>\n<!-- \/ Yoast SEO plugin. -->","yoast_head_json":{"title":"Termini e condizioni generali - Third Stage.eu","robots":{"index":"index","follow":"follow","max-snippet":"max-snippet:-1","max-image-preview":"max-image-preview:large","max-video-preview":"max-video-preview:-1"},"canonical":"https:\/\/thirdstage.eu\/it\/termini-e-condizioni-generali\/","og_locale":"it_IT","og_type":"article","og_title":"Termini e condizioni generali - Third Stage.eu","og_description":"&nbsp; &nbsp; Protezione dei dati personali Periskop d.o.o. (di seguito denominata &#8220;Titolare&#8221;) rispetta la privacy di tutti coloro che visitano i nostri siti web (di seguito denominati &#8220;Utente&#8221;). L&#8217;acquisizione, l&#8217;elaborazione e l&#8217;utilizzo dei dati vengono effettuati in conformit\u00e0 con la legislazione slovena applicabile (legge sulla protezione dei dati personali: ZVOP-1) e dell&#8217;UE in materia di &hellip; Continued","og_url":"https:\/\/thirdstage.eu\/it\/termini-e-condizioni-generali\/","og_site_name":"Third Stage.eu","article_publisher":"https:\/\/thirdstage.eu","article_modified_time":"2024-04-07T08:32:19+00:00","og_image":[{"width":692,"height":148,"url":"https:\/\/thirdstage.eu\/wp-content\/uploads\/2023\/11\/2020_3o_footer_logo_eng.png","type":"image\/png"}],"twitter_card":"summary_large_image","twitter_misc":{"Tempo di lettura stimato":"7 minuti"},"schema":{"@context":"https:\/\/schema.org","@graph":[{"@type":"WebPage","@id":"https:\/\/thirdstage.eu\/it\/termini-e-condizioni-generali\/","url":"https:\/\/thirdstage.eu\/it\/termini-e-condizioni-generali\/","name":"Termini e condizioni generali - Third Stage.eu","isPartOf":{"@id":"https:\/\/thirdstage.eu\/it\/#website"},"datePublished":"2020-02-01T22:02:02+00:00","dateModified":"2024-04-07T08:32:19+00:00","inLanguage":"it-IT","potentialAction":[{"@type":"ReadAction","target":["https:\/\/thirdstage.eu\/it\/termini-e-condizioni-generali\/"]}]},{"@type":"WebSite","@id":"https:\/\/thirdstage.eu\/it\/#website","url":"https:\/\/thirdstage.eu\/it\/","name":"thirdstage.eu","description":"Third Stage - Theatre. Online. Anywhere","publisher":{"@id":"https:\/\/thirdstage.eu\/it\/#organization"},"alternateName":"ThirdStage","potentialAction":[{"@type":"SearchAction","target":{"@type":"EntryPoint","urlTemplate":"https:\/\/thirdstage.eu\/it\/?s={search_term_string}"},"query-input":{"@type":"PropertyValueSpecification","valueRequired":true,"valueName":"search_term_string"}}],"inLanguage":"it-IT"},{"@type":"Organization","@id":"https:\/\/thirdstage.eu\/it\/#organization","name":"thirdstage.eu","url":"https:\/\/thirdstage.eu\/it\/","logo":{"@type":"ImageObject","inLanguage":"it-IT","@id":"https:\/\/thirdstage.eu\/it\/#\/schema\/logo\/image\/","url":"https:\/\/thirdstage.eu\/wp-content\/uploads\/2023\/11\/2020_3o_footer_logo_eng.png","contentUrl":"https:\/\/thirdstage.eu\/wp-content\/uploads\/2023\/11\/2020_3o_footer_logo_eng.png","width":692,"height":148,"caption":"thirdstage.eu"},"image":{"@id":"https:\/\/thirdstage.eu\/it\/#\/schema\/logo\/image\/"},"sameAs":["https:\/\/thirdstage.eu","https:\/\/www.instagram.com\/thirdstage.eu\/"]}]}},"_links":{"self":[{"href":"https:\/\/thirdstage.eu\/it\/wp-json\/wp\/v2\/pages\/96719"}],"collection":[{"href":"https:\/\/thirdstage.eu\/it\/wp-json\/wp\/v2\/pages"}],"about":[{"href":"https:\/\/thirdstage.eu\/it\/wp-json\/wp\/v2\/types\/page"}],"author":[{"embeddable":true,"href":"https:\/\/thirdstage.eu\/it\/wp-json\/wp\/v2\/users\/71"}],"replies":[{"embeddable":true,"href":"https:\/\/thirdstage.eu\/it\/wp-json\/wp\/v2\/comments?post=96719"}],"version-history":[{"count":4,"href":"https:\/\/thirdstage.eu\/it\/wp-json\/wp\/v2\/pages\/96719\/revisions"}],"predecessor-version":[{"id":100243,"href":"https:\/\/thirdstage.eu\/it\/wp-json\/wp\/v2\/pages\/96719\/revisions\/100243"}],"wp:attachment":[{"href":"https:\/\/thirdstage.eu\/it\/wp-json\/wp\/v2\/media?parent=96719"}],"curies":[{"name":"wp","href":"https:\/\/api.w.org\/{rel}","templated":true}]}}