{"id":96730,"date":"2021-01-08T13:11:11","date_gmt":"2021-01-08T12:11:11","guid":{"rendered":"https:\/\/thirdstage.eu\/domande-frequenti\/"},"modified":"2024-04-21T21:45:42","modified_gmt":"2024-04-21T19:45:42","slug":"domande-frequenti","status":"publish","type":"page","link":"https:\/\/thirdstage.eu\/it\/domande-frequenti\/","title":{"rendered":"Domande frequenti"},"content":{"rendered":"<h1>Domande frequenti<\/h1>\n<p>&nbsp;<\/p>\n<h3><b>Che cos&#8217;\u00e8 il sito web di Third Stage e cosa posso trovarci?<\/b><\/h3>\n<p><span style=\"font-weight: 400;\">Sul sito web <\/span><i><br \/>\n  <span style=\"font-weight: 400;\">Terzo Palcoscenico<\/span><br \/>\n<\/i><span style=\"font-weight: 400;\"> presenta spettacoli di teatri europei, <\/span><span style=\"font-weight: 400;\">puoi guardarli comodamente dal divano di casa tua o da una postazione remota, quando vuoi.<\/span><\/p>\n<p><span style=\"font-weight: 400;\"><i>Third Stage <\/i>non immagina che il teatro come fenomeno sia sostituibile dal live streaming! Non alleva un nuovo, pigro spettatore da casa.<\/span><\/p>\n<p><span style=\"font-weight: 400;\">L&#8217;esperienza teatrale tra i creatori e il pubblico \u00e8 insostituibile e <i>il Terzo Palcoscenico<\/i><\/span><span style=\"font-weight: 400;\"> incoraggia attivamente la presenza personale a teatro.<\/span><\/p>\n<p>&nbsp;<\/p>\n<h3><b>Quando posso vedere gli spettacoli?  <\/b><\/h3>\n<p><span style=\"font-weight: 400;\">Durante la settimana del 22. 4. fino a 28 anni. 4. Tutte le trasmissioni sono disponibili per la visione VOD (video on demand). <strong>Non ci sono<\/strong> spettacoli dal vivo. Gli spettacoli sono disponibili per essere guardati tutte le volte che lo desideri.  <\/span><\/p>\n<p><span style=\"font-weight: 400;\"> <\/span><\/p>\n<h3><b>Dove posso assistere allo spettacolo teatrale dal vivo per il quale ho acquistato un biglietto?<\/b><\/h3>\n<p><span style=\"font-weight: 400;\">\u00c8 possibile guardare lo spettacolo su qualsiasi dispositivo in grado di accedere al sito web <\/span><a href=\"https:\/\/thirdstage.eu\/it\/\"><br \/>\n  <span style=\"font-weight: 400;\">thirdstage.eu<\/span><br \/>\n<\/a><span style=\"font-weight: 400;\">. Naturalmente, puoi anche guardare lo spettacolo sulla tua smart TV.<\/span><\/p>\n<p><span style=\"font-weight: 400;\">Se hai un computer pi\u00f9 vecchio, \u00e8 possibile che l&#8217;interfaccia di riproduzione video non funzioni, quindi sentiti libero di provare un altro browser, su un altro computer, se possibile.<\/span><span style=\"font-weight: 400;\"> <\/span><\/p>\n<p>&nbsp;<\/p>\n<h3><b>Da quale dispositivo posso guardare lo spettacolo?<\/b><\/h3>\n<p><span style=\"font-weight: 400;\">Ci sono diverse opzioni: visualizzazione su smart TV, laptop, tablet, smartphone.  <\/span><\/p>\n<p><span style=\"font-weight: 400;\">Se non disponi di una smart TV, puoi collegare il tuo computer\/telefono alla TV utilizzando un cavo HDMI.<\/span><b> <\/b><\/p>\n<p>&nbsp;<\/p>\n<h3><b>Come posso collegare il mio computer alla TV?<\/b><\/h3>\n<p><span style=\"font-weight: 400;\">Esistono due modi per collegare il sintonizzatore TV al computer:<\/span><\/p>\n<p><span style=\"font-weight: 400;\">&#8211;<\/span> <span style=\"font-weight: 400;\"><strong>via cavo<\/strong> &#8211; tramite cavo HDMI<\/span><\/p>\n<p><span style=\"font-weight: 400;\">HDMI trasporta un segnale video ad alta definizione e fornisce anche l&#8217;audio. Per un&#8217;esperienza pi\u00f9 semplice, cerca un televisore e un PC pi\u00f9 recenti che utilizzino questa interfaccia.<\/span><\/p>\n<p><span style=\"font-weight: 400;\">&#8211;<\/span> <span style=\"font-weight: 400;\"><strong>in modalit\u00e0 wireless<\/strong> &#8211; tramite dispositivi moderni come AppleTV, Chromecast, Amazon Fire TV stick (contengono tutte le procedure guidate per collegare facilmente il dispositivo al televisore, a condizione che il computer lo supporti).<\/span><\/p>\n<p>&nbsp;<\/p>\n<h3><b>Sono necessarie impostazioni aggiuntive?<\/b><\/h3>\n<p><span style=\"font-weight: 400;\">Non sono necessarie impostazioni aggiuntive.<\/span><b> <\/b><\/p>\n<p>&nbsp;<\/p>\n<h3><b>\u00c8 necessario registrarsi prima di acquistare un biglietto?<\/b><\/h3>\n<p><span style=\"font-weight: 400;\">\u00c8 possibile registrarsi prima o al momento dell&#8217;acquisto del biglietto. La registrazione \u00e8 essenziale, poich\u00e9 la performance pu\u00f2 essere visualizzata solo con un account utente. Solo in questo modo possiamo limitare gli spettacoli ai possessori del biglietto e creare cos\u00ec un sistema equo per i teatri partner.<\/span><\/p>\n<p>&nbsp;<\/p>\n<h3><b>Ho un biglietto, ma non riesco a trovare un link allo spettacolo?<\/b><\/h3>\n<p><span style=\"font-weight: 400;\">\u00c8 possibile trovare un collegamento alle prestazioni nella <\/span> scheda <b>Visualizza prestazioni<\/b><span style=\"font-weight: 400;\">. Fare clic sul pulsante Visualizza per visualizzare. Se sei il destinatario di un biglietto regalo, devi prima riscattarlo.<\/span><\/p>\n<p><span style=\"font-weight: 400;\"> <\/span><\/p>\n<h3><b>Ho riscontrato problemi durante la riproduzione del video.<\/b><\/h3>\n<p><span style=\"font-weight: 400;\">In caso di problemi con la riproduzione video, ti consigliamo di scegliere un altro browser, se possibile, selezionare un altro dispositivo, controllare la connessione Internet, regolare il volume del tuo dispositivo. Se nessuna delle soluzioni precedenti funziona, contattaci (info@thirdstage.eu) o chiamaci (071 447 645).  <\/span><\/p>\n<p>&nbsp;<\/p>\n<h3><b>Lo spettacolo si \u00e8 fermato sul mio dispositivo, cosa posso fare?<\/b><\/h3>\n<p><span style=\"font-weight: 400;\">Aggiorna la pagina o prova ad aprirla con un altro browser.<\/span><\/p>\n<p><span style=\"font-weight: 400;\"> <\/span><\/p>\n<h3><b>Ho effettuato l&#8217;accesso al sistema con il mio nome utente ma viene visualizzato che gli spettacoli non sono disponibili?<\/b><\/h3>\n<p><span style=\"font-weight: 400;\">Assicurati di aver utilizzato lo stesso nome utente utilizzato al momento della registrazione.<\/span><\/p>\n<p><span style=\"font-weight: 400;\">Se hai un biglietto regalo, assicurati di averlo gi\u00e0 riscattato correttamente. Le istruzioni sono disponibili <a href=\"https:\/\/thirdstage.eu\/it\/guida\/#darline\">qui<\/a>.<\/span><\/p>\n","protected":false},"excerpt":{"rendered":"<p>Domande frequenti &nbsp; Che cos&#8217;\u00e8 il sito web di Third Stage e cosa posso trovarci? Sul sito web Terzo Palcoscenico presenta spettacoli di teatri europei, puoi guardarli comodamente dal divano di casa tua o da una postazione remota, quando vuoi. Third Stage non immagina che il teatro come fenomeno sia sostituibile dal live streaming! Non &hellip; <a href=\"https:\/\/thirdstage.eu\/it\/domande-frequenti\/\">Continued<\/a><\/p>\n","protected":false},"author":419,"featured_media":0,"parent":0,"menu_order":0,"comment_status":"closed","ping_status":"closed","template":"","meta":{"_acf_changed":false,"inline_featured_image":false,"footnotes":""},"acf":[],"yoast_head":"<!-- This site is optimized with the Yoast SEO plugin v24.5 - https:\/\/yoast.com\/wordpress\/plugins\/seo\/ -->\n<title>Domande frequenti - Third Stage.eu<\/title>\n<meta name=\"description\" content=\"Scoprite tutto quello che c&#039;\u00e8 da sapere sulla visione del teatro su thirdstage.eu. Vedere le FAQ.\" \/>\n<meta name=\"robots\" content=\"index, follow, max-snippet:-1, max-image-preview:large, max-video-preview:-1\" \/>\n<link rel=\"canonical\" href=\"https:\/\/thirdstage.eu\/it\/domande-frequenti\/\" \/>\n<meta property=\"og:locale\" content=\"it_IT\" \/>\n<meta property=\"og:type\" content=\"article\" \/>\n<meta property=\"og:title\" content=\"Domande frequenti - Third Stage.eu\" \/>\n<meta property=\"og:description\" content=\"Scoprite tutto quello che c&#039;\u00e8 da sapere sulla visione del teatro su thirdstage.eu. Vedere le FAQ.\" \/>\n<meta property=\"og:url\" content=\"https:\/\/thirdstage.eu\/it\/domande-frequenti\/\" \/>\n<meta property=\"og:site_name\" content=\"Third Stage.eu\" \/>\n<meta property=\"article:publisher\" content=\"https:\/\/thirdstage.eu\" \/>\n<meta property=\"article:modified_time\" content=\"2024-04-21T19:45:42+00:00\" \/>\n<meta property=\"og:image\" content=\"https:\/\/thirdstage.eu\/wp-content\/uploads\/2023\/11\/2020_3o_footer_logo_eng.png\" \/>\n\t<meta property=\"og:image:width\" content=\"692\" \/>\n\t<meta property=\"og:image:height\" content=\"148\" \/>\n\t<meta property=\"og:image:type\" content=\"image\/png\" \/>\n<meta name=\"twitter:card\" content=\"summary_large_image\" \/>\n<meta name=\"twitter:label1\" content=\"Tempo di lettura stimato\" \/>\n\t<meta name=\"twitter:data1\" content=\"3 minuti\" \/>\n<script type=\"application\/ld+json\" class=\"yoast-schema-graph\">{\"@context\":\"https:\/\/schema.org\",\"@graph\":[{\"@type\":\"WebPage\",\"@id\":\"https:\/\/thirdstage.eu\/it\/domande-frequenti\/\",\"url\":\"https:\/\/thirdstage.eu\/it\/domande-frequenti\/\",\"name\":\"Domande frequenti - Third Stage.eu\",\"isPartOf\":{\"@id\":\"https:\/\/thirdstage.eu\/it\/#website\"},\"datePublished\":\"2021-01-08T12:11:11+00:00\",\"dateModified\":\"2024-04-21T19:45:42+00:00\",\"description\":\"Scoprite tutto quello che c'\u00e8 da sapere sulla visione del teatro su thirdstage.eu. Vedere le FAQ.\",\"inLanguage\":\"it-IT\",\"potentialAction\":[{\"@type\":\"ReadAction\",\"target\":[\"https:\/\/thirdstage.eu\/it\/domande-frequenti\/\"]}]},{\"@type\":\"WebSite\",\"@id\":\"https:\/\/thirdstage.eu\/it\/#website\",\"url\":\"https:\/\/thirdstage.eu\/it\/\",\"name\":\"thirdstage.eu\",\"description\":\"Third Stage - Theatre. Online. Anywhere\",\"publisher\":{\"@id\":\"https:\/\/thirdstage.eu\/it\/#organization\"},\"alternateName\":\"ThirdStage\",\"potentialAction\":[{\"@type\":\"SearchAction\",\"target\":{\"@type\":\"EntryPoint\",\"urlTemplate\":\"https:\/\/thirdstage.eu\/it\/?s={search_term_string}\"},\"query-input\":{\"@type\":\"PropertyValueSpecification\",\"valueRequired\":true,\"valueName\":\"search_term_string\"}}],\"inLanguage\":\"it-IT\"},{\"@type\":\"Organization\",\"@id\":\"https:\/\/thirdstage.eu\/it\/#organization\",\"name\":\"thirdstage.eu\",\"url\":\"https:\/\/thirdstage.eu\/it\/\",\"logo\":{\"@type\":\"ImageObject\",\"inLanguage\":\"it-IT\",\"@id\":\"https:\/\/thirdstage.eu\/it\/#\/schema\/logo\/image\/\",\"url\":\"https:\/\/thirdstage.eu\/wp-content\/uploads\/2023\/11\/2020_3o_footer_logo_eng.png\",\"contentUrl\":\"https:\/\/thirdstage.eu\/wp-content\/uploads\/2023\/11\/2020_3o_footer_logo_eng.png\",\"width\":692,\"height\":148,\"caption\":\"thirdstage.eu\"},\"image\":{\"@id\":\"https:\/\/thirdstage.eu\/it\/#\/schema\/logo\/image\/\"},\"sameAs\":[\"https:\/\/thirdstage.eu\",\"https:\/\/www.instagram.com\/thirdstage.eu\/\"]}]}<\/script>\n<!-- \/ Yoast SEO plugin. -->","yoast_head_json":{"title":"Domande frequenti - Third Stage.eu","description":"Scoprite tutto quello che c'\u00e8 da sapere sulla visione del teatro su thirdstage.eu. Vedere le FAQ.","robots":{"index":"index","follow":"follow","max-snippet":"max-snippet:-1","max-image-preview":"max-image-preview:large","max-video-preview":"max-video-preview:-1"},"canonical":"https:\/\/thirdstage.eu\/it\/domande-frequenti\/","og_locale":"it_IT","og_type":"article","og_title":"Domande frequenti - Third Stage.eu","og_description":"Scoprite tutto quello che c'\u00e8 da sapere sulla visione del teatro su thirdstage.eu. Vedere le FAQ.","og_url":"https:\/\/thirdstage.eu\/it\/domande-frequenti\/","og_site_name":"Third Stage.eu","article_publisher":"https:\/\/thirdstage.eu","article_modified_time":"2024-04-21T19:45:42+00:00","og_image":[{"width":692,"height":148,"url":"https:\/\/thirdstage.eu\/wp-content\/uploads\/2023\/11\/2020_3o_footer_logo_eng.png","type":"image\/png"}],"twitter_card":"summary_large_image","twitter_misc":{"Tempo di lettura stimato":"3 minuti"},"schema":{"@context":"https:\/\/schema.org","@graph":[{"@type":"WebPage","@id":"https:\/\/thirdstage.eu\/it\/domande-frequenti\/","url":"https:\/\/thirdstage.eu\/it\/domande-frequenti\/","name":"Domande frequenti - Third Stage.eu","isPartOf":{"@id":"https:\/\/thirdstage.eu\/it\/#website"},"datePublished":"2021-01-08T12:11:11+00:00","dateModified":"2024-04-21T19:45:42+00:00","description":"Scoprite tutto quello che c'\u00e8 da sapere sulla visione del teatro su thirdstage.eu. Vedere le FAQ.","inLanguage":"it-IT","potentialAction":[{"@type":"ReadAction","target":["https:\/\/thirdstage.eu\/it\/domande-frequenti\/"]}]},{"@type":"WebSite","@id":"https:\/\/thirdstage.eu\/it\/#website","url":"https:\/\/thirdstage.eu\/it\/","name":"thirdstage.eu","description":"Third Stage - Theatre. Online. Anywhere","publisher":{"@id":"https:\/\/thirdstage.eu\/it\/#organization"},"alternateName":"ThirdStage","potentialAction":[{"@type":"SearchAction","target":{"@type":"EntryPoint","urlTemplate":"https:\/\/thirdstage.eu\/it\/?s={search_term_string}"},"query-input":{"@type":"PropertyValueSpecification","valueRequired":true,"valueName":"search_term_string"}}],"inLanguage":"it-IT"},{"@type":"Organization","@id":"https:\/\/thirdstage.eu\/it\/#organization","name":"thirdstage.eu","url":"https:\/\/thirdstage.eu\/it\/","logo":{"@type":"ImageObject","inLanguage":"it-IT","@id":"https:\/\/thirdstage.eu\/it\/#\/schema\/logo\/image\/","url":"https:\/\/thirdstage.eu\/wp-content\/uploads\/2023\/11\/2020_3o_footer_logo_eng.png","contentUrl":"https:\/\/thirdstage.eu\/wp-content\/uploads\/2023\/11\/2020_3o_footer_logo_eng.png","width":692,"height":148,"caption":"thirdstage.eu"},"image":{"@id":"https:\/\/thirdstage.eu\/it\/#\/schema\/logo\/image\/"},"sameAs":["https:\/\/thirdstage.eu","https:\/\/www.instagram.com\/thirdstage.eu\/"]}]}},"_links":{"self":[{"href":"https:\/\/thirdstage.eu\/it\/wp-json\/wp\/v2\/pages\/96730"}],"collection":[{"href":"https:\/\/thirdstage.eu\/it\/wp-json\/wp\/v2\/pages"}],"about":[{"href":"https:\/\/thirdstage.eu\/it\/wp-json\/wp\/v2\/types\/page"}],"author":[{"embeddable":true,"href":"https:\/\/thirdstage.eu\/it\/wp-json\/wp\/v2\/users\/419"}],"replies":[{"embeddable":true,"href":"https:\/\/thirdstage.eu\/it\/wp-json\/wp\/v2\/comments?post=96730"}],"version-history":[{"count":2,"href":"https:\/\/thirdstage.eu\/it\/wp-json\/wp\/v2\/pages\/96730\/revisions"}],"predecessor-version":[{"id":104757,"href":"https:\/\/thirdstage.eu\/it\/wp-json\/wp\/v2\/pages\/96730\/revisions\/104757"}],"wp:attachment":[{"href":"https:\/\/thirdstage.eu\/it\/wp-json\/wp\/v2\/media?parent=96730"}],"curies":[{"name":"wp","href":"https:\/\/api.w.org\/{rel}","templated":true}]}}